{"id":1501,"date":"2023-09-22T13:47:03","date_gmt":"2023-09-22T11:47:03","guid":{"rendered":"https:\/\/baxie.ch\/a-propos-de-baxie\/"},"modified":"2024-06-20T20:57:25","modified_gmt":"2024-06-20T18:57:25","slug":"a-propos-de-baxie","status":"publish","type":"page","link":"https:\/\/baxie.ch\/fr\/a-propos-de-baxie\/","title":{"rendered":"\u00c0 propos de BAXIE"},"content":{"rendered":"\n<h3 class=\"wp-block-heading has-text-align-center mb-spacing-20\">BAXIE &#8211; parce que la vraie beaut\u00e9 est dans le partage.<\/h3>\n\n<div style=\"height:60px\" aria-hidden=\"true\" class=\"wp-block-spacer\"><\/div>\n\n<div class=\"wp-block-media-text is-stacked-on-mobile\" style=\"grid-template-columns:36% auto\"><figure class=\"wp-block-media-text__media\"><img loading=\"lazy\" decoding=\"async\" width=\"596\" height=\"1024\" src=\"https:\/\/baxie.ch\/wp-content\/uploads\/2024\/06\/About-Baxie-596x1024.png\" alt=\"\" class=\"wp-image-2104 size-full\" srcset=\"https:\/\/baxie.ch\/wp-content\/uploads\/2024\/06\/About-Baxie-596x1024.png 596w, https:\/\/baxie.ch\/wp-content\/uploads\/2024\/06\/About-Baxie-174x300.png 174w, https:\/\/baxie.ch\/wp-content\/uploads\/2024\/06\/About-Baxie-768x1320.png 768w, https:\/\/baxie.ch\/wp-content\/uploads\/2024\/06\/About-Baxie-893x1536.png 893w, https:\/\/baxie.ch\/wp-content\/uploads\/2024\/06\/About-Baxie-1191x2048.png 1191w, https:\/\/baxie.ch\/wp-content\/uploads\/2024\/06\/About-Baxie-600x1032.png 600w, https:\/\/baxie.ch\/wp-content\/uploads\/2024\/06\/About-Baxie.png 1592w\" sizes=\"auto, (max-width: 596px) 100vw, 596px\" \/><\/figure><div class=\"wp-block-media-text__content\">\n<p><\/p>\n\n\n\n<p>Bienvenue chez Baxie,<\/p>\n\n\n\n<p>la destination exclusive des passionn\u00e9s de mode et des amateurs de It-bags !<\/p>\n\n\n\n<p class=\"has-text-align-left\">Ici, le sac et la b\u00eate s&#8217;associent pour une aventure stylistique unique, dans laquelle votre sac n&#8217;est pas seulement un accessoire, mais votre meilleur ami. Chez Baxie, nous croyons \u00e0 la magie de la relation BagxBestie et au partage de votre style unique. Notre devise est SharexStyle &#8211; un appel \u00e0 consid\u00e9rer les sacs comme une histoire vivante et \u00e0 les partager avec les autres.<\/p>\n\n\n\n<p>Nous proposons un luxe durable qui vous permet de rester \u00e0 la pointe de la tendance sans trop peser sur votre porte-monnaie.<\/p>\n\n\n\n<p class=\"has-text-align-left\">De Bottega \u00e0 YSL, vous les trouverez tous chez Baxie. Notre gamme incarne l&#8217;amour de vous-m\u00eame et de votre style unique. L&#8217;histoire de Baxie, c&#8217;est le choix de se renouveler sans cesse et de suivre les tendances, sans pour autant renoncer au luxe durable. Nous appliquons la devise &#8220;Sharing is Caring&#8221;, car nous pensons que la vraie beaut\u00e9 r\u00e9side dans le partage.<\/p>\n\n\n\n<p class=\"has-text-align-left\">Aimez-vous et votre style avec Baxie &#8211; o\u00f9 la mode, les It-bags et votre personnalit\u00e9 se fondent en une histoire inoubliable.<\/p>\n<\/div><\/div>\n\n<p><\/p>\n\n<p><\/p>\n\n<p class=\"has-text-align-left\"><\/p>\n\n<div style=\"height:40px\" aria-hidden=\"true\" class=\"wp-block-spacer\"><\/div>\n\n<div class=\"wp-block-columns is-layout-flex wp-container-core-columns-is-layout-9d6595d7 wp-block-columns-is-layout-flex\">\n<div class=\"wp-block-column is-vertically-aligned-center flex justify-center items-center mt-spacing-20 is-layout-flow wp-block-column-is-layout-flow\">\n<figure class=\"wp-block-image size-full text-center\"><img decoding=\"async\" src=\"https:\/\/baxie.ch\/wp-content\/uploads\/2023\/09\/baxie-logo.svg\" alt=\"\" class=\"wp-image-214\" style=\"object-fit:cover\"\/><\/figure>\n<\/div>\n<\/div>\n","protected":false},"excerpt":{"rendered":"<p>BAXIE &#8211; parce que la vraie beaut\u00e9 est dans le partage. Bienvenue chez Baxie, la destination exclusive des passionn\u00e9s de mode et des amateurs de It-bags ! Ici, le sac et la b\u00eate s&#8217;associent pour une aventure stylistique unique, dans laquelle votre sac n&#8217;est pas seulement un accessoire, mais votre meilleur ami. Chez Baxie, nous<a href=\"https:\/\/baxie.ch\/fr\/a-propos-de-baxie\/\">Continuer \u00e0 lire <span class=\"sr-only\">&#8220;\u00c0 propos de BAXIE&#8221;<\/span><\/a><\/p>\n","protected":false},"author":1,"featured_media":0,"parent":0,"menu_order":0,"comment_status":"closed","ping_status":"closed","template":"","meta":{"_acf_changed":false,"footnotes":""},"folder":[],"class_list":["post-1501","page","type-page","status-publish","hentry"],"acf":[],"yoast_head":"<!-- This site is optimized with the Yoast SEO plugin v27.5 - https:\/\/yoast.com\/product\/yoast-seo-wordpress\/ -->\n<title>\u00c0 propos de BAXIE - BAXIE<\/title>\n<meta name=\"description\" content=\"BAXIE - parce que la vraie beaut\u00e9 est dans le partage. Bienvenue chez Baxie, la destination exclusive des passionn\u00e9s de mode et des amateurs de It-bags !\" \/>\n<meta name=\"robots\" content=\"index, follow, max-snippet:-1, max-image-preview:large, max-video-preview:-1\" \/>\n<link rel=\"canonical\" href=\"https:\/\/baxie.ch\/fr\/a-propos-de-baxie\/\" \/>\n<meta property=\"og:locale\" content=\"fr_FR\" \/>\n<meta property=\"og:type\" content=\"article\" \/>\n<meta property=\"og:title\" content=\"\u00c0 propos de BAXIE - BAXIE\" \/>\n<meta property=\"og:description\" content=\"BAXIE - parce que la vraie beaut\u00e9 est dans le partage. Bienvenue chez Baxie, la destination exclusive des passionn\u00e9s de mode et des amateurs de It-bags !\" \/>\n<meta property=\"og:url\" content=\"https:\/\/baxie.ch\/fr\/a-propos-de-baxie\/\" \/>\n<meta property=\"og:site_name\" content=\"BAXIE\" \/>\n<meta property=\"article:modified_time\" content=\"2024-06-20T18:57:25+00:00\" \/>\n<meta property=\"og:image\" content=\"https:\/\/baxie.ch\/wp-content\/uploads\/2024\/06\/About-Baxie-596x1024.png\" \/>\n<meta name=\"twitter:card\" content=\"summary_large_image\" \/>\n<meta name=\"twitter:site\" content=\"@baxie_ch\" \/>\n<meta name=\"twitter:label1\" content=\"Dur\u00e9e de lecture estim\u00e9e\" \/>\n\t<meta name=\"twitter:data1\" content=\"1 minute\" \/>\n<script type=\"application\/ld+json\" class=\"yoast-schema-graph\">{\"@context\":\"https:\\\/\\\/schema.org\",\"@graph\":[{\"@type\":\"WebPage\",\"@id\":\"https:\\\/\\\/baxie.ch\\\/fr\\\/a-propos-de-baxie\\\/\",\"url\":\"https:\\\/\\\/baxie.ch\\\/fr\\\/a-propos-de-baxie\\\/\",\"name\":\"\u00c0 propos de BAXIE - BAXIE\",\"isPartOf\":{\"@id\":\"https:\\\/\\\/baxie.ch\\\/fr\\\/#website\"},\"primaryImageOfPage\":{\"@id\":\"https:\\\/\\\/baxie.ch\\\/fr\\\/a-propos-de-baxie\\\/#primaryimage\"},\"image\":{\"@id\":\"https:\\\/\\\/baxie.ch\\\/fr\\\/a-propos-de-baxie\\\/#primaryimage\"},\"thumbnailUrl\":\"https:\\\/\\\/baxie.ch\\\/wp-content\\\/uploads\\\/2024\\\/06\\\/About-Baxie-596x1024.png\",\"datePublished\":\"2023-09-22T11:47:03+00:00\",\"dateModified\":\"2024-06-20T18:57:25+00:00\",\"description\":\"BAXIE - parce que la vraie beaut\u00e9 est dans le partage. Bienvenue chez Baxie, la destination exclusive des passionn\u00e9s de mode et des amateurs de It-bags !\",\"breadcrumb\":{\"@id\":\"https:\\\/\\\/baxie.ch\\\/fr\\\/a-propos-de-baxie\\\/#breadcrumb\"},\"inLanguage\":\"fr-FR\",\"potentialAction\":[{\"@type\":\"ReadAction\",\"target\":[\"https:\\\/\\\/baxie.ch\\\/fr\\\/a-propos-de-baxie\\\/\"]}]},{\"@type\":\"ImageObject\",\"inLanguage\":\"fr-FR\",\"@id\":\"https:\\\/\\\/baxie.ch\\\/fr\\\/a-propos-de-baxie\\\/#primaryimage\",\"url\":\"https:\\\/\\\/baxie.ch\\\/wp-content\\\/uploads\\\/2024\\\/06\\\/About-Baxie-596x1024.png\",\"contentUrl\":\"https:\\\/\\\/baxie.ch\\\/wp-content\\\/uploads\\\/2024\\\/06\\\/About-Baxie-596x1024.png\"},{\"@type\":\"BreadcrumbList\",\"@id\":\"https:\\\/\\\/baxie.ch\\\/fr\\\/a-propos-de-baxie\\\/#breadcrumb\",\"itemListElement\":[{\"@type\":\"ListItem\",\"position\":1,\"name\":\"baxie.ch\",\"item\":\"https:\\\/\\\/baxie.ch\\\/fr\\\/\"},{\"@type\":\"ListItem\",\"position\":2,\"name\":\"\u00c0 propos de BAXIE\"}]},{\"@type\":\"WebSite\",\"@id\":\"https:\\\/\\\/baxie.ch\\\/fr\\\/#website\",\"url\":\"https:\\\/\\\/baxie.ch\\\/fr\\\/\",\"name\":\"BAXIE\",\"description\":\"Bei uns gilt das Motto \u201cSharing is Caring\u201d, denn wir glauben, dass wahre Sch\u00f6nheit im Teilen liegt.\",\"publisher\":{\"@id\":\"https:\\\/\\\/baxie.ch\\\/fr\\\/#organization\"},\"alternateName\":\"BAXIE\",\"potentialAction\":[{\"@type\":\"SearchAction\",\"target\":{\"@type\":\"EntryPoint\",\"urlTemplate\":\"https:\\\/\\\/baxie.ch\\\/fr\\\/?s={search_term_string}\"},\"query-input\":{\"@type\":\"PropertyValueSpecification\",\"valueRequired\":true,\"valueName\":\"search_term_string\"}}],\"inLanguage\":\"fr-FR\"},{\"@type\":\"Organization\",\"@id\":\"https:\\\/\\\/baxie.ch\\\/fr\\\/#organization\",\"name\":\"BAXIE GmbH\",\"alternateName\":\"BAXIE\",\"url\":\"https:\\\/\\\/baxie.ch\\\/fr\\\/\",\"logo\":{\"@type\":\"ImageObject\",\"inLanguage\":\"fr-FR\",\"@id\":\"https:\\\/\\\/baxie.ch\\\/fr\\\/#\\\/schema\\\/logo\\\/image\\\/\",\"url\":\"https:\\\/\\\/baxie.ch\\\/wp-content\\\/uploads\\\/2024\\\/07\\\/Frame-1.png\",\"contentUrl\":\"https:\\\/\\\/baxie.ch\\\/wp-content\\\/uploads\\\/2024\\\/07\\\/Frame-1.png\",\"width\":2033,\"height\":1764,\"caption\":\"BAXIE GmbH\"},\"image\":{\"@id\":\"https:\\\/\\\/baxie.ch\\\/fr\\\/#\\\/schema\\\/logo\\\/image\\\/\"},\"sameAs\":[\"https:\\\/\\\/x.com\\\/baxie_ch\",\"https:\\\/\\\/www.tiktok.com\\\/@baxie_official\",\"https:\\\/\\\/www.instagram.com\\\/baxie_official\\\/?hl=de\"]}]}<\/script>\n<!-- \/ Yoast SEO plugin. -->","yoast_head_json":{"title":"\u00c0 propos de BAXIE - BAXIE","description":"BAXIE - parce que la vraie beaut\u00e9 est dans le partage. Bienvenue chez Baxie, la destination exclusive des passionn\u00e9s de mode et des amateurs de It-bags !","robots":{"index":"index","follow":"follow","max-snippet":"max-snippet:-1","max-image-preview":"max-image-preview:large","max-video-preview":"max-video-preview:-1"},"canonical":"https:\/\/baxie.ch\/fr\/a-propos-de-baxie\/","og_locale":"fr_FR","og_type":"article","og_title":"\u00c0 propos de BAXIE - BAXIE","og_description":"BAXIE - parce que la vraie beaut\u00e9 est dans le partage. Bienvenue chez Baxie, la destination exclusive des passionn\u00e9s de mode et des amateurs de It-bags !","og_url":"https:\/\/baxie.ch\/fr\/a-propos-de-baxie\/","og_site_name":"BAXIE","article_modified_time":"2024-06-20T18:57:25+00:00","og_image":[{"url":"https:\/\/baxie.ch\/wp-content\/uploads\/2024\/06\/About-Baxie-596x1024.png","type":"","width":"","height":""}],"twitter_card":"summary_large_image","twitter_site":"@baxie_ch","twitter_misc":{"Dur\u00e9e de lecture estim\u00e9e":"1 minute"},"schema":{"@context":"https:\/\/schema.org","@graph":[{"@type":"WebPage","@id":"https:\/\/baxie.ch\/fr\/a-propos-de-baxie\/","url":"https:\/\/baxie.ch\/fr\/a-propos-de-baxie\/","name":"\u00c0 propos de BAXIE - BAXIE","isPartOf":{"@id":"https:\/\/baxie.ch\/fr\/#website"},"primaryImageOfPage":{"@id":"https:\/\/baxie.ch\/fr\/a-propos-de-baxie\/#primaryimage"},"image":{"@id":"https:\/\/baxie.ch\/fr\/a-propos-de-baxie\/#primaryimage"},"thumbnailUrl":"https:\/\/baxie.ch\/wp-content\/uploads\/2024\/06\/About-Baxie-596x1024.png","datePublished":"2023-09-22T11:47:03+00:00","dateModified":"2024-06-20T18:57:25+00:00","description":"BAXIE - parce que la vraie beaut\u00e9 est dans le partage. Bienvenue chez Baxie, la destination exclusive des passionn\u00e9s de mode et des amateurs de It-bags !","breadcrumb":{"@id":"https:\/\/baxie.ch\/fr\/a-propos-de-baxie\/#breadcrumb"},"inLanguage":"fr-FR","potentialAction":[{"@type":"ReadAction","target":["https:\/\/baxie.ch\/fr\/a-propos-de-baxie\/"]}]},{"@type":"ImageObject","inLanguage":"fr-FR","@id":"https:\/\/baxie.ch\/fr\/a-propos-de-baxie\/#primaryimage","url":"https:\/\/baxie.ch\/wp-content\/uploads\/2024\/06\/About-Baxie-596x1024.png","contentUrl":"https:\/\/baxie.ch\/wp-content\/uploads\/2024\/06\/About-Baxie-596x1024.png"},{"@type":"BreadcrumbList","@id":"https:\/\/baxie.ch\/fr\/a-propos-de-baxie\/#breadcrumb","itemListElement":[{"@type":"ListItem","position":1,"name":"baxie.ch","item":"https:\/\/baxie.ch\/fr\/"},{"@type":"ListItem","position":2,"name":"\u00c0 propos de BAXIE"}]},{"@type":"WebSite","@id":"https:\/\/baxie.ch\/fr\/#website","url":"https:\/\/baxie.ch\/fr\/","name":"BAXIE","description":"Bei uns gilt das Motto \u201cSharing is Caring\u201d, denn wir glauben, dass wahre Sch\u00f6nheit im Teilen liegt.","publisher":{"@id":"https:\/\/baxie.ch\/fr\/#organization"},"alternateName":"BAXIE","potentialAction":[{"@type":"SearchAction","target":{"@type":"EntryPoint","urlTemplate":"https:\/\/baxie.ch\/fr\/?s={search_term_string}"},"query-input":{"@type":"PropertyValueSpecification","valueRequired":true,"valueName":"search_term_string"}}],"inLanguage":"fr-FR"},{"@type":"Organization","@id":"https:\/\/baxie.ch\/fr\/#organization","name":"BAXIE GmbH","alternateName":"BAXIE","url":"https:\/\/baxie.ch\/fr\/","logo":{"@type":"ImageObject","inLanguage":"fr-FR","@id":"https:\/\/baxie.ch\/fr\/#\/schema\/logo\/image\/","url":"https:\/\/baxie.ch\/wp-content\/uploads\/2024\/07\/Frame-1.png","contentUrl":"https:\/\/baxie.ch\/wp-content\/uploads\/2024\/07\/Frame-1.png","width":2033,"height":1764,"caption":"BAXIE GmbH"},"image":{"@id":"https:\/\/baxie.ch\/fr\/#\/schema\/logo\/image\/"},"sameAs":["https:\/\/x.com\/baxie_ch","https:\/\/www.tiktok.com\/@baxie_official","https:\/\/www.instagram.com\/baxie_official\/?hl=de"]}]}},"_links":{"self":[{"href":"https:\/\/baxie.ch\/fr\/wp-json\/wp\/v2\/pages\/1501","targetHints":{"allow":["GET"]}}],"collection":[{"href":"https:\/\/baxie.ch\/fr\/wp-json\/wp\/v2\/pages"}],"about":[{"href":"https:\/\/baxie.ch\/fr\/wp-json\/wp\/v2\/types\/page"}],"author":[{"embeddable":true,"href":"https:\/\/baxie.ch\/fr\/wp-json\/wp\/v2\/users\/1"}],"replies":[{"embeddable":true,"href":"https:\/\/baxie.ch\/fr\/wp-json\/wp\/v2\/comments?post=1501"}],"version-history":[{"count":0,"href":"https:\/\/baxie.ch\/fr\/wp-json\/wp\/v2\/pages\/1501\/revisions"}],"wp:attachment":[{"href":"https:\/\/baxie.ch\/fr\/wp-json\/wp\/v2\/media?parent=1501"}],"wp:term":[{"taxonomy":"folder","embeddable":true,"href":"https:\/\/baxie.ch\/fr\/wp-json\/wp\/v2\/folder?post=1501"}],"curies":[{"name":"wp","href":"https:\/\/api.w.org\/{rel}","templated":true}]}}