{"id":1452,"date":"2023-09-27T00:18:16","date_gmt":"2023-09-26T22:18:16","guid":{"rendered":"https:\/\/baxie.ch\/taschen\/uncategorized\/pochette\/"},"modified":"2024-12-19T11:07:42","modified_gmt":"2024-12-19T10:07:42","slug":"pochette","status":"publish","type":"product","link":"https:\/\/baxie.ch\/fr\/sacs\/bottega-veneta\/pochette\/","title":{"rendered":"Pouch"},"content":{"rendered":"<p>Le Teen Pouch de Bottega Veneta incarne l&#8217;\u00e9l\u00e9gance intemporelle et le raffinement subtil. Avec son design intrecciato caract\u00e9ristique et ses mat\u00e9riaux de qualit\u00e9 sup\u00e9rieure, il d\u00e9gage une discr\u00e8te note de luxe qui rend chaque moment sp\u00e9cial. La pr\u00e9cision de l&#8217;artisanat et l&#8217;attention port\u00e9e aux d\u00e9tails soulignent la qualit\u00e9 exceptionnelle de ce sac .<\/p>\n<p>Ce sac n&#8217;est pas seulement un accessoire de mode, c&#8217;est aussi une expression de style et de classe. Son int\u00e9rieur spacieux offre suffisamment de place pour vos essentiels, tandis que sa texture douce et ses accents subtils lui conf\u00e8rent un charme intemporel. Le Teen Pouch de Bottega Veneta est le compagnon id\u00e9al des personnes modernes qui accordent de l&#8217;importance \u00e0 l&#8217;esth\u00e9tique et \u00e0 la fonctionnalit\u00e9.<\/p>\n<p>Que ce soit lors d&#8217;un d\u00eener \u00e9l\u00e9gant, au bureau ou lors d&#8217;une promenade d\u00e9tendue en ville, le Teen Pouch de Bottega Veneta ajoute une touche de glamour et de style \u00e0 toutes les occasions. Avec lui, chaque jour devient une exp\u00e9rience de mode qui met en valeur la personnalit\u00e9 de chacun.<\/p>\n<p><strong>Louer la Pouch de Bottega Veneta chez Baxie <\/strong><\/p>\n<p>Vous voulez faire l&#8217;exp\u00e9rience du fascinante Teen Pouch de Bottega Veneta ? Chez Baxie, le loueur suisse de sacs \u00e0 main de luxe, vous avez la possibilit\u00e9 de d\u00e9couvrir non seulement le Pouch, mais aussi d&#8217;autres mod\u00e8les exclusifs, sans que votre budget ne soit trop serr\u00e9. Baxie mise sur des sacs \u00e0 main de cr\u00e9ateurs de qualit\u00e9, notamment l&#8217;intemporel Bottega Veneta Pouch. Dans le monde moderne de l&#8217;\u00e9l\u00e9gance, Baxie joue un r\u00f4le particulier pour vous permettre d&#8217;acc\u00e9der \u00e0 la diversit\u00e9 des sacs \u00e0 main de cr\u00e9ateurs de qualit\u00e9.<\/p>\n","protected":false},"excerpt":{"rendered":"<p>Le Teen Pouch de Bottega Veneta incarne l&#8217;\u00e9l\u00e9gance intemporelle avec son silhouette simple et son tressage intrecciato caract\u00e9ristique. Fabriqu\u00e9 en cuir nappa souple, ce sac n&#8217;est pas seulement une d\u00e9claration visuelle, mais aussi un accessoire de luxe pour un usage quotidien.<\/p>\n","protected":false},"featured_media":813,"template":"","meta":{"_acf_changed":false},"marke":[422],"verfugbarkeit":[],"product_brand":[],"product_cat":[22],"product_tag":[280],"class_list":{"0":"post-1452","1":"product","2":"type-product","3":"status-publish","4":"has-post-thumbnail","6":"marke-bottega-veneta","7":"product_cat-non-classifiee","8":"product_tag-bottega-veneta-fr","10":"first","11":"instock","12":"sold-individually","13":"taxable","14":"shipping-taxable","15":"purchasable","16":"product-type-variable-subscription"},"acf":[],"yoast_head":"<!-- This site is optimized with the Yoast SEO plugin v27.5 - https:\/\/yoast.com\/product\/yoast-seo-wordpress\/ -->\n<title>Pouch - BAXIE<\/title>\n<meta name=\"description\" content=\"BAXIE\" \/>\n<meta name=\"robots\" content=\"index, follow, max-snippet:-1, max-image-preview:large, max-video-preview:-1\" \/>\n<link rel=\"canonical\" href=\"https:\/\/baxie.ch\/fr\/sacs\/bottega-veneta\/pochette\/\" \/>\n<meta property=\"og:locale\" content=\"fr_FR\" \/>\n<meta property=\"og:type\" content=\"article\" \/>\n<meta property=\"og:title\" content=\"Pouch - BAXIE\" \/>\n<meta property=\"og:description\" content=\"BAXIE\" \/>\n<meta property=\"og:url\" content=\"https:\/\/baxie.ch\/fr\/sacs\/bottega-veneta\/pochette\/\" \/>\n<meta property=\"og:site_name\" content=\"BAXIE\" \/>\n<meta property=\"article:modified_time\" content=\"2024-12-19T10:07:42+00:00\" \/>\n<meta property=\"og:image\" content=\"https:\/\/baxie.ch\/wp-content\/uploads\/2024\/01\/baxie_bag_rent_bottega_pouch_raintree_side.png?ver=1717058201\" \/>\n\t<meta property=\"og:image:width\" content=\"1980\" \/>\n\t<meta property=\"og:image:height\" content=\"1980\" \/>\n\t<meta property=\"og:image:type\" content=\"image\/png\" \/>\n<meta name=\"twitter:card\" content=\"summary_large_image\" \/>\n<meta name=\"twitter:site\" content=\"@baxie_ch\" \/>\n<meta name=\"twitter:label1\" content=\"Dur\u00e9e de lecture estim\u00e9e\" \/>\n\t<meta name=\"twitter:data1\" content=\"1 minute\" \/>\n<script type=\"application\/ld+json\" class=\"yoast-schema-graph\">{\"@context\":\"https:\\\/\\\/schema.org\",\"@graph\":[{\"@type\":\"WebPage\",\"@id\":\"https:\\\/\\\/baxie.ch\\\/fr\\\/sacs\\\/bottega-veneta\\\/pochette\\\/\",\"url\":\"https:\\\/\\\/baxie.ch\\\/fr\\\/sacs\\\/bottega-veneta\\\/pochette\\\/\",\"name\":\"Pouch - BAXIE\",\"isPartOf\":{\"@id\":\"https:\\\/\\\/baxie.ch\\\/fr\\\/#website\"},\"primaryImageOfPage\":{\"@id\":\"https:\\\/\\\/baxie.ch\\\/fr\\\/sacs\\\/bottega-veneta\\\/pochette\\\/#primaryimage\"},\"image\":{\"@id\":\"https:\\\/\\\/baxie.ch\\\/fr\\\/sacs\\\/bottega-veneta\\\/pochette\\\/#primaryimage\"},\"thumbnailUrl\":\"https:\\\/\\\/baxie.ch\\\/wp-content\\\/uploads\\\/2024\\\/01\\\/baxie_bag_rent_bottega_pouch_raintree_side.png?ver=1717058201\",\"datePublished\":\"2023-09-26T22:18:16+00:00\",\"dateModified\":\"2024-12-19T10:07:42+00:00\",\"description\":\"BAXIE\",\"breadcrumb\":{\"@id\":\"https:\\\/\\\/baxie.ch\\\/fr\\\/sacs\\\/bottega-veneta\\\/pochette\\\/#breadcrumb\"},\"inLanguage\":\"fr-FR\",\"potentialAction\":[{\"@type\":\"ReadAction\",\"target\":[\"https:\\\/\\\/baxie.ch\\\/fr\\\/sacs\\\/bottega-veneta\\\/pochette\\\/\"]}]},{\"@type\":\"ImageObject\",\"inLanguage\":\"fr-FR\",\"@id\":\"https:\\\/\\\/baxie.ch\\\/fr\\\/sacs\\\/bottega-veneta\\\/pochette\\\/#primaryimage\",\"url\":\"https:\\\/\\\/baxie.ch\\\/wp-content\\\/uploads\\\/2024\\\/01\\\/baxie_bag_rent_bottega_pouch_raintree_side.png?ver=1717058201\",\"contentUrl\":\"https:\\\/\\\/baxie.ch\\\/wp-content\\\/uploads\\\/2024\\\/01\\\/baxie_bag_rent_bottega_pouch_raintree_side.png?ver=1717058201\",\"width\":1980,\"height\":1980,\"caption\":\"Un sac d'embrayage vert fonc\u00e9 de la marque Bottega Veneta au design tiss\u00e9.\"},{\"@type\":\"BreadcrumbList\",\"@id\":\"https:\\\/\\\/baxie.ch\\\/fr\\\/sacs\\\/bottega-veneta\\\/pochette\\\/#breadcrumb\",\"itemListElement\":[{\"@type\":\"ListItem\",\"position\":1,\"name\":\"baxie.ch\",\"item\":\"https:\\\/\\\/baxie.ch\\\/fr\\\/\"},{\"@type\":\"ListItem\",\"position\":2,\"name\":\"Sacs\",\"item\":\"https:\\\/\\\/baxie.ch\\\/fr\\\/sacs\\\/\"},{\"@type\":\"ListItem\",\"position\":3,\"name\":\"Pouch\"}]},{\"@type\":\"WebSite\",\"@id\":\"https:\\\/\\\/baxie.ch\\\/fr\\\/#website\",\"url\":\"https:\\\/\\\/baxie.ch\\\/fr\\\/\",\"name\":\"BAXIE\",\"description\":\"Bei uns gilt das Motto \u201cSharing is Caring\u201d, denn wir glauben, dass wahre Sch\u00f6nheit im Teilen liegt.\",\"publisher\":{\"@id\":\"https:\\\/\\\/baxie.ch\\\/fr\\\/#organization\"},\"alternateName\":\"BAXIE\",\"potentialAction\":[{\"@type\":\"SearchAction\",\"target\":{\"@type\":\"EntryPoint\",\"urlTemplate\":\"https:\\\/\\\/baxie.ch\\\/fr\\\/?s={search_term_string}\"},\"query-input\":{\"@type\":\"PropertyValueSpecification\",\"valueRequired\":true,\"valueName\":\"search_term_string\"}}],\"inLanguage\":\"fr-FR\"},{\"@type\":\"Organization\",\"@id\":\"https:\\\/\\\/baxie.ch\\\/fr\\\/#organization\",\"name\":\"BAXIE GmbH\",\"alternateName\":\"BAXIE\",\"url\":\"https:\\\/\\\/baxie.ch\\\/fr\\\/\",\"logo\":{\"@type\":\"ImageObject\",\"inLanguage\":\"fr-FR\",\"@id\":\"https:\\\/\\\/baxie.ch\\\/fr\\\/#\\\/schema\\\/logo\\\/image\\\/\",\"url\":\"https:\\\/\\\/baxie.ch\\\/wp-content\\\/uploads\\\/2024\\\/07\\\/Frame-1.png\",\"contentUrl\":\"https:\\\/\\\/baxie.ch\\\/wp-content\\\/uploads\\\/2024\\\/07\\\/Frame-1.png\",\"width\":2033,\"height\":1764,\"caption\":\"BAXIE GmbH\"},\"image\":{\"@id\":\"https:\\\/\\\/baxie.ch\\\/fr\\\/#\\\/schema\\\/logo\\\/image\\\/\"},\"sameAs\":[\"https:\\\/\\\/x.com\\\/baxie_ch\",\"https:\\\/\\\/www.tiktok.com\\\/@baxie_official\",\"https:\\\/\\\/www.instagram.com\\\/baxie_official\\\/?hl=de\"]}]}<\/script>\n<!-- \/ Yoast SEO plugin. -->","yoast_head_json":{"title":"Pouch - BAXIE","description":"BAXIE","robots":{"index":"index","follow":"follow","max-snippet":"max-snippet:-1","max-image-preview":"max-image-preview:large","max-video-preview":"max-video-preview:-1"},"canonical":"https:\/\/baxie.ch\/fr\/sacs\/bottega-veneta\/pochette\/","og_locale":"fr_FR","og_type":"article","og_title":"Pouch - BAXIE","og_description":"BAXIE","og_url":"https:\/\/baxie.ch\/fr\/sacs\/bottega-veneta\/pochette\/","og_site_name":"BAXIE","article_modified_time":"2024-12-19T10:07:42+00:00","og_image":[{"width":1980,"height":1980,"url":"https:\/\/baxie.ch\/wp-content\/uploads\/2024\/01\/baxie_bag_rent_bottega_pouch_raintree_side.png?ver=1717058201","type":"image\/png"}],"twitter_card":"summary_large_image","twitter_site":"@baxie_ch","twitter_misc":{"Dur\u00e9e de lecture estim\u00e9e":"1 minute"},"schema":{"@context":"https:\/\/schema.org","@graph":[{"@type":"WebPage","@id":"https:\/\/baxie.ch\/fr\/sacs\/bottega-veneta\/pochette\/","url":"https:\/\/baxie.ch\/fr\/sacs\/bottega-veneta\/pochette\/","name":"Pouch - BAXIE","isPartOf":{"@id":"https:\/\/baxie.ch\/fr\/#website"},"primaryImageOfPage":{"@id":"https:\/\/baxie.ch\/fr\/sacs\/bottega-veneta\/pochette\/#primaryimage"},"image":{"@id":"https:\/\/baxie.ch\/fr\/sacs\/bottega-veneta\/pochette\/#primaryimage"},"thumbnailUrl":"https:\/\/baxie.ch\/wp-content\/uploads\/2024\/01\/baxie_bag_rent_bottega_pouch_raintree_side.png?ver=1717058201","datePublished":"2023-09-26T22:18:16+00:00","dateModified":"2024-12-19T10:07:42+00:00","description":"BAXIE","breadcrumb":{"@id":"https:\/\/baxie.ch\/fr\/sacs\/bottega-veneta\/pochette\/#breadcrumb"},"inLanguage":"fr-FR","potentialAction":[{"@type":"ReadAction","target":["https:\/\/baxie.ch\/fr\/sacs\/bottega-veneta\/pochette\/"]}]},{"@type":"ImageObject","inLanguage":"fr-FR","@id":"https:\/\/baxie.ch\/fr\/sacs\/bottega-veneta\/pochette\/#primaryimage","url":"https:\/\/baxie.ch\/wp-content\/uploads\/2024\/01\/baxie_bag_rent_bottega_pouch_raintree_side.png?ver=1717058201","contentUrl":"https:\/\/baxie.ch\/wp-content\/uploads\/2024\/01\/baxie_bag_rent_bottega_pouch_raintree_side.png?ver=1717058201","width":1980,"height":1980,"caption":"Un sac d'embrayage vert fonc\u00e9 de la marque Bottega Veneta au design tiss\u00e9."},{"@type":"BreadcrumbList","@id":"https:\/\/baxie.ch\/fr\/sacs\/bottega-veneta\/pochette\/#breadcrumb","itemListElement":[{"@type":"ListItem","position":1,"name":"baxie.ch","item":"https:\/\/baxie.ch\/fr\/"},{"@type":"ListItem","position":2,"name":"Sacs","item":"https:\/\/baxie.ch\/fr\/sacs\/"},{"@type":"ListItem","position":3,"name":"Pouch"}]},{"@type":"WebSite","@id":"https:\/\/baxie.ch\/fr\/#website","url":"https:\/\/baxie.ch\/fr\/","name":"BAXIE","description":"Bei uns gilt das Motto \u201cSharing is Caring\u201d, denn wir glauben, dass wahre Sch\u00f6nheit im Teilen liegt.","publisher":{"@id":"https:\/\/baxie.ch\/fr\/#organization"},"alternateName":"BAXIE","potentialAction":[{"@type":"SearchAction","target":{"@type":"EntryPoint","urlTemplate":"https:\/\/baxie.ch\/fr\/?s={search_term_string}"},"query-input":{"@type":"PropertyValueSpecification","valueRequired":true,"valueName":"search_term_string"}}],"inLanguage":"fr-FR"},{"@type":"Organization","@id":"https:\/\/baxie.ch\/fr\/#organization","name":"BAXIE GmbH","alternateName":"BAXIE","url":"https:\/\/baxie.ch\/fr\/","logo":{"@type":"ImageObject","inLanguage":"fr-FR","@id":"https:\/\/baxie.ch\/fr\/#\/schema\/logo\/image\/","url":"https:\/\/baxie.ch\/wp-content\/uploads\/2024\/07\/Frame-1.png","contentUrl":"https:\/\/baxie.ch\/wp-content\/uploads\/2024\/07\/Frame-1.png","width":2033,"height":1764,"caption":"BAXIE GmbH"},"image":{"@id":"https:\/\/baxie.ch\/fr\/#\/schema\/logo\/image\/"},"sameAs":["https:\/\/x.com\/baxie_ch","https:\/\/www.tiktok.com\/@baxie_official","https:\/\/www.instagram.com\/baxie_official\/?hl=de"]}]}},"_links":{"self":[{"href":"https:\/\/baxie.ch\/fr\/wp-json\/wp\/v2\/product\/1452","targetHints":{"allow":["GET"]}}],"collection":[{"href":"https:\/\/baxie.ch\/fr\/wp-json\/wp\/v2\/product"}],"about":[{"href":"https:\/\/baxie.ch\/fr\/wp-json\/wp\/v2\/types\/product"}],"wp:featuredmedia":[{"embeddable":true,"href":"https:\/\/baxie.ch\/fr\/wp-json\/wp\/v2\/media\/813"}],"wp:attachment":[{"href":"https:\/\/baxie.ch\/fr\/wp-json\/wp\/v2\/media?parent=1452"}],"wp:term":[{"taxonomy":"marke","embeddable":true,"href":"https:\/\/baxie.ch\/fr\/wp-json\/wp\/v2\/marke?post=1452"},{"taxonomy":"verfugbarkeit","embeddable":true,"href":"https:\/\/baxie.ch\/fr\/wp-json\/wp\/v2\/verfugbarkeit?post=1452"},{"taxonomy":"product_brand","embeddable":true,"href":"https:\/\/baxie.ch\/fr\/wp-json\/wp\/v2\/product_brand?post=1452"},{"taxonomy":"product_cat","embeddable":true,"href":"https:\/\/baxie.ch\/fr\/wp-json\/wp\/v2\/product_cat?post=1452"},{"taxonomy":"product_tag","embeddable":true,"href":"https:\/\/baxie.ch\/fr\/wp-json\/wp\/v2\/product_tag?post=1452"}],"curies":[{"name":"wp","href":"https:\/\/api.w.org\/{rel}","templated":true}]}}