{"id":1523,"date":"2023-09-26T16:25:09","date_gmt":"2023-09-26T14:25:09","guid":{"rendered":"https:\/\/baxie.ch\/taschen\/uncategorized\/jodie-adolescente\/"},"modified":"2025-03-21T12:52:47","modified_gmt":"2025-03-21T11:52:47","slug":"jodie-adolescente","status":"publish","type":"product","link":"https:\/\/baxie.ch\/fr\/sacs\/bottega-veneta\/jodie-adolescente\/","title":{"rendered":"Teen Jodie"},"content":{"rendered":"<p>La Bottega Veneta Teen Jodie incarne un chef-d&#8217;\u0153uvre d&#8217;\u00e9l\u00e9gance et de pr\u00e9cision, un v\u00e9ritable bijou d&#8217;artisanat qui refl\u00e8te le style inimitable de la prestigieuse marque. Son design compact allie \u00e0 la perfection sophistication, fonctionnalit\u00e9 et luxe. Gr\u00e2ce \u00e0 l&#8217;utilisation de mat\u00e9riaux exquis et \u00e0 la signature unique de Bottega Veneta, le Mini Jodie est un accessoire intemporel pour tous ceux qui ont des go\u00fbts raffin\u00e9s.<\/p>\n<p>Avec suffisamment d&#8217;espace pour les essentiels du quotidien, le Mini Jodie n&#8217;est pas seulement une d\u00e9claration esth\u00e9tique, il est aussi extr\u00eamement fonctionnel. La technique iconique de l&#8217;intrecciato, caract\u00e9ristique de Bottega Veneta, conf\u00e8re au sac une texture unique et souligne son statut de symbole du luxe discret et simple. Chaque aspect du Teen Jodie t\u00e9moigne de la plus haute qualit\u00e9 et d&#8217;un design intemporel qui va au-del\u00e0 des tendances.<\/p>\n<p>Pour tous ceux qui aspirent \u00e0 un style exclusif, le Teen Jodie deviendra un accessoire indispensable lors d&#8217;\u00e9v\u00e9nements mondains ou dans la vie quotidienne. Son design distinctif attire les regards admiratifs, tandis que finition soign\u00e9e et l&#8217;attention port\u00e9e aux d\u00e9tails refl\u00e8tent la qualit\u00e9 incomparable de Bottega Veneta.<\/p>\n<p><strong>Louer le Bottega Veneta Teen Jodie chez Baxie. <\/strong><\/p>\n<p>Vous voulez faire l&#8217;exp\u00e9rience de la Bottega Veneta Teen Jodie ? Chez Baxie, le loueur suisse de sacs \u00e0 main de luxe, vous pouvez d\u00e9couvrir non seulement le Teen Jodie, mais aussi d&#8217;autres mod\u00e8les exclusifs, sans que cela ne p\u00e8se trop sur votre porte-monnaie. Baxie mise sur des sacs \u00e0 main de cr\u00e9ateurs de qualit\u00e9, dont le ravissant Teen Jodie de Bottega Veneta. Dans le monde moderne de l&#8217;\u00e9l\u00e9gance intemporelle, Baxie joue un r\u00f4le particulier pour vous permettre d&#8217;acc\u00e9der \u00e0 la diversit\u00e9 des sacs \u00e0 main de cr\u00e9ateurs de qualit\u00e9.<\/p>\n","protected":false},"excerpt":{"rendered":"<p>Le Teen Jodie de Bottega Veneta incarne l&#8217;\u00e9l\u00e9gance intemporelle avec son n\u0153ud caract\u00e9ristique. Fabriqu\u00e9 en daim Intrecciato, ce sac \u00e0 bandouli\u00e8re n&#8217;est pas seulement une d\u00e9claration visuelle, mais aussi un compagnon polyvalent pour toutes les occasions.<\/p>\n","protected":false},"featured_media":777,"template":"","meta":{"_acf_changed":false},"marke":[422],"verfugbarkeit":[],"product_brand":[],"product_cat":[22],"product_tag":[280],"class_list":{"0":"post-1523","1":"product","2":"type-product","3":"status-publish","4":"has-post-thumbnail","6":"marke-bottega-veneta","7":"product_cat-non-classifiee","8":"product_tag-bottega-veneta-fr","10":"first","11":"instock","12":"sold-individually","13":"taxable","14":"shipping-taxable","15":"purchasable","16":"product-type-variable-subscription"},"acf":[],"yoast_head":"<!-- This site is optimized with the Yoast SEO plugin v27.5 - https:\/\/yoast.com\/product\/yoast-seo-wordpress\/ -->\n<title>Teen Jodie - BAXIE<\/title>\n<meta name=\"description\" content=\"BAXIE\" \/>\n<meta name=\"robots\" content=\"index, follow, max-snippet:-1, max-image-preview:large, max-video-preview:-1\" \/>\n<link rel=\"canonical\" href=\"https:\/\/baxie.ch\/fr\/sacs\/bottega-veneta\/jodie-adolescente\/\" \/>\n<meta property=\"og:locale\" content=\"fr_FR\" \/>\n<meta property=\"og:type\" content=\"article\" \/>\n<meta property=\"og:title\" content=\"Teen Jodie - BAXIE\" \/>\n<meta property=\"og:description\" content=\"BAXIE\" \/>\n<meta property=\"og:url\" content=\"https:\/\/baxie.ch\/fr\/sacs\/bottega-veneta\/jodie-adolescente\/\" \/>\n<meta property=\"og:site_name\" content=\"BAXIE\" \/>\n<meta property=\"article:modified_time\" content=\"2025-03-21T11:52:47+00:00\" \/>\n<meta property=\"og:image\" content=\"https:\/\/baxie.ch\/wp-content\/uploads\/2024\/01\/baxie_bag_rent_bottega_teen_jodie_thunder_side.png?ver=1717059953\" \/>\n\t<meta property=\"og:image:width\" content=\"1980\" \/>\n\t<meta property=\"og:image:height\" content=\"1980\" \/>\n\t<meta property=\"og:image:type\" content=\"image\/png\" \/>\n<meta name=\"twitter:card\" content=\"summary_large_image\" \/>\n<meta name=\"twitter:site\" content=\"@baxie_ch\" \/>\n<meta name=\"twitter:label1\" content=\"Dur\u00e9e de lecture estim\u00e9e\" \/>\n\t<meta name=\"twitter:data1\" content=\"2 minutes\" \/>\n<script type=\"application\/ld+json\" class=\"yoast-schema-graph\">{\"@context\":\"https:\\\/\\\/schema.org\",\"@graph\":[{\"@type\":\"WebPage\",\"@id\":\"https:\\\/\\\/baxie.ch\\\/fr\\\/sacs\\\/bottega-veneta\\\/jodie-adolescente\\\/\",\"url\":\"https:\\\/\\\/baxie.ch\\\/fr\\\/sacs\\\/bottega-veneta\\\/jodie-adolescente\\\/\",\"name\":\"Teen Jodie - BAXIE\",\"isPartOf\":{\"@id\":\"https:\\\/\\\/baxie.ch\\\/fr\\\/#website\"},\"primaryImageOfPage\":{\"@id\":\"https:\\\/\\\/baxie.ch\\\/fr\\\/sacs\\\/bottega-veneta\\\/jodie-adolescente\\\/#primaryimage\"},\"image\":{\"@id\":\"https:\\\/\\\/baxie.ch\\\/fr\\\/sacs\\\/bottega-veneta\\\/jodie-adolescente\\\/#primaryimage\"},\"thumbnailUrl\":\"https:\\\/\\\/baxie.ch\\\/wp-content\\\/uploads\\\/2024\\\/01\\\/baxie_bag_rent_bottega_teen_jodie_thunder_side.png?ver=1717059953\",\"datePublished\":\"2023-09-26T14:25:09+00:00\",\"dateModified\":\"2025-03-21T11:52:47+00:00\",\"description\":\"BAXIE\",\"breadcrumb\":{\"@id\":\"https:\\\/\\\/baxie.ch\\\/fr\\\/sacs\\\/bottega-veneta\\\/jodie-adolescente\\\/#breadcrumb\"},\"inLanguage\":\"fr-FR\",\"potentialAction\":[{\"@type\":\"ReadAction\",\"target\":[\"https:\\\/\\\/baxie.ch\\\/fr\\\/sacs\\\/bottega-veneta\\\/jodie-adolescente\\\/\"]}]},{\"@type\":\"ImageObject\",\"inLanguage\":\"fr-FR\",\"@id\":\"https:\\\/\\\/baxie.ch\\\/fr\\\/sacs\\\/bottega-veneta\\\/jodie-adolescente\\\/#primaryimage\",\"url\":\"https:\\\/\\\/baxie.ch\\\/wp-content\\\/uploads\\\/2024\\\/01\\\/baxie_bag_rent_bottega_teen_jodie_thunder_side.png?ver=1717059953\",\"contentUrl\":\"https:\\\/\\\/baxie.ch\\\/wp-content\\\/uploads\\\/2024\\\/01\\\/baxie_bag_rent_bottega_teen_jodie_thunder_side.png?ver=1717059953\",\"width\":1980,\"height\":1980,\"caption\":\"Sac en cuir velours gris de la marque Bottega Veneta avec un design de n\u0153uds dans la poign\u00e9e.\"},{\"@type\":\"BreadcrumbList\",\"@id\":\"https:\\\/\\\/baxie.ch\\\/fr\\\/sacs\\\/bottega-veneta\\\/jodie-adolescente\\\/#breadcrumb\",\"itemListElement\":[{\"@type\":\"ListItem\",\"position\":1,\"name\":\"baxie.ch\",\"item\":\"https:\\\/\\\/baxie.ch\\\/fr\\\/\"},{\"@type\":\"ListItem\",\"position\":2,\"name\":\"Sacs\",\"item\":\"https:\\\/\\\/baxie.ch\\\/fr\\\/sacs\\\/\"},{\"@type\":\"ListItem\",\"position\":3,\"name\":\"Teen Jodie\"}]},{\"@type\":\"WebSite\",\"@id\":\"https:\\\/\\\/baxie.ch\\\/fr\\\/#website\",\"url\":\"https:\\\/\\\/baxie.ch\\\/fr\\\/\",\"name\":\"BAXIE\",\"description\":\"Bei uns gilt das Motto \u201cSharing is Caring\u201d, denn wir glauben, dass wahre Sch\u00f6nheit im Teilen liegt.\",\"publisher\":{\"@id\":\"https:\\\/\\\/baxie.ch\\\/fr\\\/#organization\"},\"alternateName\":\"BAXIE\",\"potentialAction\":[{\"@type\":\"SearchAction\",\"target\":{\"@type\":\"EntryPoint\",\"urlTemplate\":\"https:\\\/\\\/baxie.ch\\\/fr\\\/?s={search_term_string}\"},\"query-input\":{\"@type\":\"PropertyValueSpecification\",\"valueRequired\":true,\"valueName\":\"search_term_string\"}}],\"inLanguage\":\"fr-FR\"},{\"@type\":\"Organization\",\"@id\":\"https:\\\/\\\/baxie.ch\\\/fr\\\/#organization\",\"name\":\"BAXIE GmbH\",\"alternateName\":\"BAXIE\",\"url\":\"https:\\\/\\\/baxie.ch\\\/fr\\\/\",\"logo\":{\"@type\":\"ImageObject\",\"inLanguage\":\"fr-FR\",\"@id\":\"https:\\\/\\\/baxie.ch\\\/fr\\\/#\\\/schema\\\/logo\\\/image\\\/\",\"url\":\"https:\\\/\\\/baxie.ch\\\/wp-content\\\/uploads\\\/2024\\\/07\\\/Frame-1.png\",\"contentUrl\":\"https:\\\/\\\/baxie.ch\\\/wp-content\\\/uploads\\\/2024\\\/07\\\/Frame-1.png\",\"width\":2033,\"height\":1764,\"caption\":\"BAXIE GmbH\"},\"image\":{\"@id\":\"https:\\\/\\\/baxie.ch\\\/fr\\\/#\\\/schema\\\/logo\\\/image\\\/\"},\"sameAs\":[\"https:\\\/\\\/x.com\\\/baxie_ch\",\"https:\\\/\\\/www.tiktok.com\\\/@baxie_official\",\"https:\\\/\\\/www.instagram.com\\\/baxie_official\\\/?hl=de\"]}]}<\/script>\n<!-- \/ Yoast SEO plugin. -->","yoast_head_json":{"title":"Teen Jodie - BAXIE","description":"BAXIE","robots":{"index":"index","follow":"follow","max-snippet":"max-snippet:-1","max-image-preview":"max-image-preview:large","max-video-preview":"max-video-preview:-1"},"canonical":"https:\/\/baxie.ch\/fr\/sacs\/bottega-veneta\/jodie-adolescente\/","og_locale":"fr_FR","og_type":"article","og_title":"Teen Jodie - BAXIE","og_description":"BAXIE","og_url":"https:\/\/baxie.ch\/fr\/sacs\/bottega-veneta\/jodie-adolescente\/","og_site_name":"BAXIE","article_modified_time":"2025-03-21T11:52:47+00:00","og_image":[{"width":1980,"height":1980,"url":"https:\/\/baxie.ch\/wp-content\/uploads\/2024\/01\/baxie_bag_rent_bottega_teen_jodie_thunder_side.png?ver=1717059953","type":"image\/png"}],"twitter_card":"summary_large_image","twitter_site":"@baxie_ch","twitter_misc":{"Dur\u00e9e de lecture estim\u00e9e":"2 minutes"},"schema":{"@context":"https:\/\/schema.org","@graph":[{"@type":"WebPage","@id":"https:\/\/baxie.ch\/fr\/sacs\/bottega-veneta\/jodie-adolescente\/","url":"https:\/\/baxie.ch\/fr\/sacs\/bottega-veneta\/jodie-adolescente\/","name":"Teen Jodie - BAXIE","isPartOf":{"@id":"https:\/\/baxie.ch\/fr\/#website"},"primaryImageOfPage":{"@id":"https:\/\/baxie.ch\/fr\/sacs\/bottega-veneta\/jodie-adolescente\/#primaryimage"},"image":{"@id":"https:\/\/baxie.ch\/fr\/sacs\/bottega-veneta\/jodie-adolescente\/#primaryimage"},"thumbnailUrl":"https:\/\/baxie.ch\/wp-content\/uploads\/2024\/01\/baxie_bag_rent_bottega_teen_jodie_thunder_side.png?ver=1717059953","datePublished":"2023-09-26T14:25:09+00:00","dateModified":"2025-03-21T11:52:47+00:00","description":"BAXIE","breadcrumb":{"@id":"https:\/\/baxie.ch\/fr\/sacs\/bottega-veneta\/jodie-adolescente\/#breadcrumb"},"inLanguage":"fr-FR","potentialAction":[{"@type":"ReadAction","target":["https:\/\/baxie.ch\/fr\/sacs\/bottega-veneta\/jodie-adolescente\/"]}]},{"@type":"ImageObject","inLanguage":"fr-FR","@id":"https:\/\/baxie.ch\/fr\/sacs\/bottega-veneta\/jodie-adolescente\/#primaryimage","url":"https:\/\/baxie.ch\/wp-content\/uploads\/2024\/01\/baxie_bag_rent_bottega_teen_jodie_thunder_side.png?ver=1717059953","contentUrl":"https:\/\/baxie.ch\/wp-content\/uploads\/2024\/01\/baxie_bag_rent_bottega_teen_jodie_thunder_side.png?ver=1717059953","width":1980,"height":1980,"caption":"Sac en cuir velours gris de la marque Bottega Veneta avec un design de n\u0153uds dans la poign\u00e9e."},{"@type":"BreadcrumbList","@id":"https:\/\/baxie.ch\/fr\/sacs\/bottega-veneta\/jodie-adolescente\/#breadcrumb","itemListElement":[{"@type":"ListItem","position":1,"name":"baxie.ch","item":"https:\/\/baxie.ch\/fr\/"},{"@type":"ListItem","position":2,"name":"Sacs","item":"https:\/\/baxie.ch\/fr\/sacs\/"},{"@type":"ListItem","position":3,"name":"Teen Jodie"}]},{"@type":"WebSite","@id":"https:\/\/baxie.ch\/fr\/#website","url":"https:\/\/baxie.ch\/fr\/","name":"BAXIE","description":"Bei uns gilt das Motto \u201cSharing is Caring\u201d, denn wir glauben, dass wahre Sch\u00f6nheit im Teilen liegt.","publisher":{"@id":"https:\/\/baxie.ch\/fr\/#organization"},"alternateName":"BAXIE","potentialAction":[{"@type":"SearchAction","target":{"@type":"EntryPoint","urlTemplate":"https:\/\/baxie.ch\/fr\/?s={search_term_string}"},"query-input":{"@type":"PropertyValueSpecification","valueRequired":true,"valueName":"search_term_string"}}],"inLanguage":"fr-FR"},{"@type":"Organization","@id":"https:\/\/baxie.ch\/fr\/#organization","name":"BAXIE GmbH","alternateName":"BAXIE","url":"https:\/\/baxie.ch\/fr\/","logo":{"@type":"ImageObject","inLanguage":"fr-FR","@id":"https:\/\/baxie.ch\/fr\/#\/schema\/logo\/image\/","url":"https:\/\/baxie.ch\/wp-content\/uploads\/2024\/07\/Frame-1.png","contentUrl":"https:\/\/baxie.ch\/wp-content\/uploads\/2024\/07\/Frame-1.png","width":2033,"height":1764,"caption":"BAXIE GmbH"},"image":{"@id":"https:\/\/baxie.ch\/fr\/#\/schema\/logo\/image\/"},"sameAs":["https:\/\/x.com\/baxie_ch","https:\/\/www.tiktok.com\/@baxie_official","https:\/\/www.instagram.com\/baxie_official\/?hl=de"]}]}},"_links":{"self":[{"href":"https:\/\/baxie.ch\/fr\/wp-json\/wp\/v2\/product\/1523","targetHints":{"allow":["GET"]}}],"collection":[{"href":"https:\/\/baxie.ch\/fr\/wp-json\/wp\/v2\/product"}],"about":[{"href":"https:\/\/baxie.ch\/fr\/wp-json\/wp\/v2\/types\/product"}],"wp:featuredmedia":[{"embeddable":true,"href":"https:\/\/baxie.ch\/fr\/wp-json\/wp\/v2\/media\/777"}],"wp:attachment":[{"href":"https:\/\/baxie.ch\/fr\/wp-json\/wp\/v2\/media?parent=1523"}],"wp:term":[{"taxonomy":"marke","embeddable":true,"href":"https:\/\/baxie.ch\/fr\/wp-json\/wp\/v2\/marke?post=1523"},{"taxonomy":"verfugbarkeit","embeddable":true,"href":"https:\/\/baxie.ch\/fr\/wp-json\/wp\/v2\/verfugbarkeit?post=1523"},{"taxonomy":"product_brand","embeddable":true,"href":"https:\/\/baxie.ch\/fr\/wp-json\/wp\/v2\/product_brand?post=1523"},{"taxonomy":"product_cat","embeddable":true,"href":"https:\/\/baxie.ch\/fr\/wp-json\/wp\/v2\/product_cat?post=1523"},{"taxonomy":"product_tag","embeddable":true,"href":"https:\/\/baxie.ch\/fr\/wp-json\/wp\/v2\/product_tag?post=1523"}],"curies":[{"name":"wp","href":"https:\/\/api.w.org\/{rel}","templated":true}]}}