{"id":1539,"date":"2024-04-17T23:31:20","date_gmt":"2024-04-17T21:31:20","guid":{"rendered":"https:\/\/baxie.ch\/taschen\/uncategorized\/mini-lune\/"},"modified":"2024-06-20T23:18:31","modified_gmt":"2024-06-20T21:18:31","slug":"mini-lune","status":"publish","type":"product","link":"https:\/\/baxie.ch\/fr\/sacs\/louis-vuitton\/mini-lune\/","title":{"rendered":"Mini Moon"},"content":{"rendered":"<p><span style=\"font-weight: 400\">Le sac \u00e0 main Mini Moon de Louis Vuitton incarne une combinaison harmonieuse d&#8217;\u00e9l\u00e9gance et de fonctionnalit\u00e9. Avec son design soigneusement con\u00e7u et son cuir Monogram Empreinte de qualit\u00e9 sup\u00e9rieure, il d\u00e9gage une \u00e9l\u00e9gance luxueuse qui rend chaque occasion sp\u00e9ciale. Le monogramme Louis Vuitton distinctif et les d\u00e9tails fins et ornementaux soulignent son caract\u00e8re exquis, tandis que le savoir-faire de premier ordre et l&#8217;attention port\u00e9e aux d\u00e9tails soulignent la qualit\u00e9 exceptionnelle de Louis Vuitton.<\/span><\/p>\n<p><span style=\"font-weight: 400\">Le Mini Moon n&#8217;est pas seulement un sac, c&#8217;est une d\u00e9claration de style et de sophistication. Son int\u00e9rieur bien con\u00e7u offre suffisamment d&#8217;espace pour le n\u00e9cessaire, tandis que sa forme compacte et structur\u00e9e lui conf\u00e8re un charme intemporel. Ce sac est le compagnon id\u00e9al des personnes modernes qui accordent de l&#8217;importance \u00e0 l&#8217;esth\u00e9tique et \u00e0 la fonctionnalit\u00e9 au quotidien.<\/span><\/p>\n<p><span style=\"font-weight: 400\">Que ce soit lors d&#8217;un d\u00eener chic, au bureau ou lors d&#8217;une promenade improvis\u00e9e en ville, le Louis Vuitton Mini Moon ajoute une touche de luxe \u00e0 toutes vos tenues. Avec lui, chaque jour devient une exp\u00e9rience de mode qui souligne la personnalit\u00e9 individuelle chacun.<\/span><\/p>\n<p><b>Louer le Louis Vuitton Mini Moon chez Baxie<\/b><\/p>\n<p><span style=\"font-weight: 400\">Vous souhaitez d\u00e9couvrir le Louis Vuitton Mini Moon par vous-m\u00eame ? Chez Baxie, le loueur suisse de sacs \u00e0 main de luxe, vous trouverez non seulement le Mini Moon, mais aussi d&#8217;autres mod\u00e8les exclusifs qui ne gr\u00e8veront pas votre budget. Baxie propose une s\u00e9lection exquise de sacs \u00e0 main de cr\u00e9ateurs, dont l&#8217;intemporel Louis Vuitton Mini Moon. Dans le monde de l&#8217;\u00e9l\u00e9gance intemporelle, Baxie joue un r\u00f4le particulier pour vous faire d\u00e9couvrir la diversit\u00e9 des sacs \u00e0 main de cr\u00e9ateurs de qualit\u00e9.<\/span><\/p>\n","protected":false},"excerpt":{"rendered":"<p><span style=\"font-weight: 400\">Le sac \u00e0 main Mini Moon est un accessoire de mode charmant et compact, fabriqu\u00e9 en cuir. Le design du monogramme en relief est soulign\u00e9 par des d\u00e9tails distinctifs et ornementaux tels que la signature LV Circle sur l&#8217;ornement de la fermeture \u00e9clair. Dot\u00e9 d&#8217;une sangle flexible, il peut \u00eatre port\u00e9 de mani\u00e8re d\u00e9contract\u00e9e \u00e0 l&#8217;\u00e9paule, de mani\u00e8re \u00e9l\u00e9gante au creux du bras ou de mani\u00e8re classique \u00e0 la main. Ce sac est un compagnon polyvalent qui constitue une option \u00e9l\u00e9gante aussi bien en journ\u00e9e qu&#8217;en soir\u00e9e et offre suffisamment d&#8217;espace pour les objets les plus importants.<\/span><\/p>\n","protected":false},"featured_media":1300,"template":"","meta":{"_acf_changed":false},"marke":[426],"verfugbarkeit":[],"product_brand":[],"product_cat":[22],"product_tag":[327],"class_list":{"0":"post-1539","1":"product","2":"type-product","3":"status-publish","4":"has-post-thumbnail","6":"marke-louis-vuitton","7":"product_cat-non-classifiee","8":"product_tag-louis-vuitton-fr","10":"first","11":"instock","12":"sold-individually","13":"taxable","14":"shipping-taxable","15":"purchasable","16":"product-type-variable-subscription"},"acf":[],"yoast_head":"<!-- This site is optimized with the Yoast SEO plugin v27.5 - https:\/\/yoast.com\/product\/yoast-seo-wordpress\/ -->\n<title>Mini Moon - BAXIE<\/title>\n<meta name=\"description\" content=\"BAXIE\" \/>\n<meta name=\"robots\" content=\"index, follow, max-snippet:-1, max-image-preview:large, max-video-preview:-1\" \/>\n<link rel=\"canonical\" href=\"https:\/\/baxie.ch\/fr\/sacs\/louis-vuitton\/mini-lune\/\" \/>\n<meta property=\"og:locale\" content=\"fr_FR\" \/>\n<meta property=\"og:type\" content=\"article\" \/>\n<meta property=\"og:title\" content=\"Mini Moon - BAXIE\" \/>\n<meta property=\"og:description\" content=\"BAXIE\" \/>\n<meta property=\"og:url\" content=\"https:\/\/baxie.ch\/fr\/sacs\/louis-vuitton\/mini-lune\/\" \/>\n<meta property=\"og:site_name\" content=\"BAXIE\" \/>\n<meta property=\"article:modified_time\" content=\"2024-06-20T21:18:31+00:00\" \/>\n<meta property=\"og:image\" content=\"https:\/\/baxie.ch\/wp-content\/uploads\/2024\/04\/baxie_bag_rent_louis_vuitton_mini_moon_iris_side-2.png\" \/>\n\t<meta property=\"og:image:width\" content=\"1980\" \/>\n\t<meta property=\"og:image:height\" content=\"1980\" \/>\n\t<meta property=\"og:image:type\" content=\"image\/png\" \/>\n<meta name=\"twitter:card\" content=\"summary_large_image\" \/>\n<meta name=\"twitter:site\" content=\"@baxie_ch\" \/>\n<meta name=\"twitter:label1\" content=\"Dur\u00e9e de lecture estim\u00e9e\" \/>\n\t<meta name=\"twitter:data1\" content=\"1 minute\" \/>\n<script type=\"application\/ld+json\" class=\"yoast-schema-graph\">{\"@context\":\"https:\\\/\\\/schema.org\",\"@graph\":[{\"@type\":\"WebPage\",\"@id\":\"https:\\\/\\\/baxie.ch\\\/fr\\\/sacs\\\/louis-vuitton\\\/mini-lune\\\/\",\"url\":\"https:\\\/\\\/baxie.ch\\\/fr\\\/sacs\\\/louis-vuitton\\\/mini-lune\\\/\",\"name\":\"Mini Moon - BAXIE\",\"isPartOf\":{\"@id\":\"https:\\\/\\\/baxie.ch\\\/fr\\\/#website\"},\"primaryImageOfPage\":{\"@id\":\"https:\\\/\\\/baxie.ch\\\/fr\\\/sacs\\\/louis-vuitton\\\/mini-lune\\\/#primaryimage\"},\"image\":{\"@id\":\"https:\\\/\\\/baxie.ch\\\/fr\\\/sacs\\\/louis-vuitton\\\/mini-lune\\\/#primaryimage\"},\"thumbnailUrl\":\"https:\\\/\\\/baxie.ch\\\/wp-content\\\/uploads\\\/2024\\\/04\\\/baxie_bag_rent_louis_vuitton_mini_moon_iris_side-2.png\",\"datePublished\":\"2024-04-17T21:31:20+00:00\",\"dateModified\":\"2024-06-20T21:18:31+00:00\",\"description\":\"BAXIE\",\"breadcrumb\":{\"@id\":\"https:\\\/\\\/baxie.ch\\\/fr\\\/sacs\\\/louis-vuitton\\\/mini-lune\\\/#breadcrumb\"},\"inLanguage\":\"fr-FR\",\"potentialAction\":[{\"@type\":\"ReadAction\",\"target\":[\"https:\\\/\\\/baxie.ch\\\/fr\\\/sacs\\\/louis-vuitton\\\/mini-lune\\\/\"]}]},{\"@type\":\"ImageObject\",\"inLanguage\":\"fr-FR\",\"@id\":\"https:\\\/\\\/baxie.ch\\\/fr\\\/sacs\\\/louis-vuitton\\\/mini-lune\\\/#primaryimage\",\"url\":\"https:\\\/\\\/baxie.ch\\\/wp-content\\\/uploads\\\/2024\\\/04\\\/baxie_bag_rent_louis_vuitton_mini_moon_iris_side-2.png\",\"contentUrl\":\"https:\\\/\\\/baxie.ch\\\/wp-content\\\/uploads\\\/2024\\\/04\\\/baxie_bag_rent_louis_vuitton_mini_moon_iris_side-2.png\",\"width\":1980,\"height\":1980,\"caption\":\"Un petit sac \u00e0 main violet en cuir et en mat\u00e9riel argent\u00e9 de la marque Louis Vuitton.\"},{\"@type\":\"BreadcrumbList\",\"@id\":\"https:\\\/\\\/baxie.ch\\\/fr\\\/sacs\\\/louis-vuitton\\\/mini-lune\\\/#breadcrumb\",\"itemListElement\":[{\"@type\":\"ListItem\",\"position\":1,\"name\":\"baxie.ch\",\"item\":\"https:\\\/\\\/baxie.ch\\\/fr\\\/\"},{\"@type\":\"ListItem\",\"position\":2,\"name\":\"Sacs\",\"item\":\"https:\\\/\\\/baxie.ch\\\/fr\\\/sacs\\\/\"},{\"@type\":\"ListItem\",\"position\":3,\"name\":\"Mini Moon\"}]},{\"@type\":\"WebSite\",\"@id\":\"https:\\\/\\\/baxie.ch\\\/fr\\\/#website\",\"url\":\"https:\\\/\\\/baxie.ch\\\/fr\\\/\",\"name\":\"BAXIE\",\"description\":\"Bei uns gilt das Motto \u201cSharing is Caring\u201d, denn wir glauben, dass wahre Sch\u00f6nheit im Teilen liegt.\",\"publisher\":{\"@id\":\"https:\\\/\\\/baxie.ch\\\/fr\\\/#organization\"},\"alternateName\":\"BAXIE\",\"potentialAction\":[{\"@type\":\"SearchAction\",\"target\":{\"@type\":\"EntryPoint\",\"urlTemplate\":\"https:\\\/\\\/baxie.ch\\\/fr\\\/?s={search_term_string}\"},\"query-input\":{\"@type\":\"PropertyValueSpecification\",\"valueRequired\":true,\"valueName\":\"search_term_string\"}}],\"inLanguage\":\"fr-FR\"},{\"@type\":\"Organization\",\"@id\":\"https:\\\/\\\/baxie.ch\\\/fr\\\/#organization\",\"name\":\"BAXIE GmbH\",\"alternateName\":\"BAXIE\",\"url\":\"https:\\\/\\\/baxie.ch\\\/fr\\\/\",\"logo\":{\"@type\":\"ImageObject\",\"inLanguage\":\"fr-FR\",\"@id\":\"https:\\\/\\\/baxie.ch\\\/fr\\\/#\\\/schema\\\/logo\\\/image\\\/\",\"url\":\"https:\\\/\\\/baxie.ch\\\/wp-content\\\/uploads\\\/2024\\\/07\\\/Frame-1.png\",\"contentUrl\":\"https:\\\/\\\/baxie.ch\\\/wp-content\\\/uploads\\\/2024\\\/07\\\/Frame-1.png\",\"width\":2033,\"height\":1764,\"caption\":\"BAXIE GmbH\"},\"image\":{\"@id\":\"https:\\\/\\\/baxie.ch\\\/fr\\\/#\\\/schema\\\/logo\\\/image\\\/\"},\"sameAs\":[\"https:\\\/\\\/x.com\\\/baxie_ch\",\"https:\\\/\\\/www.tiktok.com\\\/@baxie_official\",\"https:\\\/\\\/www.instagram.com\\\/baxie_official\\\/?hl=de\"]}]}<\/script>\n<!-- \/ Yoast SEO plugin. -->","yoast_head_json":{"title":"Mini Moon - BAXIE","description":"BAXIE","robots":{"index":"index","follow":"follow","max-snippet":"max-snippet:-1","max-image-preview":"max-image-preview:large","max-video-preview":"max-video-preview:-1"},"canonical":"https:\/\/baxie.ch\/fr\/sacs\/louis-vuitton\/mini-lune\/","og_locale":"fr_FR","og_type":"article","og_title":"Mini Moon - BAXIE","og_description":"BAXIE","og_url":"https:\/\/baxie.ch\/fr\/sacs\/louis-vuitton\/mini-lune\/","og_site_name":"BAXIE","article_modified_time":"2024-06-20T21:18:31+00:00","og_image":[{"width":1980,"height":1980,"url":"https:\/\/baxie.ch\/wp-content\/uploads\/2024\/04\/baxie_bag_rent_louis_vuitton_mini_moon_iris_side-2.png","type":"image\/png"}],"twitter_card":"summary_large_image","twitter_site":"@baxie_ch","twitter_misc":{"Dur\u00e9e de lecture estim\u00e9e":"1 minute"},"schema":{"@context":"https:\/\/schema.org","@graph":[{"@type":"WebPage","@id":"https:\/\/baxie.ch\/fr\/sacs\/louis-vuitton\/mini-lune\/","url":"https:\/\/baxie.ch\/fr\/sacs\/louis-vuitton\/mini-lune\/","name":"Mini Moon - BAXIE","isPartOf":{"@id":"https:\/\/baxie.ch\/fr\/#website"},"primaryImageOfPage":{"@id":"https:\/\/baxie.ch\/fr\/sacs\/louis-vuitton\/mini-lune\/#primaryimage"},"image":{"@id":"https:\/\/baxie.ch\/fr\/sacs\/louis-vuitton\/mini-lune\/#primaryimage"},"thumbnailUrl":"https:\/\/baxie.ch\/wp-content\/uploads\/2024\/04\/baxie_bag_rent_louis_vuitton_mini_moon_iris_side-2.png","datePublished":"2024-04-17T21:31:20+00:00","dateModified":"2024-06-20T21:18:31+00:00","description":"BAXIE","breadcrumb":{"@id":"https:\/\/baxie.ch\/fr\/sacs\/louis-vuitton\/mini-lune\/#breadcrumb"},"inLanguage":"fr-FR","potentialAction":[{"@type":"ReadAction","target":["https:\/\/baxie.ch\/fr\/sacs\/louis-vuitton\/mini-lune\/"]}]},{"@type":"ImageObject","inLanguage":"fr-FR","@id":"https:\/\/baxie.ch\/fr\/sacs\/louis-vuitton\/mini-lune\/#primaryimage","url":"https:\/\/baxie.ch\/wp-content\/uploads\/2024\/04\/baxie_bag_rent_louis_vuitton_mini_moon_iris_side-2.png","contentUrl":"https:\/\/baxie.ch\/wp-content\/uploads\/2024\/04\/baxie_bag_rent_louis_vuitton_mini_moon_iris_side-2.png","width":1980,"height":1980,"caption":"Un petit sac \u00e0 main violet en cuir et en mat\u00e9riel argent\u00e9 de la marque Louis Vuitton."},{"@type":"BreadcrumbList","@id":"https:\/\/baxie.ch\/fr\/sacs\/louis-vuitton\/mini-lune\/#breadcrumb","itemListElement":[{"@type":"ListItem","position":1,"name":"baxie.ch","item":"https:\/\/baxie.ch\/fr\/"},{"@type":"ListItem","position":2,"name":"Sacs","item":"https:\/\/baxie.ch\/fr\/sacs\/"},{"@type":"ListItem","position":3,"name":"Mini Moon"}]},{"@type":"WebSite","@id":"https:\/\/baxie.ch\/fr\/#website","url":"https:\/\/baxie.ch\/fr\/","name":"BAXIE","description":"Bei uns gilt das Motto \u201cSharing is Caring\u201d, denn wir glauben, dass wahre Sch\u00f6nheit im Teilen liegt.","publisher":{"@id":"https:\/\/baxie.ch\/fr\/#organization"},"alternateName":"BAXIE","potentialAction":[{"@type":"SearchAction","target":{"@type":"EntryPoint","urlTemplate":"https:\/\/baxie.ch\/fr\/?s={search_term_string}"},"query-input":{"@type":"PropertyValueSpecification","valueRequired":true,"valueName":"search_term_string"}}],"inLanguage":"fr-FR"},{"@type":"Organization","@id":"https:\/\/baxie.ch\/fr\/#organization","name":"BAXIE GmbH","alternateName":"BAXIE","url":"https:\/\/baxie.ch\/fr\/","logo":{"@type":"ImageObject","inLanguage":"fr-FR","@id":"https:\/\/baxie.ch\/fr\/#\/schema\/logo\/image\/","url":"https:\/\/baxie.ch\/wp-content\/uploads\/2024\/07\/Frame-1.png","contentUrl":"https:\/\/baxie.ch\/wp-content\/uploads\/2024\/07\/Frame-1.png","width":2033,"height":1764,"caption":"BAXIE GmbH"},"image":{"@id":"https:\/\/baxie.ch\/fr\/#\/schema\/logo\/image\/"},"sameAs":["https:\/\/x.com\/baxie_ch","https:\/\/www.tiktok.com\/@baxie_official","https:\/\/www.instagram.com\/baxie_official\/?hl=de"]}]}},"_links":{"self":[{"href":"https:\/\/baxie.ch\/fr\/wp-json\/wp\/v2\/product\/1539","targetHints":{"allow":["GET"]}}],"collection":[{"href":"https:\/\/baxie.ch\/fr\/wp-json\/wp\/v2\/product"}],"about":[{"href":"https:\/\/baxie.ch\/fr\/wp-json\/wp\/v2\/types\/product"}],"wp:featuredmedia":[{"embeddable":true,"href":"https:\/\/baxie.ch\/fr\/wp-json\/wp\/v2\/media\/1300"}],"wp:attachment":[{"href":"https:\/\/baxie.ch\/fr\/wp-json\/wp\/v2\/media?parent=1539"}],"wp:term":[{"taxonomy":"marke","embeddable":true,"href":"https:\/\/baxie.ch\/fr\/wp-json\/wp\/v2\/marke?post=1539"},{"taxonomy":"verfugbarkeit","embeddable":true,"href":"https:\/\/baxie.ch\/fr\/wp-json\/wp\/v2\/verfugbarkeit?post=1539"},{"taxonomy":"product_brand","embeddable":true,"href":"https:\/\/baxie.ch\/fr\/wp-json\/wp\/v2\/product_brand?post=1539"},{"taxonomy":"product_cat","embeddable":true,"href":"https:\/\/baxie.ch\/fr\/wp-json\/wp\/v2\/product_cat?post=1539"},{"taxonomy":"product_tag","embeddable":true,"href":"https:\/\/baxie.ch\/fr\/wp-json\/wp\/v2\/product_tag?post=1539"}],"curies":[{"name":"wp","href":"https:\/\/api.w.org\/{rel}","templated":true}]}}