{"id":1547,"date":"2024-01-26T15:26:59","date_gmt":"2024-01-26T14:26:59","guid":{"rendered":"https:\/\/baxie.ch\/taschen\/uncategorized\/jackie-1961\/"},"modified":"2024-06-21T20:50:06","modified_gmt":"2024-06-21T18:50:06","slug":"jackie-1961","status":"publish","type":"product","link":"https:\/\/baxie.ch\/fr\/sacs\/gucci\/jackie-1961\/","title":{"rendered":"Jackie 1961"},"content":{"rendered":"<p>Avec sa forme caract\u00e9ristique et ses mat\u00e9riaux de qualit\u00e9, le Gucci Jackie 1961 d\u00e9gage une \u00e9l\u00e9gance intemporelle qui rend chaque moment sp\u00e9cial. Le d\u00e9tail embl\u00e9matique de l&#8217;embout de cheval de Gucci apporte une touche exclusive, tandis que le savoir-faire pr\u00e9cis et l&#8217;attention port\u00e9e aux d\u00e9tails soulignent l&#8217;excellence de la marque.<\/p>\n<p>Le Jackie 1961 n&#8217;est pas un simple sac \u00e0 main, mais une \u0153uvre d&#8217;art faite des mat\u00e9riaux les plus fins. Le cuir soigneusement s\u00e9lectionn\u00e9 conf\u00e8re au sac une texture incomparable et en fait un symbole de luxe supr\u00eame. La forme structur\u00e9e et les touches subtiles soulignent le charme intemporel de ce sac, tandis que l&#8217;utilisation de mat\u00e9riaux de qualit\u00e9 garantit sa durabilit\u00e9 et sa long\u00e9vit\u00e9.<\/p>\n<p>Que ce soit lors d&#8217;un d\u00eener \u00e9l\u00e9gant, au bureau ou lors d&#8217;une promenade improvis\u00e9e en ville, le mod\u00e8le Jackie 1961 de Gucci apporte une touche de glamour et de style \u00e0 toutes les occasions. Avec lui chaque jour devient une exp\u00e9rience de mode qui met en valeur la personnalit\u00e9 individuelle de chaque personne.<\/p>\n<p><strong>Louer le Gucci Jackie 1961 chez Baxie <\/strong><\/p>\n<p>Vous voulez faire l&#8217;exp\u00e9rience de la Gucci Jackie 1961 ? Chez Baxie, le loueur suisse de sacs \u00e0 main de luxe, non seulement le Jackie 1961, mais aussi d&#8217;autres mod\u00e8les exclusifs sont disponibles sans que votre budget ne soit grev\u00e9. Baxie mise sur des sacs \u00e0 main de cr\u00e9ateurs de qualit\u00e9, notamment l&#8217;ind\u00e9modable Gucci Jackie 1961. Dans le monde moderne de l&#8217;\u00e9l\u00e9gance intemporelle, Baxie joue un r\u00f4le particulier pour vous permettre d&#8217;acc\u00e9der \u00e0 la diversit\u00e9 des sacs \u00e0 main de cr\u00e9ateurs de qualit\u00e9.<\/p>\n","protected":false},"excerpt":{"rendered":"<p>Une ic\u00f4ne historique de Gucci fait son retour : le sac Jackie pr\u00e9sente sa forme caract\u00e9ristique et se d\u00e9cline d\u00e9sormais en cuir noir, avec une bandouli\u00e8re suppl\u00e9mentaire amovible. La deuxi\u00e8me lani\u00e8re, fix\u00e9e au sac par une boucle, ajoute une touche contemporaine au design archiv\u00e9. Ainsi, le sac peut \u00eatre port\u00e9 \u00e0 la main, \u00e0 l&#8217;\u00e9paule ou en travers du corps. Ces cr\u00e9ations polyvalentes sont faites pour tous ceux qui incarnent l&#8217;individualit\u00e9 de Gucci.<\/p>\n","protected":false},"featured_media":1318,"template":"","meta":{"_acf_changed":false},"marke":[414],"verfugbarkeit":[],"product_brand":[],"product_cat":[22],"product_tag":[337],"class_list":{"0":"post-1547","1":"product","2":"type-product","3":"status-publish","4":"has-post-thumbnail","6":"marke-gucci","7":"product_cat-non-classifiee","8":"product_tag-gucci-fr","10":"first","11":"instock","12":"sold-individually","13":"taxable","14":"shipping-taxable","15":"purchasable","16":"product-type-variable-subscription"},"acf":[],"yoast_head":"<!-- This site is optimized with the Yoast SEO plugin v27.5 - https:\/\/yoast.com\/product\/yoast-seo-wordpress\/ -->\n<title>Jackie 1961 - BAXIE<\/title>\n<meta name=\"description\" content=\"BAXIE\" \/>\n<meta name=\"robots\" content=\"index, follow, max-snippet:-1, max-image-preview:large, max-video-preview:-1\" \/>\n<link rel=\"canonical\" href=\"https:\/\/baxie.ch\/fr\/sacs\/gucci\/jackie-1961\/\" \/>\n<meta property=\"og:locale\" content=\"fr_FR\" \/>\n<meta property=\"og:type\" content=\"article\" \/>\n<meta property=\"og:title\" content=\"Jackie 1961 - BAXIE\" \/>\n<meta property=\"og:description\" content=\"BAXIE\" \/>\n<meta property=\"og:url\" content=\"https:\/\/baxie.ch\/fr\/sacs\/gucci\/jackie-1961\/\" \/>\n<meta property=\"og:site_name\" content=\"BAXIE\" \/>\n<meta property=\"article:modified_time\" content=\"2024-06-21T18:50:06+00:00\" \/>\n<meta property=\"og:image\" content=\"https:\/\/baxie.ch\/wp-content\/uploads\/2024\/04\/baxie_bag_rent_gucci_jackie_1961_black_side.png\" \/>\n\t<meta property=\"og:image:width\" content=\"1980\" \/>\n\t<meta property=\"og:image:height\" content=\"1980\" \/>\n\t<meta property=\"og:image:type\" content=\"image\/png\" \/>\n<meta name=\"twitter:card\" content=\"summary_large_image\" \/>\n<meta name=\"twitter:site\" content=\"@baxie_ch\" \/>\n<meta name=\"twitter:label1\" content=\"Dur\u00e9e de lecture estim\u00e9e\" \/>\n\t<meta name=\"twitter:data1\" content=\"1 minute\" \/>\n<script type=\"application\/ld+json\" class=\"yoast-schema-graph\">{\"@context\":\"https:\\\/\\\/schema.org\",\"@graph\":[{\"@type\":\"WebPage\",\"@id\":\"https:\\\/\\\/baxie.ch\\\/fr\\\/sacs\\\/gucci\\\/jackie-1961\\\/\",\"url\":\"https:\\\/\\\/baxie.ch\\\/fr\\\/sacs\\\/gucci\\\/jackie-1961\\\/\",\"name\":\"Jackie 1961 - BAXIE\",\"isPartOf\":{\"@id\":\"https:\\\/\\\/baxie.ch\\\/fr\\\/#website\"},\"primaryImageOfPage\":{\"@id\":\"https:\\\/\\\/baxie.ch\\\/fr\\\/sacs\\\/gucci\\\/jackie-1961\\\/#primaryimage\"},\"image\":{\"@id\":\"https:\\\/\\\/baxie.ch\\\/fr\\\/sacs\\\/gucci\\\/jackie-1961\\\/#primaryimage\"},\"thumbnailUrl\":\"https:\\\/\\\/baxie.ch\\\/wp-content\\\/uploads\\\/2024\\\/04\\\/baxie_bag_rent_gucci_jackie_1961_black_side.png\",\"datePublished\":\"2024-01-26T14:26:59+00:00\",\"dateModified\":\"2024-06-21T18:50:06+00:00\",\"description\":\"BAXIE\",\"breadcrumb\":{\"@id\":\"https:\\\/\\\/baxie.ch\\\/fr\\\/sacs\\\/gucci\\\/jackie-1961\\\/#breadcrumb\"},\"inLanguage\":\"fr-FR\",\"potentialAction\":[{\"@type\":\"ReadAction\",\"target\":[\"https:\\\/\\\/baxie.ch\\\/fr\\\/sacs\\\/gucci\\\/jackie-1961\\\/\"]}]},{\"@type\":\"ImageObject\",\"inLanguage\":\"fr-FR\",\"@id\":\"https:\\\/\\\/baxie.ch\\\/fr\\\/sacs\\\/gucci\\\/jackie-1961\\\/#primaryimage\",\"url\":\"https:\\\/\\\/baxie.ch\\\/wp-content\\\/uploads\\\/2024\\\/04\\\/baxie_bag_rent_gucci_jackie_1961_black_side.png\",\"contentUrl\":\"https:\\\/\\\/baxie.ch\\\/wp-content\\\/uploads\\\/2024\\\/04\\\/baxie_bag_rent_gucci_jackie_1961_black_side.png\",\"width\":1980,\"height\":1980,\"caption\":\"Sac \u00e0 bandouli\u00e8re en cuir noir avec mat\u00e9riel dor\u00e9 de la marque Gucci.\"},{\"@type\":\"BreadcrumbList\",\"@id\":\"https:\\\/\\\/baxie.ch\\\/fr\\\/sacs\\\/gucci\\\/jackie-1961\\\/#breadcrumb\",\"itemListElement\":[{\"@type\":\"ListItem\",\"position\":1,\"name\":\"baxie.ch\",\"item\":\"https:\\\/\\\/baxie.ch\\\/fr\\\/\"},{\"@type\":\"ListItem\",\"position\":2,\"name\":\"Sacs\",\"item\":\"https:\\\/\\\/baxie.ch\\\/fr\\\/sacs\\\/\"},{\"@type\":\"ListItem\",\"position\":3,\"name\":\"Jackie 1961\"}]},{\"@type\":\"WebSite\",\"@id\":\"https:\\\/\\\/baxie.ch\\\/fr\\\/#website\",\"url\":\"https:\\\/\\\/baxie.ch\\\/fr\\\/\",\"name\":\"BAXIE\",\"description\":\"Bei uns gilt das Motto \u201cSharing is Caring\u201d, denn wir glauben, dass wahre Sch\u00f6nheit im Teilen liegt.\",\"publisher\":{\"@id\":\"https:\\\/\\\/baxie.ch\\\/fr\\\/#organization\"},\"alternateName\":\"BAXIE\",\"potentialAction\":[{\"@type\":\"SearchAction\",\"target\":{\"@type\":\"EntryPoint\",\"urlTemplate\":\"https:\\\/\\\/baxie.ch\\\/fr\\\/?s={search_term_string}\"},\"query-input\":{\"@type\":\"PropertyValueSpecification\",\"valueRequired\":true,\"valueName\":\"search_term_string\"}}],\"inLanguage\":\"fr-FR\"},{\"@type\":\"Organization\",\"@id\":\"https:\\\/\\\/baxie.ch\\\/fr\\\/#organization\",\"name\":\"BAXIE GmbH\",\"alternateName\":\"BAXIE\",\"url\":\"https:\\\/\\\/baxie.ch\\\/fr\\\/\",\"logo\":{\"@type\":\"ImageObject\",\"inLanguage\":\"fr-FR\",\"@id\":\"https:\\\/\\\/baxie.ch\\\/fr\\\/#\\\/schema\\\/logo\\\/image\\\/\",\"url\":\"https:\\\/\\\/baxie.ch\\\/wp-content\\\/uploads\\\/2024\\\/07\\\/Frame-1.png\",\"contentUrl\":\"https:\\\/\\\/baxie.ch\\\/wp-content\\\/uploads\\\/2024\\\/07\\\/Frame-1.png\",\"width\":2033,\"height\":1764,\"caption\":\"BAXIE GmbH\"},\"image\":{\"@id\":\"https:\\\/\\\/baxie.ch\\\/fr\\\/#\\\/schema\\\/logo\\\/image\\\/\"},\"sameAs\":[\"https:\\\/\\\/x.com\\\/baxie_ch\",\"https:\\\/\\\/www.tiktok.com\\\/@baxie_official\",\"https:\\\/\\\/www.instagram.com\\\/baxie_official\\\/?hl=de\"]}]}<\/script>\n<!-- \/ Yoast SEO plugin. -->","yoast_head_json":{"title":"Jackie 1961 - BAXIE","description":"BAXIE","robots":{"index":"index","follow":"follow","max-snippet":"max-snippet:-1","max-image-preview":"max-image-preview:large","max-video-preview":"max-video-preview:-1"},"canonical":"https:\/\/baxie.ch\/fr\/sacs\/gucci\/jackie-1961\/","og_locale":"fr_FR","og_type":"article","og_title":"Jackie 1961 - BAXIE","og_description":"BAXIE","og_url":"https:\/\/baxie.ch\/fr\/sacs\/gucci\/jackie-1961\/","og_site_name":"BAXIE","article_modified_time":"2024-06-21T18:50:06+00:00","og_image":[{"width":1980,"height":1980,"url":"https:\/\/baxie.ch\/wp-content\/uploads\/2024\/04\/baxie_bag_rent_gucci_jackie_1961_black_side.png","type":"image\/png"}],"twitter_card":"summary_large_image","twitter_site":"@baxie_ch","twitter_misc":{"Dur\u00e9e de lecture estim\u00e9e":"1 minute"},"schema":{"@context":"https:\/\/schema.org","@graph":[{"@type":"WebPage","@id":"https:\/\/baxie.ch\/fr\/sacs\/gucci\/jackie-1961\/","url":"https:\/\/baxie.ch\/fr\/sacs\/gucci\/jackie-1961\/","name":"Jackie 1961 - BAXIE","isPartOf":{"@id":"https:\/\/baxie.ch\/fr\/#website"},"primaryImageOfPage":{"@id":"https:\/\/baxie.ch\/fr\/sacs\/gucci\/jackie-1961\/#primaryimage"},"image":{"@id":"https:\/\/baxie.ch\/fr\/sacs\/gucci\/jackie-1961\/#primaryimage"},"thumbnailUrl":"https:\/\/baxie.ch\/wp-content\/uploads\/2024\/04\/baxie_bag_rent_gucci_jackie_1961_black_side.png","datePublished":"2024-01-26T14:26:59+00:00","dateModified":"2024-06-21T18:50:06+00:00","description":"BAXIE","breadcrumb":{"@id":"https:\/\/baxie.ch\/fr\/sacs\/gucci\/jackie-1961\/#breadcrumb"},"inLanguage":"fr-FR","potentialAction":[{"@type":"ReadAction","target":["https:\/\/baxie.ch\/fr\/sacs\/gucci\/jackie-1961\/"]}]},{"@type":"ImageObject","inLanguage":"fr-FR","@id":"https:\/\/baxie.ch\/fr\/sacs\/gucci\/jackie-1961\/#primaryimage","url":"https:\/\/baxie.ch\/wp-content\/uploads\/2024\/04\/baxie_bag_rent_gucci_jackie_1961_black_side.png","contentUrl":"https:\/\/baxie.ch\/wp-content\/uploads\/2024\/04\/baxie_bag_rent_gucci_jackie_1961_black_side.png","width":1980,"height":1980,"caption":"Sac \u00e0 bandouli\u00e8re en cuir noir avec mat\u00e9riel dor\u00e9 de la marque Gucci."},{"@type":"BreadcrumbList","@id":"https:\/\/baxie.ch\/fr\/sacs\/gucci\/jackie-1961\/#breadcrumb","itemListElement":[{"@type":"ListItem","position":1,"name":"baxie.ch","item":"https:\/\/baxie.ch\/fr\/"},{"@type":"ListItem","position":2,"name":"Sacs","item":"https:\/\/baxie.ch\/fr\/sacs\/"},{"@type":"ListItem","position":3,"name":"Jackie 1961"}]},{"@type":"WebSite","@id":"https:\/\/baxie.ch\/fr\/#website","url":"https:\/\/baxie.ch\/fr\/","name":"BAXIE","description":"Bei uns gilt das Motto \u201cSharing is Caring\u201d, denn wir glauben, dass wahre Sch\u00f6nheit im Teilen liegt.","publisher":{"@id":"https:\/\/baxie.ch\/fr\/#organization"},"alternateName":"BAXIE","potentialAction":[{"@type":"SearchAction","target":{"@type":"EntryPoint","urlTemplate":"https:\/\/baxie.ch\/fr\/?s={search_term_string}"},"query-input":{"@type":"PropertyValueSpecification","valueRequired":true,"valueName":"search_term_string"}}],"inLanguage":"fr-FR"},{"@type":"Organization","@id":"https:\/\/baxie.ch\/fr\/#organization","name":"BAXIE GmbH","alternateName":"BAXIE","url":"https:\/\/baxie.ch\/fr\/","logo":{"@type":"ImageObject","inLanguage":"fr-FR","@id":"https:\/\/baxie.ch\/fr\/#\/schema\/logo\/image\/","url":"https:\/\/baxie.ch\/wp-content\/uploads\/2024\/07\/Frame-1.png","contentUrl":"https:\/\/baxie.ch\/wp-content\/uploads\/2024\/07\/Frame-1.png","width":2033,"height":1764,"caption":"BAXIE GmbH"},"image":{"@id":"https:\/\/baxie.ch\/fr\/#\/schema\/logo\/image\/"},"sameAs":["https:\/\/x.com\/baxie_ch","https:\/\/www.tiktok.com\/@baxie_official","https:\/\/www.instagram.com\/baxie_official\/?hl=de"]}]}},"_links":{"self":[{"href":"https:\/\/baxie.ch\/fr\/wp-json\/wp\/v2\/product\/1547","targetHints":{"allow":["GET"]}}],"collection":[{"href":"https:\/\/baxie.ch\/fr\/wp-json\/wp\/v2\/product"}],"about":[{"href":"https:\/\/baxie.ch\/fr\/wp-json\/wp\/v2\/types\/product"}],"wp:featuredmedia":[{"embeddable":true,"href":"https:\/\/baxie.ch\/fr\/wp-json\/wp\/v2\/media\/1318"}],"wp:attachment":[{"href":"https:\/\/baxie.ch\/fr\/wp-json\/wp\/v2\/media?parent=1547"}],"wp:term":[{"taxonomy":"marke","embeddable":true,"href":"https:\/\/baxie.ch\/fr\/wp-json\/wp\/v2\/marke?post=1547"},{"taxonomy":"verfugbarkeit","embeddable":true,"href":"https:\/\/baxie.ch\/fr\/wp-json\/wp\/v2\/verfugbarkeit?post=1547"},{"taxonomy":"product_brand","embeddable":true,"href":"https:\/\/baxie.ch\/fr\/wp-json\/wp\/v2\/product_brand?post=1547"},{"taxonomy":"product_cat","embeddable":true,"href":"https:\/\/baxie.ch\/fr\/wp-json\/wp\/v2\/product_cat?post=1547"},{"taxonomy":"product_tag","embeddable":true,"href":"https:\/\/baxie.ch\/fr\/wp-json\/wp\/v2\/product_tag?post=1547"}],"curies":[{"name":"wp","href":"https:\/\/api.w.org\/{rel}","templated":true}]}}