{"id":1553,"date":"2024-04-17T16:35:43","date_gmt":"2024-04-17T14:35:43","guid":{"rendered":"https:\/\/baxie.ch\/taschen\/uncategorized\/randonnee\/"},"modified":"2024-06-22T00:46:25","modified_gmt":"2024-06-21T22:46:25","slug":"randonnee","status":"publish","type":"product","link":"https:\/\/baxie.ch\/fr\/sacs\/miu-miu\/randonnee\/","title":{"rendered":"Wander"},"content":{"rendered":"<p><span style=\"font-weight: 400\">Le sac Wander de Miu Miu se pr\u00e9sente comme une combinaison harmonieuse d&#8217;\u00e9l\u00e9gance et de fonctionnalit\u00e9. Avec son design magistral et son cuir nappa matelass\u00e9 de premi\u00e8re qualit\u00e9, il d\u00e9gage une impression de luxe qui conf\u00e8re une touche particuli\u00e8re \u00e0 chaque occasion. Les d\u00e9tails subtils et le logo distinctif de Miu Miu soulignent son caract\u00e8re exquis, tandis que l&#8217;excellence de l&#8217;artisanat souligne sa qualit\u00e9 exceptionnelle.<\/span><\/p>\n<p><span style=\"font-weight: 400\">Plus qu&#8217;un simple accessoire, le sac Wander est l&#8217;expression m\u00eame du style et du raffinement. Son int\u00e9rieur bien pens\u00e9 offre suffisamment de place pour l&#8217;essentiel, tandis que son \u00e9l\u00e9gante silhouette de hobo d\u00e9gage un charme intemporel. Ce sac est le compagnon id\u00e9al des femmes modernes qui accordent de l&#8217;importance \u00e0 l&#8217;esth\u00e9tique et \u00e0 la praticit\u00e9 au quotidien.<\/span><\/p>\n<p><span style=\"font-weight: 400\">Que ce soit pour un d\u00eener \u00e9l\u00e9gant, au bureau ou pour une promenade improvis\u00e9e en ville, le sac Miu Miu Wander ajoute une touche de luxe \u00e0 n&#8217;importe quelle tenue. Avec elle, chaque jour devient une exp\u00e9rience de mode qui souligne la personnalit\u00e9 individuelle de chaque personne qui la porte.<\/span><\/p>\n<p><b>Louer le sac Miu Miu Wander chez Baxie<\/b><\/p>\n<p><span style=\"font-weight: 400\">Vous voulez d\u00e9couvrir le sac Miu Miu Wander par vous-m\u00eame ? Chez Baxie, le loueur suisse de sacs \u00e0 main de luxe, vous trouverez non seulement le sac de randonn\u00e9e de Miu Miu, mais aussi d&#8217;autres mod\u00e8les exclusifs qui ne gr\u00e8veront pas votre budget. Baxie propose une s\u00e9lection exquise de sacs \u00e0 main de cr\u00e9ateurs, dont l&#8217;ind\u00e9modable sac Miu Miu Wander. Dans le monde de l&#8217;\u00e9l\u00e9gance intemporelle, Baxie joue un r\u00f4le particulier pour vous faire d\u00e9couvrir la diversit\u00e9 des sacs \u00e0 main de cr\u00e9ateurs de qualit\u00e9.<\/span><\/p>\n","protected":false},"excerpt":{"rendered":"<p><span style=\"font-weight: 400\">Le sac Wander, raffin\u00e9 et constamment r\u00e9invent\u00e9, est devenu un \u00e9l\u00e9ment phare et distinctif des collections Miu Miu. Fabriqu\u00e9 en cuir nappa mate de luxe, ce sac impressionne par son effet tridimensionnel, obtenu par un travail artisanal de pr\u00e9cision. La silhouette du hobo allie des r\u00e9miniscences nostalgiques \u00e0 une \u00e9l\u00e9gance contemporaine, devenant ainsi le symbole d&#8217;une f\u00e9minit\u00e9 moderne. Avec sa bandouli\u00e8re r\u00e9glable, le sac Wander offre de multiples possibilit\u00e9s de port et s&#8217;adapte ainsi \u00e0 votre style personnel, qu&#8217;il soit port\u00e9 de mani\u00e8re d\u00e9contract\u00e9e sur l&#8217;\u00e9paule ou de mani\u00e8re \u00e9l\u00e9gante au creux du bras.<\/span><\/p>\n","protected":false},"featured_media":1291,"template":"","meta":{"_acf_changed":false},"marke":[410],"verfugbarkeit":[],"product_brand":[],"product_cat":[22],"product_tag":[341],"class_list":{"0":"post-1553","1":"product","2":"type-product","3":"status-publish","4":"has-post-thumbnail","6":"marke-miu-miu","7":"product_cat-non-classifiee","8":"product_tag-miu-miu-fr","10":"first","11":"instock","12":"sold-individually","13":"taxable","14":"shipping-taxable","15":"purchasable","16":"product-type-variable-subscription"},"acf":[],"yoast_head":"<!-- This site is optimized with the Yoast SEO plugin v27.5 - https:\/\/yoast.com\/product\/yoast-seo-wordpress\/ -->\n<title>Wander - BAXIE<\/title>\n<meta name=\"description\" content=\"BAXIE\" \/>\n<meta name=\"robots\" content=\"index, follow, max-snippet:-1, max-image-preview:large, max-video-preview:-1\" \/>\n<link rel=\"canonical\" href=\"https:\/\/baxie.ch\/fr\/sacs\/miu-miu\/randonnee\/\" \/>\n<meta property=\"og:locale\" content=\"fr_FR\" \/>\n<meta property=\"og:type\" content=\"article\" \/>\n<meta property=\"og:title\" content=\"Wander - BAXIE\" \/>\n<meta property=\"og:description\" content=\"BAXIE\" \/>\n<meta property=\"og:url\" content=\"https:\/\/baxie.ch\/fr\/sacs\/miu-miu\/randonnee\/\" \/>\n<meta property=\"og:site_name\" content=\"BAXIE\" \/>\n<meta property=\"article:modified_time\" content=\"2024-06-21T22:46:25+00:00\" \/>\n<meta property=\"og:image\" content=\"https:\/\/baxie.ch\/wp-content\/uploads\/2024\/04\/baxie_bag_rent_miu_miu_wander_mango_side-3.png\" \/>\n\t<meta property=\"og:image:width\" content=\"1980\" \/>\n\t<meta property=\"og:image:height\" content=\"1980\" \/>\n\t<meta property=\"og:image:type\" content=\"image\/png\" \/>\n<meta name=\"twitter:card\" content=\"summary_large_image\" \/>\n<meta name=\"twitter:site\" content=\"@baxie_ch\" \/>\n<meta name=\"twitter:label1\" content=\"Dur\u00e9e de lecture estim\u00e9e\" \/>\n\t<meta name=\"twitter:data1\" content=\"1 minute\" \/>\n<script type=\"application\/ld+json\" class=\"yoast-schema-graph\">{\"@context\":\"https:\\\/\\\/schema.org\",\"@graph\":[{\"@type\":\"WebPage\",\"@id\":\"https:\\\/\\\/baxie.ch\\\/fr\\\/sacs\\\/miu-miu\\\/randonnee\\\/\",\"url\":\"https:\\\/\\\/baxie.ch\\\/fr\\\/sacs\\\/miu-miu\\\/randonnee\\\/\",\"name\":\"Wander - BAXIE\",\"isPartOf\":{\"@id\":\"https:\\\/\\\/baxie.ch\\\/fr\\\/#website\"},\"primaryImageOfPage\":{\"@id\":\"https:\\\/\\\/baxie.ch\\\/fr\\\/sacs\\\/miu-miu\\\/randonnee\\\/#primaryimage\"},\"image\":{\"@id\":\"https:\\\/\\\/baxie.ch\\\/fr\\\/sacs\\\/miu-miu\\\/randonnee\\\/#primaryimage\"},\"thumbnailUrl\":\"https:\\\/\\\/baxie.ch\\\/wp-content\\\/uploads\\\/2024\\\/04\\\/baxie_bag_rent_miu_miu_wander_mango_side-3.png\",\"datePublished\":\"2024-04-17T14:35:43+00:00\",\"dateModified\":\"2024-06-21T22:46:25+00:00\",\"description\":\"BAXIE\",\"breadcrumb\":{\"@id\":\"https:\\\/\\\/baxie.ch\\\/fr\\\/sacs\\\/miu-miu\\\/randonnee\\\/#breadcrumb\"},\"inLanguage\":\"fr-FR\",\"potentialAction\":[{\"@type\":\"ReadAction\",\"target\":[\"https:\\\/\\\/baxie.ch\\\/fr\\\/sacs\\\/miu-miu\\\/randonnee\\\/\"]}]},{\"@type\":\"ImageObject\",\"inLanguage\":\"fr-FR\",\"@id\":\"https:\\\/\\\/baxie.ch\\\/fr\\\/sacs\\\/miu-miu\\\/randonnee\\\/#primaryimage\",\"url\":\"https:\\\/\\\/baxie.ch\\\/wp-content\\\/uploads\\\/2024\\\/04\\\/baxie_bag_rent_miu_miu_wander_mango_side-3.png\",\"contentUrl\":\"https:\\\/\\\/baxie.ch\\\/wp-content\\\/uploads\\\/2024\\\/04\\\/baxie_bag_rent_miu_miu_wander_mango_side-3.png\",\"width\":1980,\"height\":1980,\"caption\":\"Un petit sac \u00e0 main vert en cuir matelass\u00e9 et avec du mat\u00e9riel dor\u00e9 de la marque Miu Miu.\"},{\"@type\":\"BreadcrumbList\",\"@id\":\"https:\\\/\\\/baxie.ch\\\/fr\\\/sacs\\\/miu-miu\\\/randonnee\\\/#breadcrumb\",\"itemListElement\":[{\"@type\":\"ListItem\",\"position\":1,\"name\":\"baxie.ch\",\"item\":\"https:\\\/\\\/baxie.ch\\\/fr\\\/\"},{\"@type\":\"ListItem\",\"position\":2,\"name\":\"Sacs\",\"item\":\"https:\\\/\\\/baxie.ch\\\/fr\\\/sacs\\\/\"},{\"@type\":\"ListItem\",\"position\":3,\"name\":\"Wander\"}]},{\"@type\":\"WebSite\",\"@id\":\"https:\\\/\\\/baxie.ch\\\/fr\\\/#website\",\"url\":\"https:\\\/\\\/baxie.ch\\\/fr\\\/\",\"name\":\"BAXIE\",\"description\":\"Bei uns gilt das Motto \u201cSharing is Caring\u201d, denn wir glauben, dass wahre Sch\u00f6nheit im Teilen liegt.\",\"publisher\":{\"@id\":\"https:\\\/\\\/baxie.ch\\\/fr\\\/#organization\"},\"alternateName\":\"BAXIE\",\"potentialAction\":[{\"@type\":\"SearchAction\",\"target\":{\"@type\":\"EntryPoint\",\"urlTemplate\":\"https:\\\/\\\/baxie.ch\\\/fr\\\/?s={search_term_string}\"},\"query-input\":{\"@type\":\"PropertyValueSpecification\",\"valueRequired\":true,\"valueName\":\"search_term_string\"}}],\"inLanguage\":\"fr-FR\"},{\"@type\":\"Organization\",\"@id\":\"https:\\\/\\\/baxie.ch\\\/fr\\\/#organization\",\"name\":\"BAXIE GmbH\",\"alternateName\":\"BAXIE\",\"url\":\"https:\\\/\\\/baxie.ch\\\/fr\\\/\",\"logo\":{\"@type\":\"ImageObject\",\"inLanguage\":\"fr-FR\",\"@id\":\"https:\\\/\\\/baxie.ch\\\/fr\\\/#\\\/schema\\\/logo\\\/image\\\/\",\"url\":\"https:\\\/\\\/baxie.ch\\\/wp-content\\\/uploads\\\/2024\\\/07\\\/Frame-1.png\",\"contentUrl\":\"https:\\\/\\\/baxie.ch\\\/wp-content\\\/uploads\\\/2024\\\/07\\\/Frame-1.png\",\"width\":2033,\"height\":1764,\"caption\":\"BAXIE GmbH\"},\"image\":{\"@id\":\"https:\\\/\\\/baxie.ch\\\/fr\\\/#\\\/schema\\\/logo\\\/image\\\/\"},\"sameAs\":[\"https:\\\/\\\/x.com\\\/baxie_ch\",\"https:\\\/\\\/www.tiktok.com\\\/@baxie_official\",\"https:\\\/\\\/www.instagram.com\\\/baxie_official\\\/?hl=de\"]}]}<\/script>\n<!-- \/ Yoast SEO plugin. -->","yoast_head_json":{"title":"Wander - BAXIE","description":"BAXIE","robots":{"index":"index","follow":"follow","max-snippet":"max-snippet:-1","max-image-preview":"max-image-preview:large","max-video-preview":"max-video-preview:-1"},"canonical":"https:\/\/baxie.ch\/fr\/sacs\/miu-miu\/randonnee\/","og_locale":"fr_FR","og_type":"article","og_title":"Wander - BAXIE","og_description":"BAXIE","og_url":"https:\/\/baxie.ch\/fr\/sacs\/miu-miu\/randonnee\/","og_site_name":"BAXIE","article_modified_time":"2024-06-21T22:46:25+00:00","og_image":[{"width":1980,"height":1980,"url":"https:\/\/baxie.ch\/wp-content\/uploads\/2024\/04\/baxie_bag_rent_miu_miu_wander_mango_side-3.png","type":"image\/png"}],"twitter_card":"summary_large_image","twitter_site":"@baxie_ch","twitter_misc":{"Dur\u00e9e de lecture estim\u00e9e":"1 minute"},"schema":{"@context":"https:\/\/schema.org","@graph":[{"@type":"WebPage","@id":"https:\/\/baxie.ch\/fr\/sacs\/miu-miu\/randonnee\/","url":"https:\/\/baxie.ch\/fr\/sacs\/miu-miu\/randonnee\/","name":"Wander - BAXIE","isPartOf":{"@id":"https:\/\/baxie.ch\/fr\/#website"},"primaryImageOfPage":{"@id":"https:\/\/baxie.ch\/fr\/sacs\/miu-miu\/randonnee\/#primaryimage"},"image":{"@id":"https:\/\/baxie.ch\/fr\/sacs\/miu-miu\/randonnee\/#primaryimage"},"thumbnailUrl":"https:\/\/baxie.ch\/wp-content\/uploads\/2024\/04\/baxie_bag_rent_miu_miu_wander_mango_side-3.png","datePublished":"2024-04-17T14:35:43+00:00","dateModified":"2024-06-21T22:46:25+00:00","description":"BAXIE","breadcrumb":{"@id":"https:\/\/baxie.ch\/fr\/sacs\/miu-miu\/randonnee\/#breadcrumb"},"inLanguage":"fr-FR","potentialAction":[{"@type":"ReadAction","target":["https:\/\/baxie.ch\/fr\/sacs\/miu-miu\/randonnee\/"]}]},{"@type":"ImageObject","inLanguage":"fr-FR","@id":"https:\/\/baxie.ch\/fr\/sacs\/miu-miu\/randonnee\/#primaryimage","url":"https:\/\/baxie.ch\/wp-content\/uploads\/2024\/04\/baxie_bag_rent_miu_miu_wander_mango_side-3.png","contentUrl":"https:\/\/baxie.ch\/wp-content\/uploads\/2024\/04\/baxie_bag_rent_miu_miu_wander_mango_side-3.png","width":1980,"height":1980,"caption":"Un petit sac \u00e0 main vert en cuir matelass\u00e9 et avec du mat\u00e9riel dor\u00e9 de la marque Miu Miu."},{"@type":"BreadcrumbList","@id":"https:\/\/baxie.ch\/fr\/sacs\/miu-miu\/randonnee\/#breadcrumb","itemListElement":[{"@type":"ListItem","position":1,"name":"baxie.ch","item":"https:\/\/baxie.ch\/fr\/"},{"@type":"ListItem","position":2,"name":"Sacs","item":"https:\/\/baxie.ch\/fr\/sacs\/"},{"@type":"ListItem","position":3,"name":"Wander"}]},{"@type":"WebSite","@id":"https:\/\/baxie.ch\/fr\/#website","url":"https:\/\/baxie.ch\/fr\/","name":"BAXIE","description":"Bei uns gilt das Motto \u201cSharing is Caring\u201d, denn wir glauben, dass wahre Sch\u00f6nheit im Teilen liegt.","publisher":{"@id":"https:\/\/baxie.ch\/fr\/#organization"},"alternateName":"BAXIE","potentialAction":[{"@type":"SearchAction","target":{"@type":"EntryPoint","urlTemplate":"https:\/\/baxie.ch\/fr\/?s={search_term_string}"},"query-input":{"@type":"PropertyValueSpecification","valueRequired":true,"valueName":"search_term_string"}}],"inLanguage":"fr-FR"},{"@type":"Organization","@id":"https:\/\/baxie.ch\/fr\/#organization","name":"BAXIE GmbH","alternateName":"BAXIE","url":"https:\/\/baxie.ch\/fr\/","logo":{"@type":"ImageObject","inLanguage":"fr-FR","@id":"https:\/\/baxie.ch\/fr\/#\/schema\/logo\/image\/","url":"https:\/\/baxie.ch\/wp-content\/uploads\/2024\/07\/Frame-1.png","contentUrl":"https:\/\/baxie.ch\/wp-content\/uploads\/2024\/07\/Frame-1.png","width":2033,"height":1764,"caption":"BAXIE GmbH"},"image":{"@id":"https:\/\/baxie.ch\/fr\/#\/schema\/logo\/image\/"},"sameAs":["https:\/\/x.com\/baxie_ch","https:\/\/www.tiktok.com\/@baxie_official","https:\/\/www.instagram.com\/baxie_official\/?hl=de"]}]}},"_links":{"self":[{"href":"https:\/\/baxie.ch\/fr\/wp-json\/wp\/v2\/product\/1553","targetHints":{"allow":["GET"]}}],"collection":[{"href":"https:\/\/baxie.ch\/fr\/wp-json\/wp\/v2\/product"}],"about":[{"href":"https:\/\/baxie.ch\/fr\/wp-json\/wp\/v2\/types\/product"}],"wp:featuredmedia":[{"embeddable":true,"href":"https:\/\/baxie.ch\/fr\/wp-json\/wp\/v2\/media\/1291"}],"wp:attachment":[{"href":"https:\/\/baxie.ch\/fr\/wp-json\/wp\/v2\/media?parent=1553"}],"wp:term":[{"taxonomy":"marke","embeddable":true,"href":"https:\/\/baxie.ch\/fr\/wp-json\/wp\/v2\/marke?post=1553"},{"taxonomy":"verfugbarkeit","embeddable":true,"href":"https:\/\/baxie.ch\/fr\/wp-json\/wp\/v2\/verfugbarkeit?post=1553"},{"taxonomy":"product_brand","embeddable":true,"href":"https:\/\/baxie.ch\/fr\/wp-json\/wp\/v2\/product_brand?post=1553"},{"taxonomy":"product_cat","embeddable":true,"href":"https:\/\/baxie.ch\/fr\/wp-json\/wp\/v2\/product_cat?post=1553"},{"taxonomy":"product_tag","embeddable":true,"href":"https:\/\/baxie.ch\/fr\/wp-json\/wp\/v2\/product_tag?post=1553"}],"curies":[{"name":"wp","href":"https:\/\/api.w.org\/{rel}","templated":true}]}}