{"id":1563,"date":"2024-01-15T14:40:37","date_gmt":"2024-01-15T13:40:37","guid":{"rendered":"https:\/\/baxie.ch\/taschen\/uncategorized\/mini-arco-tote\/"},"modified":"2025-01-15T15:22:28","modified_gmt":"2025-01-15T14:22:28","slug":"mini-arco-tote","status":"publish","type":"product","link":"https:\/\/baxie.ch\/fr\/sacs\/bottega-veneta\/mini-arco-tote\/","title":{"rendered":"Mini Arco Tote"},"content":{"rendered":"<p>L&#8217;Arco de Bottega Veneta est un accessoire sophistiqu\u00e9 pour les femmes soucieuses de la mode et sensibles \u00e0 l&#8217;\u00e9l\u00e9gance intemporelle. Le cuir lisse conf\u00e8re au sac une texture luxueuse et souligne son allure raffin\u00e9e. Avec son design g\u00e9n\u00e9reux, l&#8217;Arco offre suffisamment de place pour essentiels tout en s\u00e9duisant par sa l\u00e9g\u00e8ret\u00e9.<\/p>\n<p>Ce sac \u00e0 main n&#8217;est pas seulement une d\u00e9claration de mode, il exprime aussi une classe et un style intemporel. La conception simple, sans logo excessif, souligne le charme subtil de ce sac. L&#8217;Arco de Bottega Veneta est le compagnon id\u00e9al des femmes qui appr\u00e9cient un style sophistiqu\u00e9 et des mat\u00e9riaux de qualit\u00e9.<\/p>\n<p>Que vous le portiez pour un d\u00eener \u00e9l\u00e9gant, au bureau ou pour une promenade d\u00e9tendue en ville, l&#8217;Arco ajoute une touche de luxe et de style \u00e0 toutes les occasions. D\u00e9couvrez l&#8217;\u00e9l\u00e9gance intemporelle et la polyvalence de ce sac \u00e0 main de cr\u00e9ateur chez Baxie, le loueur suisse de sacs \u00e0 main de luxe.<\/p>\n<p><strong>Louer l&#8217;Arco de Bottega Veneta chez Baxie <\/strong><\/p>\n<p>Vous voulez faire l&#8217;exp\u00e9rience de l&#8217;Arco exclusif de Bottega Veneta ? Chez Baxie, vous pouvez choisir non seulement l&#8217;Arco, mais aussi d&#8217;autres mod\u00e8les exclusifs. Tout cela sans grever excessivement votre budget. Baxie mise sur des sacs \u00e0 main de cr\u00e9ateurs de qualit\u00e9, notamment l&#8217;intemporel Arco de Bottega Veneta. Dans le monde moderne de l&#8217;\u00e9l\u00e9gance intemporelle, Baxie joue un r\u00f4le particulier pour vous faire d\u00e9couvrir la diversit\u00e9 des sacs \u00e0 main de cr\u00e9ateurs de qualit\u00e9.<\/p>\n","protected":false},"excerpt":{"rendered":"<p>Le Mini Arco Tote de Bottega Veneta : un chef-d&#8217;\u0153uvre d&#8217;\u00e9l\u00e9gance. Avec son design tress\u00e9 embl\u00e9matique, il incarne le luxe intemporel de la marque. Peut \u00eatre port\u00e9 \u00e0 la main ou \u00e0 l&#8217;\u00e9paule. Les objets de valeur peuvent \u00eatre facilement rang\u00e9s dans la poche int\u00e9rieure zipp\u00e9e.<br \/>\nCompact mais suffisamment spacieux pour contenir l&#8217;essentiel, le Mini Arco est le compagnon id\u00e9al pour toutes les occasions.<\/p>\n","protected":false},"featured_media":740,"template":"","meta":{"_acf_changed":false},"marke":[422],"verfugbarkeit":[],"product_brand":[],"product_cat":[22],"product_tag":[280],"class_list":{"0":"post-1563","1":"product","2":"type-product","3":"status-publish","4":"has-post-thumbnail","6":"marke-bottega-veneta","7":"product_cat-non-classifiee","8":"product_tag-bottega-veneta-fr","10":"first","11":"instock","12":"sold-individually","13":"taxable","14":"shipping-taxable","15":"purchasable","16":"product-type-variable-subscription"},"acf":[],"yoast_head":"<!-- This site is optimized with the Yoast SEO plugin v27.5 - https:\/\/yoast.com\/product\/yoast-seo-wordpress\/ -->\n<title>Mini Arco Tote - BAXIE<\/title>\n<meta name=\"description\" content=\"BAXIE\" \/>\n<meta name=\"robots\" content=\"index, follow, max-snippet:-1, max-image-preview:large, max-video-preview:-1\" \/>\n<link rel=\"canonical\" href=\"https:\/\/baxie.ch\/fr\/sacs\/bottega-veneta\/mini-arco-tote\/\" \/>\n<meta property=\"og:locale\" content=\"fr_FR\" \/>\n<meta property=\"og:type\" content=\"article\" \/>\n<meta property=\"og:title\" content=\"Mini Arco Tote - BAXIE\" \/>\n<meta property=\"og:description\" content=\"BAXIE\" \/>\n<meta property=\"og:url\" content=\"https:\/\/baxie.ch\/fr\/sacs\/bottega-veneta\/mini-arco-tote\/\" \/>\n<meta property=\"og:site_name\" content=\"BAXIE\" \/>\n<meta property=\"article:modified_time\" content=\"2025-01-15T14:22:28+00:00\" \/>\n<meta property=\"og:image\" content=\"https:\/\/baxie.ch\/wp-content\/uploads\/2024\/01\/baxie_bag_rent_bottega_mini_arco_tote_fennel_side.png?ver=1717060973\" \/>\n\t<meta property=\"og:image:width\" content=\"1980\" \/>\n\t<meta property=\"og:image:height\" content=\"1980\" \/>\n\t<meta property=\"og:image:type\" content=\"image\/png\" \/>\n<meta name=\"twitter:card\" content=\"summary_large_image\" \/>\n<meta name=\"twitter:site\" content=\"@baxie_ch\" \/>\n<meta name=\"twitter:label1\" content=\"Dur\u00e9e de lecture estim\u00e9e\" \/>\n\t<meta name=\"twitter:data1\" content=\"2 minutes\" \/>\n<script type=\"application\/ld+json\" class=\"yoast-schema-graph\">{\"@context\":\"https:\\\/\\\/schema.org\",\"@graph\":[{\"@type\":\"WebPage\",\"@id\":\"https:\\\/\\\/baxie.ch\\\/fr\\\/sacs\\\/bottega-veneta\\\/mini-arco-tote\\\/\",\"url\":\"https:\\\/\\\/baxie.ch\\\/fr\\\/sacs\\\/bottega-veneta\\\/mini-arco-tote\\\/\",\"name\":\"Mini Arco Tote - BAXIE\",\"isPartOf\":{\"@id\":\"https:\\\/\\\/baxie.ch\\\/fr\\\/#website\"},\"primaryImageOfPage\":{\"@id\":\"https:\\\/\\\/baxie.ch\\\/fr\\\/sacs\\\/bottega-veneta\\\/mini-arco-tote\\\/#primaryimage\"},\"image\":{\"@id\":\"https:\\\/\\\/baxie.ch\\\/fr\\\/sacs\\\/bottega-veneta\\\/mini-arco-tote\\\/#primaryimage\"},\"thumbnailUrl\":\"https:\\\/\\\/baxie.ch\\\/wp-content\\\/uploads\\\/2024\\\/01\\\/baxie_bag_rent_bottega_mini_arco_tote_fennel_side.png?ver=1717060973\",\"datePublished\":\"2024-01-15T13:40:37+00:00\",\"dateModified\":\"2025-01-15T14:22:28+00:00\",\"description\":\"BAXIE\",\"breadcrumb\":{\"@id\":\"https:\\\/\\\/baxie.ch\\\/fr\\\/sacs\\\/bottega-veneta\\\/mini-arco-tote\\\/#breadcrumb\"},\"inLanguage\":\"fr-FR\",\"potentialAction\":[{\"@type\":\"ReadAction\",\"target\":[\"https:\\\/\\\/baxie.ch\\\/fr\\\/sacs\\\/bottega-veneta\\\/mini-arco-tote\\\/\"]}]},{\"@type\":\"ImageObject\",\"inLanguage\":\"fr-FR\",\"@id\":\"https:\\\/\\\/baxie.ch\\\/fr\\\/sacs\\\/bottega-veneta\\\/mini-arco-tote\\\/#primaryimage\",\"url\":\"https:\\\/\\\/baxie.ch\\\/wp-content\\\/uploads\\\/2024\\\/01\\\/baxie_bag_rent_bottega_mini_arco_tote_fennel_side.png?ver=1717060973\",\"contentUrl\":\"https:\\\/\\\/baxie.ch\\\/wp-content\\\/uploads\\\/2024\\\/01\\\/baxie_bag_rent_bottega_mini_arco_tote_fennel_side.png?ver=1717060973\",\"width\":1980,\"height\":1980,\"caption\":\"Un petit sac \u00e0 main en cuir vert clair tress\u00e9 de la marque Bottega Veneta.\"},{\"@type\":\"BreadcrumbList\",\"@id\":\"https:\\\/\\\/baxie.ch\\\/fr\\\/sacs\\\/bottega-veneta\\\/mini-arco-tote\\\/#breadcrumb\",\"itemListElement\":[{\"@type\":\"ListItem\",\"position\":1,\"name\":\"baxie.ch\",\"item\":\"https:\\\/\\\/baxie.ch\\\/fr\\\/\"},{\"@type\":\"ListItem\",\"position\":2,\"name\":\"Sacs\",\"item\":\"https:\\\/\\\/baxie.ch\\\/fr\\\/sacs\\\/\"},{\"@type\":\"ListItem\",\"position\":3,\"name\":\"Mini Arco Tote\"}]},{\"@type\":\"WebSite\",\"@id\":\"https:\\\/\\\/baxie.ch\\\/fr\\\/#website\",\"url\":\"https:\\\/\\\/baxie.ch\\\/fr\\\/\",\"name\":\"BAXIE\",\"description\":\"Bei uns gilt das Motto \u201cSharing is Caring\u201d, denn wir glauben, dass wahre Sch\u00f6nheit im Teilen liegt.\",\"publisher\":{\"@id\":\"https:\\\/\\\/baxie.ch\\\/fr\\\/#organization\"},\"alternateName\":\"BAXIE\",\"potentialAction\":[{\"@type\":\"SearchAction\",\"target\":{\"@type\":\"EntryPoint\",\"urlTemplate\":\"https:\\\/\\\/baxie.ch\\\/fr\\\/?s={search_term_string}\"},\"query-input\":{\"@type\":\"PropertyValueSpecification\",\"valueRequired\":true,\"valueName\":\"search_term_string\"}}],\"inLanguage\":\"fr-FR\"},{\"@type\":\"Organization\",\"@id\":\"https:\\\/\\\/baxie.ch\\\/fr\\\/#organization\",\"name\":\"BAXIE GmbH\",\"alternateName\":\"BAXIE\",\"url\":\"https:\\\/\\\/baxie.ch\\\/fr\\\/\",\"logo\":{\"@type\":\"ImageObject\",\"inLanguage\":\"fr-FR\",\"@id\":\"https:\\\/\\\/baxie.ch\\\/fr\\\/#\\\/schema\\\/logo\\\/image\\\/\",\"url\":\"https:\\\/\\\/baxie.ch\\\/wp-content\\\/uploads\\\/2024\\\/07\\\/Frame-1.png\",\"contentUrl\":\"https:\\\/\\\/baxie.ch\\\/wp-content\\\/uploads\\\/2024\\\/07\\\/Frame-1.png\",\"width\":2033,\"height\":1764,\"caption\":\"BAXIE GmbH\"},\"image\":{\"@id\":\"https:\\\/\\\/baxie.ch\\\/fr\\\/#\\\/schema\\\/logo\\\/image\\\/\"},\"sameAs\":[\"https:\\\/\\\/x.com\\\/baxie_ch\",\"https:\\\/\\\/www.tiktok.com\\\/@baxie_official\",\"https:\\\/\\\/www.instagram.com\\\/baxie_official\\\/?hl=de\"]}]}<\/script>\n<!-- \/ Yoast SEO plugin. -->","yoast_head_json":{"title":"Mini Arco Tote - BAXIE","description":"BAXIE","robots":{"index":"index","follow":"follow","max-snippet":"max-snippet:-1","max-image-preview":"max-image-preview:large","max-video-preview":"max-video-preview:-1"},"canonical":"https:\/\/baxie.ch\/fr\/sacs\/bottega-veneta\/mini-arco-tote\/","og_locale":"fr_FR","og_type":"article","og_title":"Mini Arco Tote - BAXIE","og_description":"BAXIE","og_url":"https:\/\/baxie.ch\/fr\/sacs\/bottega-veneta\/mini-arco-tote\/","og_site_name":"BAXIE","article_modified_time":"2025-01-15T14:22:28+00:00","og_image":[{"width":1980,"height":1980,"url":"https:\/\/baxie.ch\/wp-content\/uploads\/2024\/01\/baxie_bag_rent_bottega_mini_arco_tote_fennel_side.png?ver=1717060973","type":"image\/png"}],"twitter_card":"summary_large_image","twitter_site":"@baxie_ch","twitter_misc":{"Dur\u00e9e de lecture estim\u00e9e":"2 minutes"},"schema":{"@context":"https:\/\/schema.org","@graph":[{"@type":"WebPage","@id":"https:\/\/baxie.ch\/fr\/sacs\/bottega-veneta\/mini-arco-tote\/","url":"https:\/\/baxie.ch\/fr\/sacs\/bottega-veneta\/mini-arco-tote\/","name":"Mini Arco Tote - BAXIE","isPartOf":{"@id":"https:\/\/baxie.ch\/fr\/#website"},"primaryImageOfPage":{"@id":"https:\/\/baxie.ch\/fr\/sacs\/bottega-veneta\/mini-arco-tote\/#primaryimage"},"image":{"@id":"https:\/\/baxie.ch\/fr\/sacs\/bottega-veneta\/mini-arco-tote\/#primaryimage"},"thumbnailUrl":"https:\/\/baxie.ch\/wp-content\/uploads\/2024\/01\/baxie_bag_rent_bottega_mini_arco_tote_fennel_side.png?ver=1717060973","datePublished":"2024-01-15T13:40:37+00:00","dateModified":"2025-01-15T14:22:28+00:00","description":"BAXIE","breadcrumb":{"@id":"https:\/\/baxie.ch\/fr\/sacs\/bottega-veneta\/mini-arco-tote\/#breadcrumb"},"inLanguage":"fr-FR","potentialAction":[{"@type":"ReadAction","target":["https:\/\/baxie.ch\/fr\/sacs\/bottega-veneta\/mini-arco-tote\/"]}]},{"@type":"ImageObject","inLanguage":"fr-FR","@id":"https:\/\/baxie.ch\/fr\/sacs\/bottega-veneta\/mini-arco-tote\/#primaryimage","url":"https:\/\/baxie.ch\/wp-content\/uploads\/2024\/01\/baxie_bag_rent_bottega_mini_arco_tote_fennel_side.png?ver=1717060973","contentUrl":"https:\/\/baxie.ch\/wp-content\/uploads\/2024\/01\/baxie_bag_rent_bottega_mini_arco_tote_fennel_side.png?ver=1717060973","width":1980,"height":1980,"caption":"Un petit sac \u00e0 main en cuir vert clair tress\u00e9 de la marque Bottega Veneta."},{"@type":"BreadcrumbList","@id":"https:\/\/baxie.ch\/fr\/sacs\/bottega-veneta\/mini-arco-tote\/#breadcrumb","itemListElement":[{"@type":"ListItem","position":1,"name":"baxie.ch","item":"https:\/\/baxie.ch\/fr\/"},{"@type":"ListItem","position":2,"name":"Sacs","item":"https:\/\/baxie.ch\/fr\/sacs\/"},{"@type":"ListItem","position":3,"name":"Mini Arco Tote"}]},{"@type":"WebSite","@id":"https:\/\/baxie.ch\/fr\/#website","url":"https:\/\/baxie.ch\/fr\/","name":"BAXIE","description":"Bei uns gilt das Motto \u201cSharing is Caring\u201d, denn wir glauben, dass wahre Sch\u00f6nheit im Teilen liegt.","publisher":{"@id":"https:\/\/baxie.ch\/fr\/#organization"},"alternateName":"BAXIE","potentialAction":[{"@type":"SearchAction","target":{"@type":"EntryPoint","urlTemplate":"https:\/\/baxie.ch\/fr\/?s={search_term_string}"},"query-input":{"@type":"PropertyValueSpecification","valueRequired":true,"valueName":"search_term_string"}}],"inLanguage":"fr-FR"},{"@type":"Organization","@id":"https:\/\/baxie.ch\/fr\/#organization","name":"BAXIE GmbH","alternateName":"BAXIE","url":"https:\/\/baxie.ch\/fr\/","logo":{"@type":"ImageObject","inLanguage":"fr-FR","@id":"https:\/\/baxie.ch\/fr\/#\/schema\/logo\/image\/","url":"https:\/\/baxie.ch\/wp-content\/uploads\/2024\/07\/Frame-1.png","contentUrl":"https:\/\/baxie.ch\/wp-content\/uploads\/2024\/07\/Frame-1.png","width":2033,"height":1764,"caption":"BAXIE GmbH"},"image":{"@id":"https:\/\/baxie.ch\/fr\/#\/schema\/logo\/image\/"},"sameAs":["https:\/\/x.com\/baxie_ch","https:\/\/www.tiktok.com\/@baxie_official","https:\/\/www.instagram.com\/baxie_official\/?hl=de"]}]}},"_links":{"self":[{"href":"https:\/\/baxie.ch\/fr\/wp-json\/wp\/v2\/product\/1563","targetHints":{"allow":["GET"]}}],"collection":[{"href":"https:\/\/baxie.ch\/fr\/wp-json\/wp\/v2\/product"}],"about":[{"href":"https:\/\/baxie.ch\/fr\/wp-json\/wp\/v2\/types\/product"}],"wp:featuredmedia":[{"embeddable":true,"href":"https:\/\/baxie.ch\/fr\/wp-json\/wp\/v2\/media\/740"}],"wp:attachment":[{"href":"https:\/\/baxie.ch\/fr\/wp-json\/wp\/v2\/media?parent=1563"}],"wp:term":[{"taxonomy":"marke","embeddable":true,"href":"https:\/\/baxie.ch\/fr\/wp-json\/wp\/v2\/marke?post=1563"},{"taxonomy":"verfugbarkeit","embeddable":true,"href":"https:\/\/baxie.ch\/fr\/wp-json\/wp\/v2\/verfugbarkeit?post=1563"},{"taxonomy":"product_brand","embeddable":true,"href":"https:\/\/baxie.ch\/fr\/wp-json\/wp\/v2\/product_brand?post=1563"},{"taxonomy":"product_cat","embeddable":true,"href":"https:\/\/baxie.ch\/fr\/wp-json\/wp\/v2\/product_cat?post=1563"},{"taxonomy":"product_tag","embeddable":true,"href":"https:\/\/baxie.ch\/fr\/wp-json\/wp\/v2\/product_tag?post=1563"}],"curies":[{"name":"wp","href":"https:\/\/api.w.org\/{rel}","templated":true}]}}