{"id":1586,"date":"2023-09-27T00:50:51","date_gmt":"2023-09-26T22:50:51","guid":{"rendered":"https:\/\/baxie.ch\/taschen\/uncategorized\/le-5-a-7-2\/"},"modified":"2025-12-07T15:47:16","modified_gmt":"2025-12-07T14:47:16","slug":"le-5-a-7-2","status":"publish","type":"product","link":"https:\/\/baxie.ch\/fr\/sacs\/saint-laurent\/le-5-a-7-2\/","title":{"rendered":"Le 5 a 7"},"content":{"rendered":"<p>Le 5 \u00e0 7 de Saint Laurent incarne une fusion contemporaine d&#8217;\u00e9l\u00e9gance et de sophistication. Ses lignes soigneusement con\u00e7ues et ses mat\u00e9riaux de qualit\u00e9 lui conf\u00e8rent une aura luxueuse qui rend chaque moment sp\u00e9cial. Le logo embl\u00e9matique de Saint Laurent apporte une touche exclusive, tandis que la pr\u00e9cision de l&#8217;artisanat et l&#8217;attention port\u00e9e aux d\u00e9tails soulignent la qualit\u00e9 exceptionnelle de Saint Laurent.<\/p>\n<p>Le 5 \u00e0 7 n&#8217;est pas seulement un sac, c&#8217;est une expression de style et de classe. Son int\u00e9rieur bien agenc\u00e9 offre suffisamment de place pour l&#8217;essentiel, tandis que sa forme structur\u00e9e et ses accents subtils d\u00e9gagent un charme intemporel. Ce sac est le compagnon id\u00e9al des personnes modernes qui accordent de l&#8217;importance \u00e0 l&#8217;esth\u00e9tique et \u00e0 la fonctionnalit\u00e9.<\/p>\n<p>Que ce soit lors d&#8217;un d\u00eener \u00e9l\u00e9gant, au bureau ou lors d&#8217;une promenade improvis\u00e9e en ville, le Saint Laurent Le 5 \u00e0 7 apporte une touche de glamour et de style \u00e0 toutes les occasions. Avec lui chaque jour devient une exp\u00e9rience de mode qui met en valeur la personnalit\u00e9 individuelle de chaque personne.<\/p>\n<p><strong>Louer le sac Saint Laurent 5 \u00e0 7 chez Baxie <\/strong><\/p>\n<p>Vous voulez faire l&#8217;exp\u00e9rience de Saint Laurent Le 5 \u00e0 7 ? Chez Baxie, le loueur suisse de sacs \u00e0 main de luxe, non seulement les Le 5 \u00e0 7 sont disponibles, mais aussi d&#8217;autres mod\u00e8les exclusifs, sans grever votre budget. Baxie met l&#8217;accent sur les sacs \u00e0 main de cr\u00e9ateurs de qualit\u00e9, notamment le 5 \u00e0 7 de Saint Laurent. Dans le monde moderne de l&#8217;\u00e9l\u00e9gance intemporelle, Baxie joue un r\u00f4le particulier en vous rendant accessible la diversit\u00e9 des sacs \u00e0 main de cr\u00e9ateurs de qualit\u00e9.<\/p>\n","protected":false},"excerpt":{"rendered":"<p>Le sac est doubl\u00e9 de cuir velours de couleur assortie et dispose d&#8217;un passant en cuir avec le logo Cassandre. Le dessus ouvert avec la fermeture \u00e0 crochet Cassandre donne non seulement une finition \u00e9l\u00e9gante au sac, mais permet \u00e9galement d&#8217;acc\u00e9der facilement \u00e0 son contenu. Il combine compacit\u00e9 et espace, avec une poche int\u00e9rieure zipp\u00e9e. La sangle r\u00e9glable permet un port sur mesure.<\/p>\n","protected":false},"featured_media":1321,"template":"","meta":{"_acf_changed":false},"marke":[408],"verfugbarkeit":[],"product_brand":[],"product_cat":[22],"product_tag":[352],"class_list":{"0":"post-1586","1":"product","2":"type-product","3":"status-publish","4":"has-post-thumbnail","6":"marke-saint-laurent","7":"product_cat-non-classifiee","8":"product_tag-saint-laurent-fr","10":"first","11":"instock","12":"sold-individually","13":"taxable","14":"shipping-taxable","15":"purchasable","16":"product-type-variable-subscription"},"acf":[],"yoast_head":"<!-- This site is optimized with the Yoast SEO plugin v27.5 - https:\/\/yoast.com\/product\/yoast-seo-wordpress\/ -->\n<title>Le 5 a 7 - BAXIE<\/title>\n<meta name=\"description\" content=\"BAXIE\" \/>\n<meta name=\"robots\" content=\"index, follow, max-snippet:-1, max-image-preview:large, max-video-preview:-1\" \/>\n<link rel=\"canonical\" href=\"https:\/\/baxie.ch\/fr\/sacs\/saint-laurent\/le-5-a-7-2\/\" \/>\n<meta property=\"og:locale\" content=\"fr_FR\" \/>\n<meta property=\"og:type\" content=\"article\" \/>\n<meta property=\"og:title\" content=\"Le 5 a 7 - BAXIE\" \/>\n<meta property=\"og:description\" content=\"BAXIE\" \/>\n<meta property=\"og:url\" content=\"https:\/\/baxie.ch\/fr\/sacs\/saint-laurent\/le-5-a-7-2\/\" \/>\n<meta property=\"og:site_name\" content=\"BAXIE\" \/>\n<meta property=\"article:modified_time\" content=\"2025-12-07T14:47:16+00:00\" \/>\n<meta property=\"og:image\" content=\"https:\/\/baxie.ch\/wp-content\/uploads\/2024\/04\/baxie_bag_rent_saint_laurent_Le_5_a_7_light_musk_side.png\" \/>\n\t<meta property=\"og:image:width\" content=\"1980\" \/>\n\t<meta property=\"og:image:height\" content=\"1980\" \/>\n\t<meta property=\"og:image:type\" content=\"image\/png\" \/>\n<meta name=\"twitter:card\" content=\"summary_large_image\" \/>\n<meta name=\"twitter:site\" content=\"@baxie_ch\" \/>\n<meta name=\"twitter:label1\" content=\"Dur\u00e9e de lecture estim\u00e9e\" \/>\n\t<meta name=\"twitter:data1\" content=\"1 minute\" \/>\n<script type=\"application\/ld+json\" class=\"yoast-schema-graph\">{\"@context\":\"https:\\\/\\\/schema.org\",\"@graph\":[{\"@type\":\"WebPage\",\"@id\":\"https:\\\/\\\/baxie.ch\\\/fr\\\/sacs\\\/saint-laurent\\\/le-5-a-7-2\\\/\",\"url\":\"https:\\\/\\\/baxie.ch\\\/fr\\\/sacs\\\/saint-laurent\\\/le-5-a-7-2\\\/\",\"name\":\"Le 5 a 7 - BAXIE\",\"isPartOf\":{\"@id\":\"https:\\\/\\\/baxie.ch\\\/fr\\\/#website\"},\"primaryImageOfPage\":{\"@id\":\"https:\\\/\\\/baxie.ch\\\/fr\\\/sacs\\\/saint-laurent\\\/le-5-a-7-2\\\/#primaryimage\"},\"image\":{\"@id\":\"https:\\\/\\\/baxie.ch\\\/fr\\\/sacs\\\/saint-laurent\\\/le-5-a-7-2\\\/#primaryimage\"},\"thumbnailUrl\":\"https:\\\/\\\/baxie.ch\\\/wp-content\\\/uploads\\\/2024\\\/04\\\/baxie_bag_rent_saint_laurent_Le_5_a_7_light_musk_side.png\",\"datePublished\":\"2023-09-26T22:50:51+00:00\",\"dateModified\":\"2025-12-07T14:47:16+00:00\",\"description\":\"BAXIE\",\"breadcrumb\":{\"@id\":\"https:\\\/\\\/baxie.ch\\\/fr\\\/sacs\\\/saint-laurent\\\/le-5-a-7-2\\\/#breadcrumb\"},\"inLanguage\":\"fr-FR\",\"potentialAction\":[{\"@type\":\"ReadAction\",\"target\":[\"https:\\\/\\\/baxie.ch\\\/fr\\\/sacs\\\/saint-laurent\\\/le-5-a-7-2\\\/\"]}]},{\"@type\":\"ImageObject\",\"inLanguage\":\"fr-FR\",\"@id\":\"https:\\\/\\\/baxie.ch\\\/fr\\\/sacs\\\/saint-laurent\\\/le-5-a-7-2\\\/#primaryimage\",\"url\":\"https:\\\/\\\/baxie.ch\\\/wp-content\\\/uploads\\\/2024\\\/04\\\/baxie_bag_rent_saint_laurent_Le_5_a_7_light_musk_side.png\",\"contentUrl\":\"https:\\\/\\\/baxie.ch\\\/wp-content\\\/uploads\\\/2024\\\/04\\\/baxie_bag_rent_saint_laurent_Le_5_a_7_light_musk_side.png\",\"width\":1980,\"height\":1980,\"caption\":\"Un petit sac \u00e0 bandouli\u00e8re en cuir marron et mat\u00e9riel dor\u00e9 de la marque Saint Laurent.\"},{\"@type\":\"BreadcrumbList\",\"@id\":\"https:\\\/\\\/baxie.ch\\\/fr\\\/sacs\\\/saint-laurent\\\/le-5-a-7-2\\\/#breadcrumb\",\"itemListElement\":[{\"@type\":\"ListItem\",\"position\":1,\"name\":\"baxie.ch\",\"item\":\"https:\\\/\\\/baxie.ch\\\/fr\\\/\"},{\"@type\":\"ListItem\",\"position\":2,\"name\":\"Sacs\",\"item\":\"https:\\\/\\\/baxie.ch\\\/fr\\\/sacs\\\/\"},{\"@type\":\"ListItem\",\"position\":3,\"name\":\"Le 5 a 7\"}]},{\"@type\":\"WebSite\",\"@id\":\"https:\\\/\\\/baxie.ch\\\/fr\\\/#website\",\"url\":\"https:\\\/\\\/baxie.ch\\\/fr\\\/\",\"name\":\"BAXIE\",\"description\":\"Bei uns gilt das Motto \u201cSharing is Caring\u201d, denn wir glauben, dass wahre Sch\u00f6nheit im Teilen liegt.\",\"publisher\":{\"@id\":\"https:\\\/\\\/baxie.ch\\\/fr\\\/#organization\"},\"alternateName\":\"BAXIE\",\"potentialAction\":[{\"@type\":\"SearchAction\",\"target\":{\"@type\":\"EntryPoint\",\"urlTemplate\":\"https:\\\/\\\/baxie.ch\\\/fr\\\/?s={search_term_string}\"},\"query-input\":{\"@type\":\"PropertyValueSpecification\",\"valueRequired\":true,\"valueName\":\"search_term_string\"}}],\"inLanguage\":\"fr-FR\"},{\"@type\":\"Organization\",\"@id\":\"https:\\\/\\\/baxie.ch\\\/fr\\\/#organization\",\"name\":\"BAXIE GmbH\",\"alternateName\":\"BAXIE\",\"url\":\"https:\\\/\\\/baxie.ch\\\/fr\\\/\",\"logo\":{\"@type\":\"ImageObject\",\"inLanguage\":\"fr-FR\",\"@id\":\"https:\\\/\\\/baxie.ch\\\/fr\\\/#\\\/schema\\\/logo\\\/image\\\/\",\"url\":\"https:\\\/\\\/baxie.ch\\\/wp-content\\\/uploads\\\/2024\\\/07\\\/Frame-1.png\",\"contentUrl\":\"https:\\\/\\\/baxie.ch\\\/wp-content\\\/uploads\\\/2024\\\/07\\\/Frame-1.png\",\"width\":2033,\"height\":1764,\"caption\":\"BAXIE GmbH\"},\"image\":{\"@id\":\"https:\\\/\\\/baxie.ch\\\/fr\\\/#\\\/schema\\\/logo\\\/image\\\/\"},\"sameAs\":[\"https:\\\/\\\/x.com\\\/baxie_ch\",\"https:\\\/\\\/www.tiktok.com\\\/@baxie_official\",\"https:\\\/\\\/www.instagram.com\\\/baxie_official\\\/?hl=de\"]}]}<\/script>\n<!-- \/ Yoast SEO plugin. -->","yoast_head_json":{"title":"Le 5 a 7 - BAXIE","description":"BAXIE","robots":{"index":"index","follow":"follow","max-snippet":"max-snippet:-1","max-image-preview":"max-image-preview:large","max-video-preview":"max-video-preview:-1"},"canonical":"https:\/\/baxie.ch\/fr\/sacs\/saint-laurent\/le-5-a-7-2\/","og_locale":"fr_FR","og_type":"article","og_title":"Le 5 a 7 - BAXIE","og_description":"BAXIE","og_url":"https:\/\/baxie.ch\/fr\/sacs\/saint-laurent\/le-5-a-7-2\/","og_site_name":"BAXIE","article_modified_time":"2025-12-07T14:47:16+00:00","og_image":[{"width":1980,"height":1980,"url":"https:\/\/baxie.ch\/wp-content\/uploads\/2024\/04\/baxie_bag_rent_saint_laurent_Le_5_a_7_light_musk_side.png","type":"image\/png"}],"twitter_card":"summary_large_image","twitter_site":"@baxie_ch","twitter_misc":{"Dur\u00e9e de lecture estim\u00e9e":"1 minute"},"schema":{"@context":"https:\/\/schema.org","@graph":[{"@type":"WebPage","@id":"https:\/\/baxie.ch\/fr\/sacs\/saint-laurent\/le-5-a-7-2\/","url":"https:\/\/baxie.ch\/fr\/sacs\/saint-laurent\/le-5-a-7-2\/","name":"Le 5 a 7 - BAXIE","isPartOf":{"@id":"https:\/\/baxie.ch\/fr\/#website"},"primaryImageOfPage":{"@id":"https:\/\/baxie.ch\/fr\/sacs\/saint-laurent\/le-5-a-7-2\/#primaryimage"},"image":{"@id":"https:\/\/baxie.ch\/fr\/sacs\/saint-laurent\/le-5-a-7-2\/#primaryimage"},"thumbnailUrl":"https:\/\/baxie.ch\/wp-content\/uploads\/2024\/04\/baxie_bag_rent_saint_laurent_Le_5_a_7_light_musk_side.png","datePublished":"2023-09-26T22:50:51+00:00","dateModified":"2025-12-07T14:47:16+00:00","description":"BAXIE","breadcrumb":{"@id":"https:\/\/baxie.ch\/fr\/sacs\/saint-laurent\/le-5-a-7-2\/#breadcrumb"},"inLanguage":"fr-FR","potentialAction":[{"@type":"ReadAction","target":["https:\/\/baxie.ch\/fr\/sacs\/saint-laurent\/le-5-a-7-2\/"]}]},{"@type":"ImageObject","inLanguage":"fr-FR","@id":"https:\/\/baxie.ch\/fr\/sacs\/saint-laurent\/le-5-a-7-2\/#primaryimage","url":"https:\/\/baxie.ch\/wp-content\/uploads\/2024\/04\/baxie_bag_rent_saint_laurent_Le_5_a_7_light_musk_side.png","contentUrl":"https:\/\/baxie.ch\/wp-content\/uploads\/2024\/04\/baxie_bag_rent_saint_laurent_Le_5_a_7_light_musk_side.png","width":1980,"height":1980,"caption":"Un petit sac \u00e0 bandouli\u00e8re en cuir marron et mat\u00e9riel dor\u00e9 de la marque Saint Laurent."},{"@type":"BreadcrumbList","@id":"https:\/\/baxie.ch\/fr\/sacs\/saint-laurent\/le-5-a-7-2\/#breadcrumb","itemListElement":[{"@type":"ListItem","position":1,"name":"baxie.ch","item":"https:\/\/baxie.ch\/fr\/"},{"@type":"ListItem","position":2,"name":"Sacs","item":"https:\/\/baxie.ch\/fr\/sacs\/"},{"@type":"ListItem","position":3,"name":"Le 5 a 7"}]},{"@type":"WebSite","@id":"https:\/\/baxie.ch\/fr\/#website","url":"https:\/\/baxie.ch\/fr\/","name":"BAXIE","description":"Bei uns gilt das Motto \u201cSharing is Caring\u201d, denn wir glauben, dass wahre Sch\u00f6nheit im Teilen liegt.","publisher":{"@id":"https:\/\/baxie.ch\/fr\/#organization"},"alternateName":"BAXIE","potentialAction":[{"@type":"SearchAction","target":{"@type":"EntryPoint","urlTemplate":"https:\/\/baxie.ch\/fr\/?s={search_term_string}"},"query-input":{"@type":"PropertyValueSpecification","valueRequired":true,"valueName":"search_term_string"}}],"inLanguage":"fr-FR"},{"@type":"Organization","@id":"https:\/\/baxie.ch\/fr\/#organization","name":"BAXIE GmbH","alternateName":"BAXIE","url":"https:\/\/baxie.ch\/fr\/","logo":{"@type":"ImageObject","inLanguage":"fr-FR","@id":"https:\/\/baxie.ch\/fr\/#\/schema\/logo\/image\/","url":"https:\/\/baxie.ch\/wp-content\/uploads\/2024\/07\/Frame-1.png","contentUrl":"https:\/\/baxie.ch\/wp-content\/uploads\/2024\/07\/Frame-1.png","width":2033,"height":1764,"caption":"BAXIE GmbH"},"image":{"@id":"https:\/\/baxie.ch\/fr\/#\/schema\/logo\/image\/"},"sameAs":["https:\/\/x.com\/baxie_ch","https:\/\/www.tiktok.com\/@baxie_official","https:\/\/www.instagram.com\/baxie_official\/?hl=de"]}]}},"_links":{"self":[{"href":"https:\/\/baxie.ch\/fr\/wp-json\/wp\/v2\/product\/1586","targetHints":{"allow":["GET"]}}],"collection":[{"href":"https:\/\/baxie.ch\/fr\/wp-json\/wp\/v2\/product"}],"about":[{"href":"https:\/\/baxie.ch\/fr\/wp-json\/wp\/v2\/types\/product"}],"wp:featuredmedia":[{"embeddable":true,"href":"https:\/\/baxie.ch\/fr\/wp-json\/wp\/v2\/media\/1321"}],"wp:attachment":[{"href":"https:\/\/baxie.ch\/fr\/wp-json\/wp\/v2\/media?parent=1586"}],"wp:term":[{"taxonomy":"marke","embeddable":true,"href":"https:\/\/baxie.ch\/fr\/wp-json\/wp\/v2\/marke?post=1586"},{"taxonomy":"verfugbarkeit","embeddable":true,"href":"https:\/\/baxie.ch\/fr\/wp-json\/wp\/v2\/verfugbarkeit?post=1586"},{"taxonomy":"product_brand","embeddable":true,"href":"https:\/\/baxie.ch\/fr\/wp-json\/wp\/v2\/product_brand?post=1586"},{"taxonomy":"product_cat","embeddable":true,"href":"https:\/\/baxie.ch\/fr\/wp-json\/wp\/v2\/product_cat?post=1586"},{"taxonomy":"product_tag","embeddable":true,"href":"https:\/\/baxie.ch\/fr\/wp-json\/wp\/v2\/product_tag?post=1586"}],"curies":[{"name":"wp","href":"https:\/\/api.w.org\/{rel}","templated":true}]}}