{"id":1602,"date":"2023-09-27T00:42:02","date_gmt":"2023-09-26T22:42:02","guid":{"rendered":"https:\/\/baxie.ch\/taschen\/uncategorized\/gucci-bamboo-1947\/"},"modified":"2024-06-18T08:00:49","modified_gmt":"2024-06-18T06:00:49","slug":"gucci-bamboo-1947","status":"publish","type":"product","link":"https:\/\/baxie.ch\/fr\/sacs\/gucci\/gucci-bamboo-1947\/","title":{"rendered":"Gucci Bamboo 1947"},"content":{"rendered":"<p>Ic\u00f4ne d&#8217;une \u00e9l\u00e9gance intemporelle, le sac \u00e0 main Gucci Bamboo symbolise la fusion unique du raffinement et de l&#8217;amour de la nature. Son design se distingue par une poign\u00e9e en bambou caract\u00e9ristique qui, en plus de conf\u00e9rer une touche d&#8217;exclusivit\u00e9, repr\u00e9sente le savoir-faire et l&#8217;innovation de Gucci.<\/p>\n<p>Le cuir souple et la finition soign\u00e9e font du sac \u00e0 main Bamboo un accessoire de luxe qui rehausse tous les looks. L&#8217;int\u00e9rieur spacieux offre suffisamment d&#8217;espace pour vos effets personnels tout en soulignant la fonctionnalit\u00e9 du sac.<\/p>\n<p>Plus qu&#8217;un simple sac \u00e0 main, le Gucci Bamboo est un hommage \u00e0 la nature et un symbole intemporel de style. Que vous le portiez pour un d\u00eener \u00e9l\u00e9gant, un rendez-vous d&#8217;affaires ou une promenade d\u00e9tendue en ville, le Gucci Bamboo apporte une \u00e9l\u00e9gance subtile et une touche d&#8217;authenticit\u00e9 luxueuse \u00e0 chaque occasion. D\u00e9couvrez le charme intemporel et le caract\u00e8re unique du Gucci Bamboo chez Baxie, le distributeur suisse de sacs \u00e0 main de luxe.<\/p>\n<p><strong>Louer le Gucci Bamboo chez Baxie <\/strong><\/p>\n<p>Vous voulez faire l&#8217;exp\u00e9rience du fascinant sac \u00e0 main Gucci Bamboo ? Chez Baxie, le loueur suisse de sacs \u00e0 main de luxe, non seulement le Gucci Bamboo mais aussi d&#8217;autres mod\u00e8les exclusifs sont disponibles pour vous. D\u00e9couvrez la diversit\u00e9 des sacs \u00e0 main de cr\u00e9ateurs de qualit\u00e9 sans grever votre budget. Baxie mise sur la qualit\u00e9 et le style pour vous offrir une exp\u00e9rience unique dans un monde d&#8217;\u00e9l\u00e9gance intemporelle.<\/p>\n","protected":false},"excerpt":{"rendered":"<p>Le sac Gucci Bamboo 1947 est un design iconique de la maison Gucci. Introduite \u00e0 une \u00e9poque o\u00f9 les mat\u00e9riaux \u00e9taient rares, Gucci a pr\u00e9sent\u00e9 pour la premi\u00e8re fois des poign\u00e9es en bambou, qui sont devenues une caract\u00e9ristique distinctive. Ce sac \u00e0 main se distingue par ses poign\u00e9es en bambou fabriqu\u00e9es \u00e0 la main et repr\u00e9sente une combinaison r\u00e9ussie d&#8217;\u00e9l\u00e9gance et de fonctionnalit\u00e9. Le sac Gucci Bamboo 1947 reste un symbole intemporel de l&#8217;artisanat raffin\u00e9. Avec ses deux bandouli\u00e8res, l&#8217;une \u00e9l\u00e9gante et l&#8217;autre sportive, il offre en outre de multiples possibilit\u00e9s de transport.<\/p>\n","protected":false},"featured_media":1312,"template":"","meta":{"_acf_changed":false},"marke":[414],"verfugbarkeit":[],"product_brand":[],"product_cat":[22],"product_tag":[337],"class_list":{"0":"post-1602","1":"product","2":"type-product","3":"status-publish","4":"has-post-thumbnail","6":"marke-gucci","7":"product_cat-non-classifiee","8":"product_tag-gucci-fr","10":"first","11":"instock","12":"sold-individually","13":"taxable","14":"shipping-taxable","15":"purchasable","16":"product-type-variable-subscription"},"acf":[],"yoast_head":"<!-- This site is optimized with the Yoast SEO plugin v27.5 - https:\/\/yoast.com\/product\/yoast-seo-wordpress\/ -->\n<title>Gucci Bamboo 1947 - BAXIE<\/title>\n<meta name=\"description\" content=\"BAXIE\" \/>\n<meta name=\"robots\" content=\"index, follow, max-snippet:-1, max-image-preview:large, max-video-preview:-1\" \/>\n<link rel=\"canonical\" href=\"https:\/\/baxie.ch\/fr\/sacs\/gucci\/gucci-bamboo-1947\/\" \/>\n<meta property=\"og:locale\" content=\"fr_FR\" \/>\n<meta property=\"og:type\" content=\"article\" \/>\n<meta property=\"og:title\" content=\"Gucci Bamboo 1947 - BAXIE\" \/>\n<meta property=\"og:description\" content=\"BAXIE\" \/>\n<meta property=\"og:url\" content=\"https:\/\/baxie.ch\/fr\/sacs\/gucci\/gucci-bamboo-1947\/\" \/>\n<meta property=\"og:site_name\" content=\"BAXIE\" \/>\n<meta property=\"article:modified_time\" content=\"2024-06-18T06:00:49+00:00\" \/>\n<meta property=\"og:image\" content=\"https:\/\/baxie.ch\/wp-content\/uploads\/2024\/04\/baxie_bag_rent_gucci_bamboo_1947_blue_side.png\" \/>\n\t<meta property=\"og:image:width\" content=\"1980\" \/>\n\t<meta property=\"og:image:height\" content=\"1980\" \/>\n\t<meta property=\"og:image:type\" content=\"image\/png\" \/>\n<meta name=\"twitter:card\" content=\"summary_large_image\" \/>\n<meta name=\"twitter:site\" content=\"@baxie_ch\" \/>\n<meta name=\"twitter:label1\" content=\"Dur\u00e9e de lecture estim\u00e9e\" \/>\n\t<meta name=\"twitter:data1\" content=\"1 minute\" \/>\n<script type=\"application\/ld+json\" class=\"yoast-schema-graph\">{\"@context\":\"https:\\\/\\\/schema.org\",\"@graph\":[{\"@type\":\"WebPage\",\"@id\":\"https:\\\/\\\/baxie.ch\\\/fr\\\/sacs\\\/gucci\\\/gucci-bamboo-1947\\\/\",\"url\":\"https:\\\/\\\/baxie.ch\\\/fr\\\/sacs\\\/gucci\\\/gucci-bamboo-1947\\\/\",\"name\":\"Gucci Bamboo 1947 - BAXIE\",\"isPartOf\":{\"@id\":\"https:\\\/\\\/baxie.ch\\\/fr\\\/#website\"},\"primaryImageOfPage\":{\"@id\":\"https:\\\/\\\/baxie.ch\\\/fr\\\/sacs\\\/gucci\\\/gucci-bamboo-1947\\\/#primaryimage\"},\"image\":{\"@id\":\"https:\\\/\\\/baxie.ch\\\/fr\\\/sacs\\\/gucci\\\/gucci-bamboo-1947\\\/#primaryimage\"},\"thumbnailUrl\":\"https:\\\/\\\/baxie.ch\\\/wp-content\\\/uploads\\\/2024\\\/04\\\/baxie_bag_rent_gucci_bamboo_1947_blue_side.png\",\"datePublished\":\"2023-09-26T22:42:02+00:00\",\"dateModified\":\"2024-06-18T06:00:49+00:00\",\"description\":\"BAXIE\",\"breadcrumb\":{\"@id\":\"https:\\\/\\\/baxie.ch\\\/fr\\\/sacs\\\/gucci\\\/gucci-bamboo-1947\\\/#breadcrumb\"},\"inLanguage\":\"fr-FR\",\"potentialAction\":[{\"@type\":\"ReadAction\",\"target\":[\"https:\\\/\\\/baxie.ch\\\/fr\\\/sacs\\\/gucci\\\/gucci-bamboo-1947\\\/\"]}]},{\"@type\":\"ImageObject\",\"inLanguage\":\"fr-FR\",\"@id\":\"https:\\\/\\\/baxie.ch\\\/fr\\\/sacs\\\/gucci\\\/gucci-bamboo-1947\\\/#primaryimage\",\"url\":\"https:\\\/\\\/baxie.ch\\\/wp-content\\\/uploads\\\/2024\\\/04\\\/baxie_bag_rent_gucci_bamboo_1947_blue_side.png\",\"contentUrl\":\"https:\\\/\\\/baxie.ch\\\/wp-content\\\/uploads\\\/2024\\\/04\\\/baxie_bag_rent_gucci_bamboo_1947_blue_side.png\",\"width\":1980,\"height\":1980,\"caption\":\"Sac \u00e0 main en cuir bleu avec poign\u00e9e en bambou de la marque Gucci.\"},{\"@type\":\"BreadcrumbList\",\"@id\":\"https:\\\/\\\/baxie.ch\\\/fr\\\/sacs\\\/gucci\\\/gucci-bamboo-1947\\\/#breadcrumb\",\"itemListElement\":[{\"@type\":\"ListItem\",\"position\":1,\"name\":\"baxie.ch\",\"item\":\"https:\\\/\\\/baxie.ch\\\/fr\\\/\"},{\"@type\":\"ListItem\",\"position\":2,\"name\":\"Sacs\",\"item\":\"https:\\\/\\\/baxie.ch\\\/fr\\\/sacs\\\/\"},{\"@type\":\"ListItem\",\"position\":3,\"name\":\"Gucci Bamboo 1947\"}]},{\"@type\":\"WebSite\",\"@id\":\"https:\\\/\\\/baxie.ch\\\/fr\\\/#website\",\"url\":\"https:\\\/\\\/baxie.ch\\\/fr\\\/\",\"name\":\"BAXIE\",\"description\":\"Bei uns gilt das Motto \u201cSharing is Caring\u201d, denn wir glauben, dass wahre Sch\u00f6nheit im Teilen liegt.\",\"publisher\":{\"@id\":\"https:\\\/\\\/baxie.ch\\\/fr\\\/#organization\"},\"alternateName\":\"BAXIE\",\"potentialAction\":[{\"@type\":\"SearchAction\",\"target\":{\"@type\":\"EntryPoint\",\"urlTemplate\":\"https:\\\/\\\/baxie.ch\\\/fr\\\/?s={search_term_string}\"},\"query-input\":{\"@type\":\"PropertyValueSpecification\",\"valueRequired\":true,\"valueName\":\"search_term_string\"}}],\"inLanguage\":\"fr-FR\"},{\"@type\":\"Organization\",\"@id\":\"https:\\\/\\\/baxie.ch\\\/fr\\\/#organization\",\"name\":\"BAXIE GmbH\",\"alternateName\":\"BAXIE\",\"url\":\"https:\\\/\\\/baxie.ch\\\/fr\\\/\",\"logo\":{\"@type\":\"ImageObject\",\"inLanguage\":\"fr-FR\",\"@id\":\"https:\\\/\\\/baxie.ch\\\/fr\\\/#\\\/schema\\\/logo\\\/image\\\/\",\"url\":\"https:\\\/\\\/baxie.ch\\\/wp-content\\\/uploads\\\/2024\\\/07\\\/Frame-1.png\",\"contentUrl\":\"https:\\\/\\\/baxie.ch\\\/wp-content\\\/uploads\\\/2024\\\/07\\\/Frame-1.png\",\"width\":2033,\"height\":1764,\"caption\":\"BAXIE GmbH\"},\"image\":{\"@id\":\"https:\\\/\\\/baxie.ch\\\/fr\\\/#\\\/schema\\\/logo\\\/image\\\/\"},\"sameAs\":[\"https:\\\/\\\/x.com\\\/baxie_ch\",\"https:\\\/\\\/www.tiktok.com\\\/@baxie_official\",\"https:\\\/\\\/www.instagram.com\\\/baxie_official\\\/?hl=de\"]}]}<\/script>\n<!-- \/ Yoast SEO plugin. -->","yoast_head_json":{"title":"Gucci Bamboo 1947 - BAXIE","description":"BAXIE","robots":{"index":"index","follow":"follow","max-snippet":"max-snippet:-1","max-image-preview":"max-image-preview:large","max-video-preview":"max-video-preview:-1"},"canonical":"https:\/\/baxie.ch\/fr\/sacs\/gucci\/gucci-bamboo-1947\/","og_locale":"fr_FR","og_type":"article","og_title":"Gucci Bamboo 1947 - BAXIE","og_description":"BAXIE","og_url":"https:\/\/baxie.ch\/fr\/sacs\/gucci\/gucci-bamboo-1947\/","og_site_name":"BAXIE","article_modified_time":"2024-06-18T06:00:49+00:00","og_image":[{"width":1980,"height":1980,"url":"https:\/\/baxie.ch\/wp-content\/uploads\/2024\/04\/baxie_bag_rent_gucci_bamboo_1947_blue_side.png","type":"image\/png"}],"twitter_card":"summary_large_image","twitter_site":"@baxie_ch","twitter_misc":{"Dur\u00e9e de lecture estim\u00e9e":"1 minute"},"schema":{"@context":"https:\/\/schema.org","@graph":[{"@type":"WebPage","@id":"https:\/\/baxie.ch\/fr\/sacs\/gucci\/gucci-bamboo-1947\/","url":"https:\/\/baxie.ch\/fr\/sacs\/gucci\/gucci-bamboo-1947\/","name":"Gucci Bamboo 1947 - BAXIE","isPartOf":{"@id":"https:\/\/baxie.ch\/fr\/#website"},"primaryImageOfPage":{"@id":"https:\/\/baxie.ch\/fr\/sacs\/gucci\/gucci-bamboo-1947\/#primaryimage"},"image":{"@id":"https:\/\/baxie.ch\/fr\/sacs\/gucci\/gucci-bamboo-1947\/#primaryimage"},"thumbnailUrl":"https:\/\/baxie.ch\/wp-content\/uploads\/2024\/04\/baxie_bag_rent_gucci_bamboo_1947_blue_side.png","datePublished":"2023-09-26T22:42:02+00:00","dateModified":"2024-06-18T06:00:49+00:00","description":"BAXIE","breadcrumb":{"@id":"https:\/\/baxie.ch\/fr\/sacs\/gucci\/gucci-bamboo-1947\/#breadcrumb"},"inLanguage":"fr-FR","potentialAction":[{"@type":"ReadAction","target":["https:\/\/baxie.ch\/fr\/sacs\/gucci\/gucci-bamboo-1947\/"]}]},{"@type":"ImageObject","inLanguage":"fr-FR","@id":"https:\/\/baxie.ch\/fr\/sacs\/gucci\/gucci-bamboo-1947\/#primaryimage","url":"https:\/\/baxie.ch\/wp-content\/uploads\/2024\/04\/baxie_bag_rent_gucci_bamboo_1947_blue_side.png","contentUrl":"https:\/\/baxie.ch\/wp-content\/uploads\/2024\/04\/baxie_bag_rent_gucci_bamboo_1947_blue_side.png","width":1980,"height":1980,"caption":"Sac \u00e0 main en cuir bleu avec poign\u00e9e en bambou de la marque Gucci."},{"@type":"BreadcrumbList","@id":"https:\/\/baxie.ch\/fr\/sacs\/gucci\/gucci-bamboo-1947\/#breadcrumb","itemListElement":[{"@type":"ListItem","position":1,"name":"baxie.ch","item":"https:\/\/baxie.ch\/fr\/"},{"@type":"ListItem","position":2,"name":"Sacs","item":"https:\/\/baxie.ch\/fr\/sacs\/"},{"@type":"ListItem","position":3,"name":"Gucci Bamboo 1947"}]},{"@type":"WebSite","@id":"https:\/\/baxie.ch\/fr\/#website","url":"https:\/\/baxie.ch\/fr\/","name":"BAXIE","description":"Bei uns gilt das Motto \u201cSharing is Caring\u201d, denn wir glauben, dass wahre Sch\u00f6nheit im Teilen liegt.","publisher":{"@id":"https:\/\/baxie.ch\/fr\/#organization"},"alternateName":"BAXIE","potentialAction":[{"@type":"SearchAction","target":{"@type":"EntryPoint","urlTemplate":"https:\/\/baxie.ch\/fr\/?s={search_term_string}"},"query-input":{"@type":"PropertyValueSpecification","valueRequired":true,"valueName":"search_term_string"}}],"inLanguage":"fr-FR"},{"@type":"Organization","@id":"https:\/\/baxie.ch\/fr\/#organization","name":"BAXIE GmbH","alternateName":"BAXIE","url":"https:\/\/baxie.ch\/fr\/","logo":{"@type":"ImageObject","inLanguage":"fr-FR","@id":"https:\/\/baxie.ch\/fr\/#\/schema\/logo\/image\/","url":"https:\/\/baxie.ch\/wp-content\/uploads\/2024\/07\/Frame-1.png","contentUrl":"https:\/\/baxie.ch\/wp-content\/uploads\/2024\/07\/Frame-1.png","width":2033,"height":1764,"caption":"BAXIE GmbH"},"image":{"@id":"https:\/\/baxie.ch\/fr\/#\/schema\/logo\/image\/"},"sameAs":["https:\/\/x.com\/baxie_ch","https:\/\/www.tiktok.com\/@baxie_official","https:\/\/www.instagram.com\/baxie_official\/?hl=de"]}]}},"_links":{"self":[{"href":"https:\/\/baxie.ch\/fr\/wp-json\/wp\/v2\/product\/1602","targetHints":{"allow":["GET"]}}],"collection":[{"href":"https:\/\/baxie.ch\/fr\/wp-json\/wp\/v2\/product"}],"about":[{"href":"https:\/\/baxie.ch\/fr\/wp-json\/wp\/v2\/types\/product"}],"wp:featuredmedia":[{"embeddable":true,"href":"https:\/\/baxie.ch\/fr\/wp-json\/wp\/v2\/media\/1312"}],"wp:attachment":[{"href":"https:\/\/baxie.ch\/fr\/wp-json\/wp\/v2\/media?parent=1602"}],"wp:term":[{"taxonomy":"marke","embeddable":true,"href":"https:\/\/baxie.ch\/fr\/wp-json\/wp\/v2\/marke?post=1602"},{"taxonomy":"verfugbarkeit","embeddable":true,"href":"https:\/\/baxie.ch\/fr\/wp-json\/wp\/v2\/verfugbarkeit?post=1602"},{"taxonomy":"product_brand","embeddable":true,"href":"https:\/\/baxie.ch\/fr\/wp-json\/wp\/v2\/product_brand?post=1602"},{"taxonomy":"product_cat","embeddable":true,"href":"https:\/\/baxie.ch\/fr\/wp-json\/wp\/v2\/product_cat?post=1602"},{"taxonomy":"product_tag","embeddable":true,"href":"https:\/\/baxie.ch\/fr\/wp-json\/wp\/v2\/product_tag?post=1602"}],"curies":[{"name":"wp","href":"https:\/\/api.w.org\/{rel}","templated":true}]}}