{"id":1610,"date":"2023-09-27T00:41:16","date_gmt":"2023-09-26T22:41:16","guid":{"rendered":"https:\/\/baxie.ch\/taschen\/uncategorized\/diana-shopper\/"},"modified":"2024-06-21T12:05:52","modified_gmt":"2024-06-21T10:05:52","slug":"diana-shopper","status":"publish","type":"product","link":"https:\/\/baxie.ch\/fr\/sacs\/gucci\/diana-shopper\/","title":{"rendered":"Diana Shopper"},"content":{"rendered":"<p>Le sac Gucci Diana c\u00e9l\u00e8bre l&#8217;\u00e9l\u00e9gance intemporelle et rend hommage \u00e0 l&#8217;inoubliable Lady Diana. Avec sa silhouette \u00e9l\u00e9gante et ses mat\u00e9riaux nobles, il d\u00e9gage un charme intemporel qui rend chaque moment sp\u00e9cial. L&#8217;embl\u00e9matique logo en double G de Gucci ajoute une touche exclusive, tandis que la pr\u00e9cision du travail artisanal et l&#8217;attention port\u00e9e aux d\u00e9tails soulignent l&#8217;excellence de la marque.<\/p>\n<p>Le Diana n&#8217;est pas seulement un sac \u00e0 main, mais un symbole de style et de classe, inspir\u00e9 par l&#8217;\u00e9l\u00e9gance intemporelle de Lady Diana. Le cuir soigneusement s\u00e9lectionn\u00e9 conf\u00e8re au sac une texture exquise et souligne son statut d&#8217;accessoire intemporel. La forme structur\u00e9e et les accents subtils soulignent le charme de ce sac qui souligne avec \u00e9l\u00e9gance la personnalit\u00e9 de chaque femme.<\/p>\n<p>Que ce soit lors d&#8217;un d\u00eener \u00e9l\u00e9gant, au bureau ou lors d&#8217;une promenade improvis\u00e9e en ville, Gucci Diana apporte une touche de glamour et de style \u00e0 toutes les occasions. Avec lui chaque jour devient une exp\u00e9rience de mode qui transpose l&#8217;\u00e9l\u00e9gance et le raffinement de Lady Diana dans le monde moderne.<\/p>\n<p><strong>Louer le Gucci Diana chez Baxie <\/strong><\/p>\n<p>Vous voulez faire l&#8217;exp\u00e9rience de Gucci Diana ? Chez Baxie, le loueur suisse de sacs \u00e0 main de luxe, non seulement le Diana, mais aussi d&#8217;autres mod\u00e8les exclusifs sont disponibles tout en respectant votre budget. Baxie s&#8217;appuie sur des sacs \u00e0 main de cr\u00e9ateurs de qualit\u00e9, notamment l&#8217;ind\u00e9modable Gucci Diana. Dans le monde moderne de l&#8217;\u00e9l\u00e9gance intemporelle, Baxie joue un r\u00f4le particulier en rendant accessible la diversit\u00e9 des sacs \u00e0 main de cr\u00e9ateurs de qualit\u00e9.<\/p>\n","protected":false},"excerpt":{"rendered":"<p>Le sac Gucci Diana, r\u00e9interpr\u00e9tation moderne du mod\u00e8le original de 1991 avec poign\u00e9e en bambou, incarne un style qui se r\u00e9invente continuellement. Le design joue habilement avec les \u00e9l\u00e9ments traditionnels tout en leur donnant une perspective fra\u00eeche. Les bandes fonctionnelles qui formaient autrefois les poign\u00e9es en bambou apparaissent d\u00e9sormais comme des lani\u00e8res de cuir ludiques. Le sac Gucci Diana est fabriqu\u00e9 en cuir vert et est livr\u00e9 avec deux bandouli\u00e8res qui lui conf\u00e8rent une polyvalence suppl\u00e9mentaire.<\/p>\n","protected":false},"featured_media":1315,"template":"","meta":{"_acf_changed":false},"marke":[414],"verfugbarkeit":[],"product_brand":[],"product_cat":[22],"product_tag":[337],"class_list":{"0":"post-1610","1":"product","2":"type-product","3":"status-publish","4":"has-post-thumbnail","6":"marke-gucci","7":"product_cat-non-classifiee","8":"product_tag-gucci-fr","10":"first","11":"outofstock","12":"sold-individually","13":"taxable","14":"shipping-taxable","15":"purchasable","16":"product-type-variable-subscription"},"acf":[],"yoast_head":"<!-- This site is optimized with the Yoast SEO plugin v27.5 - https:\/\/yoast.com\/product\/yoast-seo-wordpress\/ -->\n<title>Diana Shopper - BAXIE<\/title>\n<meta name=\"description\" content=\"BAXIE\" \/>\n<meta name=\"robots\" content=\"index, follow, max-snippet:-1, max-image-preview:large, max-video-preview:-1\" \/>\n<link rel=\"canonical\" href=\"https:\/\/baxie.ch\/fr\/sacs\/gucci\/diana-shopper\/\" \/>\n<meta property=\"og:locale\" content=\"fr_FR\" \/>\n<meta property=\"og:type\" content=\"article\" \/>\n<meta property=\"og:title\" content=\"Diana Shopper - BAXIE\" \/>\n<meta property=\"og:description\" content=\"BAXIE\" \/>\n<meta property=\"og:url\" content=\"https:\/\/baxie.ch\/fr\/sacs\/gucci\/diana-shopper\/\" \/>\n<meta property=\"og:site_name\" content=\"BAXIE\" \/>\n<meta property=\"article:modified_time\" content=\"2024-06-21T10:05:52+00:00\" \/>\n<meta property=\"og:image\" content=\"https:\/\/baxie.ch\/wp-content\/uploads\/2024\/04\/baxie_bag_rent_gucci_diana_shopper_green_side.png\" \/>\n\t<meta property=\"og:image:width\" content=\"1980\" \/>\n\t<meta property=\"og:image:height\" content=\"1980\" \/>\n\t<meta property=\"og:image:type\" content=\"image\/png\" \/>\n<meta name=\"twitter:card\" content=\"summary_large_image\" \/>\n<meta name=\"twitter:site\" content=\"@baxie_ch\" \/>\n<meta name=\"twitter:label1\" content=\"Dur\u00e9e de lecture estim\u00e9e\" \/>\n\t<meta name=\"twitter:data1\" content=\"1 minute\" \/>\n<script type=\"application\/ld+json\" class=\"yoast-schema-graph\">{\"@context\":\"https:\\\/\\\/schema.org\",\"@graph\":[{\"@type\":\"WebPage\",\"@id\":\"https:\\\/\\\/baxie.ch\\\/fr\\\/sacs\\\/gucci\\\/diana-shopper\\\/\",\"url\":\"https:\\\/\\\/baxie.ch\\\/fr\\\/sacs\\\/gucci\\\/diana-shopper\\\/\",\"name\":\"Diana Shopper - BAXIE\",\"isPartOf\":{\"@id\":\"https:\\\/\\\/baxie.ch\\\/fr\\\/#website\"},\"primaryImageOfPage\":{\"@id\":\"https:\\\/\\\/baxie.ch\\\/fr\\\/sacs\\\/gucci\\\/diana-shopper\\\/#primaryimage\"},\"image\":{\"@id\":\"https:\\\/\\\/baxie.ch\\\/fr\\\/sacs\\\/gucci\\\/diana-shopper\\\/#primaryimage\"},\"thumbnailUrl\":\"https:\\\/\\\/baxie.ch\\\/wp-content\\\/uploads\\\/2024\\\/04\\\/baxie_bag_rent_gucci_diana_shopper_green_side.png\",\"datePublished\":\"2023-09-26T22:41:16+00:00\",\"dateModified\":\"2024-06-21T10:05:52+00:00\",\"description\":\"BAXIE\",\"breadcrumb\":{\"@id\":\"https:\\\/\\\/baxie.ch\\\/fr\\\/sacs\\\/gucci\\\/diana-shopper\\\/#breadcrumb\"},\"inLanguage\":\"fr-FR\",\"potentialAction\":[{\"@type\":\"ReadAction\",\"target\":[\"https:\\\/\\\/baxie.ch\\\/fr\\\/sacs\\\/gucci\\\/diana-shopper\\\/\"]}]},{\"@type\":\"ImageObject\",\"inLanguage\":\"fr-FR\",\"@id\":\"https:\\\/\\\/baxie.ch\\\/fr\\\/sacs\\\/gucci\\\/diana-shopper\\\/#primaryimage\",\"url\":\"https:\\\/\\\/baxie.ch\\\/wp-content\\\/uploads\\\/2024\\\/04\\\/baxie_bag_rent_gucci_diana_shopper_green_side.png\",\"contentUrl\":\"https:\\\/\\\/baxie.ch\\\/wp-content\\\/uploads\\\/2024\\\/04\\\/baxie_bag_rent_gucci_diana_shopper_green_side.png\",\"width\":1980,\"height\":1980,\"caption\":\"Sac \u00e0 main vert fonc\u00e9 en cuir avec poign\u00e9es en bambou de la marque Gucci.\"},{\"@type\":\"BreadcrumbList\",\"@id\":\"https:\\\/\\\/baxie.ch\\\/fr\\\/sacs\\\/gucci\\\/diana-shopper\\\/#breadcrumb\",\"itemListElement\":[{\"@type\":\"ListItem\",\"position\":1,\"name\":\"baxie.ch\",\"item\":\"https:\\\/\\\/baxie.ch\\\/fr\\\/\"},{\"@type\":\"ListItem\",\"position\":2,\"name\":\"Sacs\",\"item\":\"https:\\\/\\\/baxie.ch\\\/fr\\\/sacs\\\/\"},{\"@type\":\"ListItem\",\"position\":3,\"name\":\"Diana Shopper\"}]},{\"@type\":\"WebSite\",\"@id\":\"https:\\\/\\\/baxie.ch\\\/fr\\\/#website\",\"url\":\"https:\\\/\\\/baxie.ch\\\/fr\\\/\",\"name\":\"BAXIE\",\"description\":\"Bei uns gilt das Motto \u201cSharing is Caring\u201d, denn wir glauben, dass wahre Sch\u00f6nheit im Teilen liegt.\",\"publisher\":{\"@id\":\"https:\\\/\\\/baxie.ch\\\/fr\\\/#organization\"},\"alternateName\":\"BAXIE\",\"potentialAction\":[{\"@type\":\"SearchAction\",\"target\":{\"@type\":\"EntryPoint\",\"urlTemplate\":\"https:\\\/\\\/baxie.ch\\\/fr\\\/?s={search_term_string}\"},\"query-input\":{\"@type\":\"PropertyValueSpecification\",\"valueRequired\":true,\"valueName\":\"search_term_string\"}}],\"inLanguage\":\"fr-FR\"},{\"@type\":\"Organization\",\"@id\":\"https:\\\/\\\/baxie.ch\\\/fr\\\/#organization\",\"name\":\"BAXIE GmbH\",\"alternateName\":\"BAXIE\",\"url\":\"https:\\\/\\\/baxie.ch\\\/fr\\\/\",\"logo\":{\"@type\":\"ImageObject\",\"inLanguage\":\"fr-FR\",\"@id\":\"https:\\\/\\\/baxie.ch\\\/fr\\\/#\\\/schema\\\/logo\\\/image\\\/\",\"url\":\"https:\\\/\\\/baxie.ch\\\/wp-content\\\/uploads\\\/2024\\\/07\\\/Frame-1.png\",\"contentUrl\":\"https:\\\/\\\/baxie.ch\\\/wp-content\\\/uploads\\\/2024\\\/07\\\/Frame-1.png\",\"width\":2033,\"height\":1764,\"caption\":\"BAXIE GmbH\"},\"image\":{\"@id\":\"https:\\\/\\\/baxie.ch\\\/fr\\\/#\\\/schema\\\/logo\\\/image\\\/\"},\"sameAs\":[\"https:\\\/\\\/x.com\\\/baxie_ch\",\"https:\\\/\\\/www.tiktok.com\\\/@baxie_official\",\"https:\\\/\\\/www.instagram.com\\\/baxie_official\\\/?hl=de\"]}]}<\/script>\n<!-- \/ Yoast SEO plugin. -->","yoast_head_json":{"title":"Diana Shopper - BAXIE","description":"BAXIE","robots":{"index":"index","follow":"follow","max-snippet":"max-snippet:-1","max-image-preview":"max-image-preview:large","max-video-preview":"max-video-preview:-1"},"canonical":"https:\/\/baxie.ch\/fr\/sacs\/gucci\/diana-shopper\/","og_locale":"fr_FR","og_type":"article","og_title":"Diana Shopper - BAXIE","og_description":"BAXIE","og_url":"https:\/\/baxie.ch\/fr\/sacs\/gucci\/diana-shopper\/","og_site_name":"BAXIE","article_modified_time":"2024-06-21T10:05:52+00:00","og_image":[{"width":1980,"height":1980,"url":"https:\/\/baxie.ch\/wp-content\/uploads\/2024\/04\/baxie_bag_rent_gucci_diana_shopper_green_side.png","type":"image\/png"}],"twitter_card":"summary_large_image","twitter_site":"@baxie_ch","twitter_misc":{"Dur\u00e9e de lecture estim\u00e9e":"1 minute"},"schema":{"@context":"https:\/\/schema.org","@graph":[{"@type":"WebPage","@id":"https:\/\/baxie.ch\/fr\/sacs\/gucci\/diana-shopper\/","url":"https:\/\/baxie.ch\/fr\/sacs\/gucci\/diana-shopper\/","name":"Diana Shopper - BAXIE","isPartOf":{"@id":"https:\/\/baxie.ch\/fr\/#website"},"primaryImageOfPage":{"@id":"https:\/\/baxie.ch\/fr\/sacs\/gucci\/diana-shopper\/#primaryimage"},"image":{"@id":"https:\/\/baxie.ch\/fr\/sacs\/gucci\/diana-shopper\/#primaryimage"},"thumbnailUrl":"https:\/\/baxie.ch\/wp-content\/uploads\/2024\/04\/baxie_bag_rent_gucci_diana_shopper_green_side.png","datePublished":"2023-09-26T22:41:16+00:00","dateModified":"2024-06-21T10:05:52+00:00","description":"BAXIE","breadcrumb":{"@id":"https:\/\/baxie.ch\/fr\/sacs\/gucci\/diana-shopper\/#breadcrumb"},"inLanguage":"fr-FR","potentialAction":[{"@type":"ReadAction","target":["https:\/\/baxie.ch\/fr\/sacs\/gucci\/diana-shopper\/"]}]},{"@type":"ImageObject","inLanguage":"fr-FR","@id":"https:\/\/baxie.ch\/fr\/sacs\/gucci\/diana-shopper\/#primaryimage","url":"https:\/\/baxie.ch\/wp-content\/uploads\/2024\/04\/baxie_bag_rent_gucci_diana_shopper_green_side.png","contentUrl":"https:\/\/baxie.ch\/wp-content\/uploads\/2024\/04\/baxie_bag_rent_gucci_diana_shopper_green_side.png","width":1980,"height":1980,"caption":"Sac \u00e0 main vert fonc\u00e9 en cuir avec poign\u00e9es en bambou de la marque Gucci."},{"@type":"BreadcrumbList","@id":"https:\/\/baxie.ch\/fr\/sacs\/gucci\/diana-shopper\/#breadcrumb","itemListElement":[{"@type":"ListItem","position":1,"name":"baxie.ch","item":"https:\/\/baxie.ch\/fr\/"},{"@type":"ListItem","position":2,"name":"Sacs","item":"https:\/\/baxie.ch\/fr\/sacs\/"},{"@type":"ListItem","position":3,"name":"Diana Shopper"}]},{"@type":"WebSite","@id":"https:\/\/baxie.ch\/fr\/#website","url":"https:\/\/baxie.ch\/fr\/","name":"BAXIE","description":"Bei uns gilt das Motto \u201cSharing is Caring\u201d, denn wir glauben, dass wahre Sch\u00f6nheit im Teilen liegt.","publisher":{"@id":"https:\/\/baxie.ch\/fr\/#organization"},"alternateName":"BAXIE","potentialAction":[{"@type":"SearchAction","target":{"@type":"EntryPoint","urlTemplate":"https:\/\/baxie.ch\/fr\/?s={search_term_string}"},"query-input":{"@type":"PropertyValueSpecification","valueRequired":true,"valueName":"search_term_string"}}],"inLanguage":"fr-FR"},{"@type":"Organization","@id":"https:\/\/baxie.ch\/fr\/#organization","name":"BAXIE GmbH","alternateName":"BAXIE","url":"https:\/\/baxie.ch\/fr\/","logo":{"@type":"ImageObject","inLanguage":"fr-FR","@id":"https:\/\/baxie.ch\/fr\/#\/schema\/logo\/image\/","url":"https:\/\/baxie.ch\/wp-content\/uploads\/2024\/07\/Frame-1.png","contentUrl":"https:\/\/baxie.ch\/wp-content\/uploads\/2024\/07\/Frame-1.png","width":2033,"height":1764,"caption":"BAXIE GmbH"},"image":{"@id":"https:\/\/baxie.ch\/fr\/#\/schema\/logo\/image\/"},"sameAs":["https:\/\/x.com\/baxie_ch","https:\/\/www.tiktok.com\/@baxie_official","https:\/\/www.instagram.com\/baxie_official\/?hl=de"]}]}},"_links":{"self":[{"href":"https:\/\/baxie.ch\/fr\/wp-json\/wp\/v2\/product\/1610","targetHints":{"allow":["GET"]}}],"collection":[{"href":"https:\/\/baxie.ch\/fr\/wp-json\/wp\/v2\/product"}],"about":[{"href":"https:\/\/baxie.ch\/fr\/wp-json\/wp\/v2\/types\/product"}],"wp:featuredmedia":[{"embeddable":true,"href":"https:\/\/baxie.ch\/fr\/wp-json\/wp\/v2\/media\/1315"}],"wp:attachment":[{"href":"https:\/\/baxie.ch\/fr\/wp-json\/wp\/v2\/media?parent=1610"}],"wp:term":[{"taxonomy":"marke","embeddable":true,"href":"https:\/\/baxie.ch\/fr\/wp-json\/wp\/v2\/marke?post=1610"},{"taxonomy":"verfugbarkeit","embeddable":true,"href":"https:\/\/baxie.ch\/fr\/wp-json\/wp\/v2\/verfugbarkeit?post=1610"},{"taxonomy":"product_brand","embeddable":true,"href":"https:\/\/baxie.ch\/fr\/wp-json\/wp\/v2\/product_brand?post=1610"},{"taxonomy":"product_cat","embeddable":true,"href":"https:\/\/baxie.ch\/fr\/wp-json\/wp\/v2\/product_cat?post=1610"},{"taxonomy":"product_tag","embeddable":true,"href":"https:\/\/baxie.ch\/fr\/wp-json\/wp\/v2\/product_tag?post=1610"}],"curies":[{"name":"wp","href":"https:\/\/api.w.org\/{rel}","templated":true}]}}