{"id":1623,"date":"2023-09-27T00:36:29","date_gmt":"2023-09-26T22:36:29","guid":{"rendered":"https:\/\/baxie.ch\/taschen\/uncategorized\/fendi-premiere-moyenne\/"},"modified":"2024-06-18T16:32:29","modified_gmt":"2024-06-18T14:32:29","slug":"fendi-premiere-moyenne","status":"publish","type":"product","link":"https:\/\/baxie.ch\/fr\/sacs\/fendi\/fendi-premiere-moyenne\/","title":{"rendered":"Fendi First Medium"},"content":{"rendered":"<p>Le Fendi First est une ode \u00e0 l&#8217;\u00e9l\u00e9gance intemporelle et incarne le savoir-faire raffin\u00e9 de Fendi. Avec sa silhouette caract\u00e9ristique et ses mat\u00e9riaux de premi\u00e8re qualit\u00e9, il d\u00e9gage un charme intemporel qui rend chaque moment sp\u00e9cial. Le logo Fendi embl\u00e9matique apporte une touche d&#8217;exclusivit\u00e9, tandis que la pr\u00e9cision de l&#8217;artisanat et l&#8217;attention port\u00e9e aux d\u00e9tails soulignent l&#8217;excellence de la marque.<\/p>\n<p>Le First n&#8217;est pas seulement un sac \u00e0 main, c&#8217;est un symbole de style et de classe, cr\u00e9\u00e9 pour mettre en valeur l&#8217;\u00e9l\u00e9gance de celle qui le porte. Le cuir soigneusement s\u00e9lectionn\u00e9 conf\u00e8re au sac une texture exclusive et renforce son statut d&#8217;accessoire intemporel. La forme structur\u00e9e et les accents subtils soulignent le charme intemporel de ce sac qui souligne avec \u00e9l\u00e9gance la personnalit\u00e9 de chaque femme.<\/p>\n<p>Que ce soit pour un d\u00eener \u00e9l\u00e9gant, au bureau ou lors d&#8217;une promenade improvis\u00e9e en ville, Fendi First ajoute une touche de glamour et de style \u00e0 toutes les occasions. Avec lui, chaque jour devient une exp\u00e9rience de mode qui transpose l&#8217;exclusivit\u00e9 et l&#8217;\u00e9l\u00e9gance de Fendi dans le monde moderne.<\/p>\n<p><strong>Louer le Fendi First chez Baxie <\/strong><\/p>\n<p>Vous voulez faire l&#8217;exp\u00e9rience de Fendi First ? Chez Baxie, le loueur suisse de sacs \u00e0 main de luxe, non seulement le First, mais aussi d&#8217;autres mod\u00e8les exclusifs tout respectant votre budget. Baxie mise sur des sacs \u00e0 main de cr\u00e9ateurs de qualit\u00e9, notamment l&#8217;ind\u00e9modable Fendi First. Dans le monde moderne de l&#8217;\u00e9l\u00e9gance, Baxie joue un r\u00f4le particulier pour vous permettre d&#8217;acc\u00e9der \u00e0 la diversit\u00e9 des sacs \u00e0 main de cr\u00e9ateurs de qualit\u00e9.<\/p>\n","protected":false},"excerpt":{"rendered":"<p>Le sac Fendi First de taille moyenne se pr\u00e9sente en cuir nappa beige doux et dispose d&#8217;une fermeture macro F m\u00e9tallique distinctive, recouverte de cuir nappa de la m\u00eame teinte. L&#8217;int\u00e9rieur est dot\u00e9 d&#8217;un compartiment doubl\u00e9 de tissu avec le motif FF embl\u00e9matique, de crochets int\u00e9rieurs amovibles et d&#8217;accessoires m\u00e9talliques \u00e0 la finition dor\u00e9e. La bandouli\u00e8re amovible permet de porter le sac de mani\u00e8re flexible &#8211; comme une pochette \u00e9l\u00e9gante \u00e0 la main ou de mani\u00e8re d\u00e9contract\u00e9e sur l&#8217;\u00e9paule.<\/p>\n","protected":false},"featured_media":897,"template":"","meta":{"_acf_changed":false},"marke":[416],"verfugbarkeit":[],"product_brand":[],"product_cat":[22],"product_tag":[371],"class_list":{"0":"post-1623","1":"product","2":"type-product","3":"status-publish","4":"has-post-thumbnail","6":"marke-fendi","7":"product_cat-non-classifiee","8":"product_tag-fendi-fr","10":"first","11":"instock","12":"sold-individually","13":"taxable","14":"shipping-taxable","15":"purchasable","16":"product-type-variable-subscription"},"acf":[],"yoast_head":"<!-- This site is optimized with the Yoast SEO plugin v27.5 - https:\/\/yoast.com\/product\/yoast-seo-wordpress\/ -->\n<title>Fendi First Medium - BAXIE<\/title>\n<meta name=\"description\" content=\"BAXIE\" \/>\n<meta name=\"robots\" content=\"index, follow, max-snippet:-1, max-image-preview:large, max-video-preview:-1\" \/>\n<link rel=\"canonical\" href=\"https:\/\/baxie.ch\/fr\/sacs\/fendi\/fendi-premiere-moyenne\/\" \/>\n<meta property=\"og:locale\" content=\"fr_FR\" \/>\n<meta property=\"og:type\" content=\"article\" \/>\n<meta property=\"og:title\" content=\"Fendi First Medium - BAXIE\" \/>\n<meta property=\"og:description\" content=\"BAXIE\" \/>\n<meta property=\"og:url\" content=\"https:\/\/baxie.ch\/fr\/sacs\/fendi\/fendi-premiere-moyenne\/\" \/>\n<meta property=\"og:site_name\" content=\"BAXIE\" \/>\n<meta property=\"article:modified_time\" content=\"2024-06-18T14:32:29+00:00\" \/>\n<meta property=\"og:image\" content=\"https:\/\/baxie.ch\/wp-content\/uploads\/2024\/01\/baxie_bag_rent_fendi_first_midi_beige_side.png?ver=1717054592\" \/>\n\t<meta property=\"og:image:width\" content=\"1980\" \/>\n\t<meta property=\"og:image:height\" content=\"1980\" \/>\n\t<meta property=\"og:image:type\" content=\"image\/png\" \/>\n<meta name=\"twitter:card\" content=\"summary_large_image\" \/>\n<meta name=\"twitter:site\" content=\"@baxie_ch\" \/>\n<meta name=\"twitter:label1\" content=\"Dur\u00e9e de lecture estim\u00e9e\" \/>\n\t<meta name=\"twitter:data1\" content=\"1 minute\" \/>\n<script type=\"application\/ld+json\" class=\"yoast-schema-graph\">{\"@context\":\"https:\\\/\\\/schema.org\",\"@graph\":[{\"@type\":\"WebPage\",\"@id\":\"https:\\\/\\\/baxie.ch\\\/fr\\\/sacs\\\/fendi\\\/fendi-premiere-moyenne\\\/\",\"url\":\"https:\\\/\\\/baxie.ch\\\/fr\\\/sacs\\\/fendi\\\/fendi-premiere-moyenne\\\/\",\"name\":\"Fendi First Medium - BAXIE\",\"isPartOf\":{\"@id\":\"https:\\\/\\\/baxie.ch\\\/fr\\\/#website\"},\"primaryImageOfPage\":{\"@id\":\"https:\\\/\\\/baxie.ch\\\/fr\\\/sacs\\\/fendi\\\/fendi-premiere-moyenne\\\/#primaryimage\"},\"image\":{\"@id\":\"https:\\\/\\\/baxie.ch\\\/fr\\\/sacs\\\/fendi\\\/fendi-premiere-moyenne\\\/#primaryimage\"},\"thumbnailUrl\":\"https:\\\/\\\/baxie.ch\\\/wp-content\\\/uploads\\\/2024\\\/01\\\/baxie_bag_rent_fendi_first_midi_beige_side.png?ver=1717054592\",\"datePublished\":\"2023-09-26T22:36:29+00:00\",\"dateModified\":\"2024-06-18T14:32:29+00:00\",\"description\":\"BAXIE\",\"breadcrumb\":{\"@id\":\"https:\\\/\\\/baxie.ch\\\/fr\\\/sacs\\\/fendi\\\/fendi-premiere-moyenne\\\/#breadcrumb\"},\"inLanguage\":\"fr-FR\",\"potentialAction\":[{\"@type\":\"ReadAction\",\"target\":[\"https:\\\/\\\/baxie.ch\\\/fr\\\/sacs\\\/fendi\\\/fendi-premiere-moyenne\\\/\"]}]},{\"@type\":\"ImageObject\",\"inLanguage\":\"fr-FR\",\"@id\":\"https:\\\/\\\/baxie.ch\\\/fr\\\/sacs\\\/fendi\\\/fendi-premiere-moyenne\\\/#primaryimage\",\"url\":\"https:\\\/\\\/baxie.ch\\\/wp-content\\\/uploads\\\/2024\\\/01\\\/baxie_bag_rent_fendi_first_midi_beige_side.png?ver=1717054592\",\"contentUrl\":\"https:\\\/\\\/baxie.ch\\\/wp-content\\\/uploads\\\/2024\\\/01\\\/baxie_bag_rent_fendi_first_midi_beige_side.png?ver=1717054592\",\"width\":1980,\"height\":1980,\"caption\":\"Un sac d'embrayage beige avec du mat\u00e9riel dor\u00e9 de la marque Fendi.\"},{\"@type\":\"BreadcrumbList\",\"@id\":\"https:\\\/\\\/baxie.ch\\\/fr\\\/sacs\\\/fendi\\\/fendi-premiere-moyenne\\\/#breadcrumb\",\"itemListElement\":[{\"@type\":\"ListItem\",\"position\":1,\"name\":\"baxie.ch\",\"item\":\"https:\\\/\\\/baxie.ch\\\/fr\\\/\"},{\"@type\":\"ListItem\",\"position\":2,\"name\":\"Sacs\",\"item\":\"https:\\\/\\\/baxie.ch\\\/fr\\\/sacs\\\/\"},{\"@type\":\"ListItem\",\"position\":3,\"name\":\"Fendi First Medium\"}]},{\"@type\":\"WebSite\",\"@id\":\"https:\\\/\\\/baxie.ch\\\/fr\\\/#website\",\"url\":\"https:\\\/\\\/baxie.ch\\\/fr\\\/\",\"name\":\"BAXIE\",\"description\":\"Bei uns gilt das Motto \u201cSharing is Caring\u201d, denn wir glauben, dass wahre Sch\u00f6nheit im Teilen liegt.\",\"publisher\":{\"@id\":\"https:\\\/\\\/baxie.ch\\\/fr\\\/#organization\"},\"alternateName\":\"BAXIE\",\"potentialAction\":[{\"@type\":\"SearchAction\",\"target\":{\"@type\":\"EntryPoint\",\"urlTemplate\":\"https:\\\/\\\/baxie.ch\\\/fr\\\/?s={search_term_string}\"},\"query-input\":{\"@type\":\"PropertyValueSpecification\",\"valueRequired\":true,\"valueName\":\"search_term_string\"}}],\"inLanguage\":\"fr-FR\"},{\"@type\":\"Organization\",\"@id\":\"https:\\\/\\\/baxie.ch\\\/fr\\\/#organization\",\"name\":\"BAXIE GmbH\",\"alternateName\":\"BAXIE\",\"url\":\"https:\\\/\\\/baxie.ch\\\/fr\\\/\",\"logo\":{\"@type\":\"ImageObject\",\"inLanguage\":\"fr-FR\",\"@id\":\"https:\\\/\\\/baxie.ch\\\/fr\\\/#\\\/schema\\\/logo\\\/image\\\/\",\"url\":\"https:\\\/\\\/baxie.ch\\\/wp-content\\\/uploads\\\/2024\\\/07\\\/Frame-1.png\",\"contentUrl\":\"https:\\\/\\\/baxie.ch\\\/wp-content\\\/uploads\\\/2024\\\/07\\\/Frame-1.png\",\"width\":2033,\"height\":1764,\"caption\":\"BAXIE GmbH\"},\"image\":{\"@id\":\"https:\\\/\\\/baxie.ch\\\/fr\\\/#\\\/schema\\\/logo\\\/image\\\/\"},\"sameAs\":[\"https:\\\/\\\/x.com\\\/baxie_ch\",\"https:\\\/\\\/www.tiktok.com\\\/@baxie_official\",\"https:\\\/\\\/www.instagram.com\\\/baxie_official\\\/?hl=de\"]}]}<\/script>\n<!-- \/ Yoast SEO plugin. -->","yoast_head_json":{"title":"Fendi First Medium - BAXIE","description":"BAXIE","robots":{"index":"index","follow":"follow","max-snippet":"max-snippet:-1","max-image-preview":"max-image-preview:large","max-video-preview":"max-video-preview:-1"},"canonical":"https:\/\/baxie.ch\/fr\/sacs\/fendi\/fendi-premiere-moyenne\/","og_locale":"fr_FR","og_type":"article","og_title":"Fendi First Medium - BAXIE","og_description":"BAXIE","og_url":"https:\/\/baxie.ch\/fr\/sacs\/fendi\/fendi-premiere-moyenne\/","og_site_name":"BAXIE","article_modified_time":"2024-06-18T14:32:29+00:00","og_image":[{"width":1980,"height":1980,"url":"https:\/\/baxie.ch\/wp-content\/uploads\/2024\/01\/baxie_bag_rent_fendi_first_midi_beige_side.png?ver=1717054592","type":"image\/png"}],"twitter_card":"summary_large_image","twitter_site":"@baxie_ch","twitter_misc":{"Dur\u00e9e de lecture estim\u00e9e":"1 minute"},"schema":{"@context":"https:\/\/schema.org","@graph":[{"@type":"WebPage","@id":"https:\/\/baxie.ch\/fr\/sacs\/fendi\/fendi-premiere-moyenne\/","url":"https:\/\/baxie.ch\/fr\/sacs\/fendi\/fendi-premiere-moyenne\/","name":"Fendi First Medium - BAXIE","isPartOf":{"@id":"https:\/\/baxie.ch\/fr\/#website"},"primaryImageOfPage":{"@id":"https:\/\/baxie.ch\/fr\/sacs\/fendi\/fendi-premiere-moyenne\/#primaryimage"},"image":{"@id":"https:\/\/baxie.ch\/fr\/sacs\/fendi\/fendi-premiere-moyenne\/#primaryimage"},"thumbnailUrl":"https:\/\/baxie.ch\/wp-content\/uploads\/2024\/01\/baxie_bag_rent_fendi_first_midi_beige_side.png?ver=1717054592","datePublished":"2023-09-26T22:36:29+00:00","dateModified":"2024-06-18T14:32:29+00:00","description":"BAXIE","breadcrumb":{"@id":"https:\/\/baxie.ch\/fr\/sacs\/fendi\/fendi-premiere-moyenne\/#breadcrumb"},"inLanguage":"fr-FR","potentialAction":[{"@type":"ReadAction","target":["https:\/\/baxie.ch\/fr\/sacs\/fendi\/fendi-premiere-moyenne\/"]}]},{"@type":"ImageObject","inLanguage":"fr-FR","@id":"https:\/\/baxie.ch\/fr\/sacs\/fendi\/fendi-premiere-moyenne\/#primaryimage","url":"https:\/\/baxie.ch\/wp-content\/uploads\/2024\/01\/baxie_bag_rent_fendi_first_midi_beige_side.png?ver=1717054592","contentUrl":"https:\/\/baxie.ch\/wp-content\/uploads\/2024\/01\/baxie_bag_rent_fendi_first_midi_beige_side.png?ver=1717054592","width":1980,"height":1980,"caption":"Un sac d'embrayage beige avec du mat\u00e9riel dor\u00e9 de la marque Fendi."},{"@type":"BreadcrumbList","@id":"https:\/\/baxie.ch\/fr\/sacs\/fendi\/fendi-premiere-moyenne\/#breadcrumb","itemListElement":[{"@type":"ListItem","position":1,"name":"baxie.ch","item":"https:\/\/baxie.ch\/fr\/"},{"@type":"ListItem","position":2,"name":"Sacs","item":"https:\/\/baxie.ch\/fr\/sacs\/"},{"@type":"ListItem","position":3,"name":"Fendi First Medium"}]},{"@type":"WebSite","@id":"https:\/\/baxie.ch\/fr\/#website","url":"https:\/\/baxie.ch\/fr\/","name":"BAXIE","description":"Bei uns gilt das Motto \u201cSharing is Caring\u201d, denn wir glauben, dass wahre Sch\u00f6nheit im Teilen liegt.","publisher":{"@id":"https:\/\/baxie.ch\/fr\/#organization"},"alternateName":"BAXIE","potentialAction":[{"@type":"SearchAction","target":{"@type":"EntryPoint","urlTemplate":"https:\/\/baxie.ch\/fr\/?s={search_term_string}"},"query-input":{"@type":"PropertyValueSpecification","valueRequired":true,"valueName":"search_term_string"}}],"inLanguage":"fr-FR"},{"@type":"Organization","@id":"https:\/\/baxie.ch\/fr\/#organization","name":"BAXIE GmbH","alternateName":"BAXIE","url":"https:\/\/baxie.ch\/fr\/","logo":{"@type":"ImageObject","inLanguage":"fr-FR","@id":"https:\/\/baxie.ch\/fr\/#\/schema\/logo\/image\/","url":"https:\/\/baxie.ch\/wp-content\/uploads\/2024\/07\/Frame-1.png","contentUrl":"https:\/\/baxie.ch\/wp-content\/uploads\/2024\/07\/Frame-1.png","width":2033,"height":1764,"caption":"BAXIE GmbH"},"image":{"@id":"https:\/\/baxie.ch\/fr\/#\/schema\/logo\/image\/"},"sameAs":["https:\/\/x.com\/baxie_ch","https:\/\/www.tiktok.com\/@baxie_official","https:\/\/www.instagram.com\/baxie_official\/?hl=de"]}]}},"_links":{"self":[{"href":"https:\/\/baxie.ch\/fr\/wp-json\/wp\/v2\/product\/1623","targetHints":{"allow":["GET"]}}],"collection":[{"href":"https:\/\/baxie.ch\/fr\/wp-json\/wp\/v2\/product"}],"about":[{"href":"https:\/\/baxie.ch\/fr\/wp-json\/wp\/v2\/types\/product"}],"wp:featuredmedia":[{"embeddable":true,"href":"https:\/\/baxie.ch\/fr\/wp-json\/wp\/v2\/media\/897"}],"wp:attachment":[{"href":"https:\/\/baxie.ch\/fr\/wp-json\/wp\/v2\/media?parent=1623"}],"wp:term":[{"taxonomy":"marke","embeddable":true,"href":"https:\/\/baxie.ch\/fr\/wp-json\/wp\/v2\/marke?post=1623"},{"taxonomy":"verfugbarkeit","embeddable":true,"href":"https:\/\/baxie.ch\/fr\/wp-json\/wp\/v2\/verfugbarkeit?post=1623"},{"taxonomy":"product_brand","embeddable":true,"href":"https:\/\/baxie.ch\/fr\/wp-json\/wp\/v2\/product_brand?post=1623"},{"taxonomy":"product_cat","embeddable":true,"href":"https:\/\/baxie.ch\/fr\/wp-json\/wp\/v2\/product_cat?post=1623"},{"taxonomy":"product_tag","embeddable":true,"href":"https:\/\/baxie.ch\/fr\/wp-json\/wp\/v2\/product_tag?post=1623"}],"curies":[{"name":"wp","href":"https:\/\/api.w.org\/{rel}","templated":true}]}}