{"id":1635,"date":"2023-09-27T00:32:39","date_gmt":"2023-09-26T22:32:39","guid":{"rendered":"https:\/\/baxie.ch\/taschen\/uncategorized\/sac-de-selle-2\/"},"modified":"2024-06-18T16:13:18","modified_gmt":"2024-06-18T14:13:18","slug":"sac-de-selle-2","status":"publish","type":"product","link":"https:\/\/baxie.ch\/fr\/sacs\/dior\/sac-de-selle-2\/","title":{"rendered":"Saddle Bag"},"content":{"rendered":"<p>Avec sa forme de selle distinctive et ses mat\u00e9riaux d\u00e9licats, le sac Saddle de Dior d\u00e9gage un charme intemporel qui rend chaque moment sp\u00e9cial. Le logo Dior embl\u00e9matique apporte une touche exclusive, tandis que la pr\u00e9cision de l&#8217;artisanat et l&#8217;attention port\u00e9e aux d\u00e9tails soulignent la qualit\u00e9 exceptionnelle de la marque.<\/p>\n<p>Le Saddle Bag n&#8217;est pas un simple sac \u00e0 main, c&#8217;est une d\u00e9claration de style et de classe. Le cuir soigneusement s\u00e9lectionn\u00e9 conf\u00e8re au sac une texture unique et souligne son statut d&#8217;accessoire intemporel. La forme incurv\u00e9e et les accents subtils conf\u00e8rent \u00e0 ce sac le charme qui souligne avec \u00e9l\u00e9gance la personnalit\u00e9 de chaque femme.<\/p>\n<p>Que ce soit lors d&#8217;un d\u00eener \u00e9l\u00e9gant, au bureau ou lors d&#8217;une promenade improvis\u00e9e en ville, le Dior Saddle Bag apporte une touche de glamour et de style \u00e0 toutes les occasions. Avec lui, chaque jour devient une exp\u00e9rience de mode qui transpose l&#8217;exclusivit\u00e9 et le raffinement de Dior dans le monde moderne.<\/p>\n<p><strong>Louer le Saddle Bag de Dior chez Baxie<\/strong><\/p>\n<p>Vous voulez faire l&#8217;exp\u00e9rience du sac de Dior ? Chez Baxie, le loueur suisse de sacs \u00e0 main de luxe, non seulement le Saddle Bag, mais aussi d\u2019autres mod\u00e8les exclusifs sont disponibles tout en gardant votre budget sous contr\u00f4le Baxie mise sur des sacs \u00e0 main de cr\u00e9ateurs de qualit\u00e9, notamment l&#8217;intemporel Dior Saddle Bag. Dans le monde moderne de l&#8217;\u00e9l\u00e9gance, Baxie joue un r\u00f4le particulier pour vous permettre d&#8217;acc\u00e9der \u00e0 la diversit\u00e9 des sacs \u00e0 main de cr\u00e9ateurs de qualit\u00e9.<\/p>\n","protected":false},"excerpt":{"rendered":"<p>Maria Grazia Chiuri donne un coup de jeune \u00e0 l&#8217;embl\u00e9matique Saddle Bag. Le design unique en cuir de ch\u00e8vre bleu, avec un rabat en forme de feuille de selle et une fermeture en D en forme d&#8217;\u00e9trier sur une bande magn\u00e9tique, se distingue par un bijou CD en m\u00e9tal avec une finition or antique de chaque c\u00f4t\u00e9 de la lani\u00e8re. Avec sa fine bandouli\u00e8re r\u00e9glable et amovible, le Saddle Bag offre de multiples possibilit\u00e9s de port &#8211; \u00e9l\u00e9gant \u00e0 la main, d\u00e9contract\u00e9 \u00e0 l&#8217;\u00e9paule ou pratique en bandouli\u00e8re.<\/p>\n","protected":false},"featured_media":873,"template":"","meta":{"_acf_changed":false},"marke":[417],"verfugbarkeit":[],"product_brand":[],"product_cat":[22],"product_tag":[275],"class_list":{"0":"post-1635","1":"product","2":"type-product","3":"status-publish","4":"has-post-thumbnail","6":"marke-dior","7":"product_cat-non-classifiee","8":"product_tag-dior-fr","10":"first","11":"outofstock","12":"sold-individually","13":"taxable","14":"shipping-taxable","15":"purchasable","16":"product-type-variable-subscription"},"acf":[],"yoast_head":"<!-- This site is optimized with the Yoast SEO plugin v27.5 - https:\/\/yoast.com\/product\/yoast-seo-wordpress\/ -->\n<title>Saddle Bag - BAXIE<\/title>\n<meta name=\"description\" content=\"BAXIE\" \/>\n<meta name=\"robots\" content=\"index, follow, max-snippet:-1, max-image-preview:large, max-video-preview:-1\" \/>\n<link rel=\"canonical\" href=\"https:\/\/baxie.ch\/fr\/sacs\/dior\/sac-de-selle-2\/\" \/>\n<meta property=\"og:locale\" content=\"fr_FR\" \/>\n<meta property=\"og:type\" content=\"article\" \/>\n<meta property=\"og:title\" content=\"Saddle Bag - BAXIE\" \/>\n<meta property=\"og:description\" content=\"BAXIE\" \/>\n<meta property=\"og:url\" content=\"https:\/\/baxie.ch\/fr\/sacs\/dior\/sac-de-selle-2\/\" \/>\n<meta property=\"og:site_name\" content=\"BAXIE\" \/>\n<meta property=\"article:modified_time\" content=\"2024-06-18T14:13:18+00:00\" \/>\n<meta property=\"og:image\" content=\"https:\/\/baxie.ch\/wp-content\/uploads\/2024\/01\/baxie_bag_rent_dior_saddle_cloudblue_side.png?ver=1717055040\" \/>\n\t<meta property=\"og:image:width\" content=\"1980\" \/>\n\t<meta property=\"og:image:height\" content=\"1980\" \/>\n\t<meta property=\"og:image:type\" content=\"image\/png\" \/>\n<meta name=\"twitter:card\" content=\"summary_large_image\" \/>\n<meta name=\"twitter:site\" content=\"@baxie_ch\" \/>\n<meta name=\"twitter:label1\" content=\"Dur\u00e9e de lecture estim\u00e9e\" \/>\n\t<meta name=\"twitter:data1\" content=\"1 minute\" \/>\n<script type=\"application\/ld+json\" class=\"yoast-schema-graph\">{\"@context\":\"https:\\\/\\\/schema.org\",\"@graph\":[{\"@type\":\"WebPage\",\"@id\":\"https:\\\/\\\/baxie.ch\\\/fr\\\/sacs\\\/dior\\\/sac-de-selle-2\\\/\",\"url\":\"https:\\\/\\\/baxie.ch\\\/fr\\\/sacs\\\/dior\\\/sac-de-selle-2\\\/\",\"name\":\"Saddle Bag - BAXIE\",\"isPartOf\":{\"@id\":\"https:\\\/\\\/baxie.ch\\\/fr\\\/#website\"},\"primaryImageOfPage\":{\"@id\":\"https:\\\/\\\/baxie.ch\\\/fr\\\/sacs\\\/dior\\\/sac-de-selle-2\\\/#primaryimage\"},\"image\":{\"@id\":\"https:\\\/\\\/baxie.ch\\\/fr\\\/sacs\\\/dior\\\/sac-de-selle-2\\\/#primaryimage\"},\"thumbnailUrl\":\"https:\\\/\\\/baxie.ch\\\/wp-content\\\/uploads\\\/2024\\\/01\\\/baxie_bag_rent_dior_saddle_cloudblue_side.png?ver=1717055040\",\"datePublished\":\"2023-09-26T22:32:39+00:00\",\"dateModified\":\"2024-06-18T14:13:18+00:00\",\"description\":\"BAXIE\",\"breadcrumb\":{\"@id\":\"https:\\\/\\\/baxie.ch\\\/fr\\\/sacs\\\/dior\\\/sac-de-selle-2\\\/#breadcrumb\"},\"inLanguage\":\"fr-FR\",\"potentialAction\":[{\"@type\":\"ReadAction\",\"target\":[\"https:\\\/\\\/baxie.ch\\\/fr\\\/sacs\\\/dior\\\/sac-de-selle-2\\\/\"]}]},{\"@type\":\"ImageObject\",\"inLanguage\":\"fr-FR\",\"@id\":\"https:\\\/\\\/baxie.ch\\\/fr\\\/sacs\\\/dior\\\/sac-de-selle-2\\\/#primaryimage\",\"url\":\"https:\\\/\\\/baxie.ch\\\/wp-content\\\/uploads\\\/2024\\\/01\\\/baxie_bag_rent_dior_saddle_cloudblue_side.png?ver=1717055040\",\"contentUrl\":\"https:\\\/\\\/baxie.ch\\\/wp-content\\\/uploads\\\/2024\\\/01\\\/baxie_bag_rent_dior_saddle_cloudblue_side.png?ver=1717055040\",\"width\":1980,\"height\":1980,\"caption\":\"Un sac \u00e0 main bleu clair avec du mat\u00e9riel dor\u00e9 de la marque Dior.\"},{\"@type\":\"BreadcrumbList\",\"@id\":\"https:\\\/\\\/baxie.ch\\\/fr\\\/sacs\\\/dior\\\/sac-de-selle-2\\\/#breadcrumb\",\"itemListElement\":[{\"@type\":\"ListItem\",\"position\":1,\"name\":\"baxie.ch\",\"item\":\"https:\\\/\\\/baxie.ch\\\/fr\\\/\"},{\"@type\":\"ListItem\",\"position\":2,\"name\":\"Sacs\",\"item\":\"https:\\\/\\\/baxie.ch\\\/fr\\\/sacs\\\/\"},{\"@type\":\"ListItem\",\"position\":3,\"name\":\"Saddle Bag\"}]},{\"@type\":\"WebSite\",\"@id\":\"https:\\\/\\\/baxie.ch\\\/fr\\\/#website\",\"url\":\"https:\\\/\\\/baxie.ch\\\/fr\\\/\",\"name\":\"BAXIE\",\"description\":\"Bei uns gilt das Motto \u201cSharing is Caring\u201d, denn wir glauben, dass wahre Sch\u00f6nheit im Teilen liegt.\",\"publisher\":{\"@id\":\"https:\\\/\\\/baxie.ch\\\/fr\\\/#organization\"},\"alternateName\":\"BAXIE\",\"potentialAction\":[{\"@type\":\"SearchAction\",\"target\":{\"@type\":\"EntryPoint\",\"urlTemplate\":\"https:\\\/\\\/baxie.ch\\\/fr\\\/?s={search_term_string}\"},\"query-input\":{\"@type\":\"PropertyValueSpecification\",\"valueRequired\":true,\"valueName\":\"search_term_string\"}}],\"inLanguage\":\"fr-FR\"},{\"@type\":\"Organization\",\"@id\":\"https:\\\/\\\/baxie.ch\\\/fr\\\/#organization\",\"name\":\"BAXIE GmbH\",\"alternateName\":\"BAXIE\",\"url\":\"https:\\\/\\\/baxie.ch\\\/fr\\\/\",\"logo\":{\"@type\":\"ImageObject\",\"inLanguage\":\"fr-FR\",\"@id\":\"https:\\\/\\\/baxie.ch\\\/fr\\\/#\\\/schema\\\/logo\\\/image\\\/\",\"url\":\"https:\\\/\\\/baxie.ch\\\/wp-content\\\/uploads\\\/2024\\\/07\\\/Frame-1.png\",\"contentUrl\":\"https:\\\/\\\/baxie.ch\\\/wp-content\\\/uploads\\\/2024\\\/07\\\/Frame-1.png\",\"width\":2033,\"height\":1764,\"caption\":\"BAXIE GmbH\"},\"image\":{\"@id\":\"https:\\\/\\\/baxie.ch\\\/fr\\\/#\\\/schema\\\/logo\\\/image\\\/\"},\"sameAs\":[\"https:\\\/\\\/x.com\\\/baxie_ch\",\"https:\\\/\\\/www.tiktok.com\\\/@baxie_official\",\"https:\\\/\\\/www.instagram.com\\\/baxie_official\\\/?hl=de\"]}]}<\/script>\n<!-- \/ Yoast SEO plugin. -->","yoast_head_json":{"title":"Saddle Bag - BAXIE","description":"BAXIE","robots":{"index":"index","follow":"follow","max-snippet":"max-snippet:-1","max-image-preview":"max-image-preview:large","max-video-preview":"max-video-preview:-1"},"canonical":"https:\/\/baxie.ch\/fr\/sacs\/dior\/sac-de-selle-2\/","og_locale":"fr_FR","og_type":"article","og_title":"Saddle Bag - BAXIE","og_description":"BAXIE","og_url":"https:\/\/baxie.ch\/fr\/sacs\/dior\/sac-de-selle-2\/","og_site_name":"BAXIE","article_modified_time":"2024-06-18T14:13:18+00:00","og_image":[{"width":1980,"height":1980,"url":"https:\/\/baxie.ch\/wp-content\/uploads\/2024\/01\/baxie_bag_rent_dior_saddle_cloudblue_side.png?ver=1717055040","type":"image\/png"}],"twitter_card":"summary_large_image","twitter_site":"@baxie_ch","twitter_misc":{"Dur\u00e9e de lecture estim\u00e9e":"1 minute"},"schema":{"@context":"https:\/\/schema.org","@graph":[{"@type":"WebPage","@id":"https:\/\/baxie.ch\/fr\/sacs\/dior\/sac-de-selle-2\/","url":"https:\/\/baxie.ch\/fr\/sacs\/dior\/sac-de-selle-2\/","name":"Saddle Bag - BAXIE","isPartOf":{"@id":"https:\/\/baxie.ch\/fr\/#website"},"primaryImageOfPage":{"@id":"https:\/\/baxie.ch\/fr\/sacs\/dior\/sac-de-selle-2\/#primaryimage"},"image":{"@id":"https:\/\/baxie.ch\/fr\/sacs\/dior\/sac-de-selle-2\/#primaryimage"},"thumbnailUrl":"https:\/\/baxie.ch\/wp-content\/uploads\/2024\/01\/baxie_bag_rent_dior_saddle_cloudblue_side.png?ver=1717055040","datePublished":"2023-09-26T22:32:39+00:00","dateModified":"2024-06-18T14:13:18+00:00","description":"BAXIE","breadcrumb":{"@id":"https:\/\/baxie.ch\/fr\/sacs\/dior\/sac-de-selle-2\/#breadcrumb"},"inLanguage":"fr-FR","potentialAction":[{"@type":"ReadAction","target":["https:\/\/baxie.ch\/fr\/sacs\/dior\/sac-de-selle-2\/"]}]},{"@type":"ImageObject","inLanguage":"fr-FR","@id":"https:\/\/baxie.ch\/fr\/sacs\/dior\/sac-de-selle-2\/#primaryimage","url":"https:\/\/baxie.ch\/wp-content\/uploads\/2024\/01\/baxie_bag_rent_dior_saddle_cloudblue_side.png?ver=1717055040","contentUrl":"https:\/\/baxie.ch\/wp-content\/uploads\/2024\/01\/baxie_bag_rent_dior_saddle_cloudblue_side.png?ver=1717055040","width":1980,"height":1980,"caption":"Un sac \u00e0 main bleu clair avec du mat\u00e9riel dor\u00e9 de la marque Dior."},{"@type":"BreadcrumbList","@id":"https:\/\/baxie.ch\/fr\/sacs\/dior\/sac-de-selle-2\/#breadcrumb","itemListElement":[{"@type":"ListItem","position":1,"name":"baxie.ch","item":"https:\/\/baxie.ch\/fr\/"},{"@type":"ListItem","position":2,"name":"Sacs","item":"https:\/\/baxie.ch\/fr\/sacs\/"},{"@type":"ListItem","position":3,"name":"Saddle Bag"}]},{"@type":"WebSite","@id":"https:\/\/baxie.ch\/fr\/#website","url":"https:\/\/baxie.ch\/fr\/","name":"BAXIE","description":"Bei uns gilt das Motto \u201cSharing is Caring\u201d, denn wir glauben, dass wahre Sch\u00f6nheit im Teilen liegt.","publisher":{"@id":"https:\/\/baxie.ch\/fr\/#organization"},"alternateName":"BAXIE","potentialAction":[{"@type":"SearchAction","target":{"@type":"EntryPoint","urlTemplate":"https:\/\/baxie.ch\/fr\/?s={search_term_string}"},"query-input":{"@type":"PropertyValueSpecification","valueRequired":true,"valueName":"search_term_string"}}],"inLanguage":"fr-FR"},{"@type":"Organization","@id":"https:\/\/baxie.ch\/fr\/#organization","name":"BAXIE GmbH","alternateName":"BAXIE","url":"https:\/\/baxie.ch\/fr\/","logo":{"@type":"ImageObject","inLanguage":"fr-FR","@id":"https:\/\/baxie.ch\/fr\/#\/schema\/logo\/image\/","url":"https:\/\/baxie.ch\/wp-content\/uploads\/2024\/07\/Frame-1.png","contentUrl":"https:\/\/baxie.ch\/wp-content\/uploads\/2024\/07\/Frame-1.png","width":2033,"height":1764,"caption":"BAXIE GmbH"},"image":{"@id":"https:\/\/baxie.ch\/fr\/#\/schema\/logo\/image\/"},"sameAs":["https:\/\/x.com\/baxie_ch","https:\/\/www.tiktok.com\/@baxie_official","https:\/\/www.instagram.com\/baxie_official\/?hl=de"]}]}},"_links":{"self":[{"href":"https:\/\/baxie.ch\/fr\/wp-json\/wp\/v2\/product\/1635","targetHints":{"allow":["GET"]}}],"collection":[{"href":"https:\/\/baxie.ch\/fr\/wp-json\/wp\/v2\/product"}],"about":[{"href":"https:\/\/baxie.ch\/fr\/wp-json\/wp\/v2\/types\/product"}],"wp:featuredmedia":[{"embeddable":true,"href":"https:\/\/baxie.ch\/fr\/wp-json\/wp\/v2\/media\/873"}],"wp:attachment":[{"href":"https:\/\/baxie.ch\/fr\/wp-json\/wp\/v2\/media?parent=1635"}],"wp:term":[{"taxonomy":"marke","embeddable":true,"href":"https:\/\/baxie.ch\/fr\/wp-json\/wp\/v2\/marke?post=1635"},{"taxonomy":"verfugbarkeit","embeddable":true,"href":"https:\/\/baxie.ch\/fr\/wp-json\/wp\/v2\/verfugbarkeit?post=1635"},{"taxonomy":"product_brand","embeddable":true,"href":"https:\/\/baxie.ch\/fr\/wp-json\/wp\/v2\/product_brand?post=1635"},{"taxonomy":"product_cat","embeddable":true,"href":"https:\/\/baxie.ch\/fr\/wp-json\/wp\/v2\/product_cat?post=1635"},{"taxonomy":"product_tag","embeddable":true,"href":"https:\/\/baxie.ch\/fr\/wp-json\/wp\/v2\/product_tag?post=1635"}],"curies":[{"name":"wp","href":"https:\/\/api.w.org\/{rel}","templated":true}]}}