{"id":2312,"date":"2024-08-13T09:35:06","date_gmt":"2024-08-13T07:35:06","guid":{"rendered":"https:\/\/baxie.ch\/?post_type=product&#038;p=2312"},"modified":"2025-01-25T12:50:01","modified_gmt":"2025-01-25T11:50:01","slug":"petite-gg-kopie-2","status":"publish","type":"product","link":"https:\/\/baxie.ch\/fr\/sacs\/gucci\/petite-gg-kopie-2\/","title":{"rendered":"Shopper"},"content":{"rendered":"<p><strong>Sac \u00e0 main Gucci<\/strong><\/p>\n<p>Ce sac \u00e0 main exclusif de la marque Gucci incarne la synergie parfaite entre l&#8217;esprit estival et le design luxueux.<br \/>\nFabriqu\u00e9 en paille de haute qualit\u00e9, le sac pr\u00e9sente un look naturel, accentu\u00e9 par d&#8217;\u00e9l\u00e9gantes lani\u00e8res de cuir vert clair.<br \/>\nL&#8217;embl\u00e9matique logo en plexiglas multicolore apporte une touche d&#8217;exclusivit\u00e9 et fait fi\u00e8rement r\u00e9f\u00e9rence au nom prestigieux de la Maison, tandis que le savoir-faire pr\u00e9cis et l&#8217;attention port\u00e9e aux d\u00e9tails soulignent la qualit\u00e9 exceptionnelle de Gucci.<br \/>\nLe sac \u00e0 main Gucci n&#8217;est pas seulement un sac \u00e0 main, c&#8217;est une d\u00e9claration de style et de classe. Elle int\u00e9rieur compact offre suffisamment de place pour l&#8217;essentiel, tandis que sa forme structur\u00e9e d\u00e9gage un charme intemporel. Ce sac est le compagnon id\u00e9al des personnes modernes qui recherchent l&#8217;esth\u00e9tique et la fonctionnalit\u00e9. Que ce soit lors d&#8217;un d\u00eener \u00e9l\u00e9gant, au bureau ou lors d&#8217;une promenade improvis\u00e9e en ville, le sac \u00e0 main Gucci apporte une touche de glamour et de style \u00e0 chaque occasion.<br \/>\nIl transforme chaque jour en une exp\u00e9rience de mode qui met en valeur la personnalit\u00e9 de chacun.<\/p>\n<p><strong>Louer un shopper Gucci chez Baxie<\/strong><\/p>\n<p>Vous voulez faire l&#8217;exp\u00e9rience du shopper Gucci de luxe ? Baxie, le service suisse de location de sacs \u00e0 main de luxe, vous propose non seulement le shopper Gucci, mais aussi de nombreux autres mod\u00e8les exclusifs &#8211; et ce, sans grever excessivement votre budget.<br \/>\nBaxie s&#8217;appuie sur des sacs \u00e0 main de cr\u00e9ateurs haut de gamme, dont l&#8217;\u00e9l\u00e9gant Gucci Shopper.<br \/>\nDans le monde moderne de l&#8217;\u00e9l\u00e9gance intemporelle, Baxie joue un r\u00f4le particulier en vous rendant accessible la diversit\u00e9 des sacs \u00e0 main de cr\u00e9ateurs de qualit\u00e9.<\/p>\n","protected":false},"excerpt":{"rendered":"<p>Inspir\u00e9 de l&#8217;ambiance estivale et des clubs de plage italiens, ce petit shopper de la marque Gucci est fabriqu\u00e9 en paille et associe un design naturel \u00e0 des lani\u00e8res de cuir vert clair.<br \/>\nUn logo en plexiglas multicolore fait r\u00e9f\u00e9rence au nom de la maison et souligne l&#8217;esprit estival.<\/p>\n","protected":false},"featured_media":2353,"template":"","meta":{"_acf_changed":false},"marke":[414],"verfugbarkeit":[113],"product_brand":[],"product_cat":[22],"product_tag":[337],"class_list":{"0":"post-2312","1":"product","2":"type-product","3":"status-publish","4":"has-post-thumbnail","6":"marke-gucci","7":"verfugbarkeit-verfuegbar","8":"product_cat-non-classifiee","9":"product_tag-gucci-fr","11":"first","12":"instock","13":"sold-individually","14":"taxable","15":"shipping-taxable","16":"purchasable","17":"product-type-variable-subscription"},"acf":[],"yoast_head":"<!-- This site is optimized with the Yoast SEO plugin v27.5 - https:\/\/yoast.com\/product\/yoast-seo-wordpress\/ -->\n<title>Shopper - BAXIE<\/title>\n<meta name=\"description\" content=\"BAXIE\" \/>\n<meta name=\"robots\" content=\"index, follow, max-snippet:-1, max-image-preview:large, max-video-preview:-1\" \/>\n<link rel=\"canonical\" href=\"https:\/\/baxie.ch\/fr\/sacs\/gucci\/petite-gg-kopie-2\/\" \/>\n<meta property=\"og:locale\" content=\"fr_FR\" \/>\n<meta property=\"og:type\" content=\"article\" \/>\n<meta property=\"og:title\" content=\"Shopper - BAXIE\" \/>\n<meta property=\"og:description\" content=\"BAXIE\" \/>\n<meta property=\"og:url\" content=\"https:\/\/baxie.ch\/fr\/sacs\/gucci\/petite-gg-kopie-2\/\" \/>\n<meta property=\"og:site_name\" content=\"BAXIE\" \/>\n<meta property=\"article:modified_time\" content=\"2025-01-25T11:50:01+00:00\" \/>\n<meta property=\"og:image\" content=\"https:\/\/baxie.ch\/wp-content\/uploads\/2024\/08\/Gucci-Taschenuebersicht.png\" \/>\n\t<meta property=\"og:image:width\" content=\"3960\" \/>\n\t<meta property=\"og:image:height\" content=\"3960\" \/>\n\t<meta property=\"og:image:type\" content=\"image\/png\" \/>\n<meta name=\"twitter:card\" content=\"summary_large_image\" \/>\n<meta name=\"twitter:site\" content=\"@baxie_ch\" \/>\n<meta name=\"twitter:label1\" content=\"Dur\u00e9e de lecture estim\u00e9e\" \/>\n\t<meta name=\"twitter:data1\" content=\"2 minutes\" \/>\n<script type=\"application\/ld+json\" class=\"yoast-schema-graph\">{\"@context\":\"https:\\\/\\\/schema.org\",\"@graph\":[{\"@type\":\"WebPage\",\"@id\":\"https:\\\/\\\/baxie.ch\\\/fr\\\/sacs\\\/gucci\\\/petite-gg-kopie-2\\\/\",\"url\":\"https:\\\/\\\/baxie.ch\\\/fr\\\/sacs\\\/gucci\\\/petite-gg-kopie-2\\\/\",\"name\":\"Shopper - BAXIE\",\"isPartOf\":{\"@id\":\"https:\\\/\\\/baxie.ch\\\/fr\\\/#website\"},\"primaryImageOfPage\":{\"@id\":\"https:\\\/\\\/baxie.ch\\\/fr\\\/sacs\\\/gucci\\\/petite-gg-kopie-2\\\/#primaryimage\"},\"image\":{\"@id\":\"https:\\\/\\\/baxie.ch\\\/fr\\\/sacs\\\/gucci\\\/petite-gg-kopie-2\\\/#primaryimage\"},\"thumbnailUrl\":\"https:\\\/\\\/baxie.ch\\\/wp-content\\\/uploads\\\/2024\\\/08\\\/Gucci-Taschenuebersicht.png\",\"datePublished\":\"2024-08-13T07:35:06+00:00\",\"dateModified\":\"2025-01-25T11:50:01+00:00\",\"description\":\"BAXIE\",\"breadcrumb\":{\"@id\":\"https:\\\/\\\/baxie.ch\\\/fr\\\/sacs\\\/gucci\\\/petite-gg-kopie-2\\\/#breadcrumb\"},\"inLanguage\":\"fr-FR\",\"potentialAction\":[{\"@type\":\"ReadAction\",\"target\":[\"https:\\\/\\\/baxie.ch\\\/fr\\\/sacs\\\/gucci\\\/petite-gg-kopie-2\\\/\"]}]},{\"@type\":\"ImageObject\",\"inLanguage\":\"fr-FR\",\"@id\":\"https:\\\/\\\/baxie.ch\\\/fr\\\/sacs\\\/gucci\\\/petite-gg-kopie-2\\\/#primaryimage\",\"url\":\"https:\\\/\\\/baxie.ch\\\/wp-content\\\/uploads\\\/2024\\\/08\\\/Gucci-Taschenuebersicht.png\",\"contentUrl\":\"https:\\\/\\\/baxie.ch\\\/wp-content\\\/uploads\\\/2024\\\/08\\\/Gucci-Taschenuebersicht.png\",\"width\":3960,\"height\":3960},{\"@type\":\"BreadcrumbList\",\"@id\":\"https:\\\/\\\/baxie.ch\\\/fr\\\/sacs\\\/gucci\\\/petite-gg-kopie-2\\\/#breadcrumb\",\"itemListElement\":[{\"@type\":\"ListItem\",\"position\":1,\"name\":\"baxie.ch\",\"item\":\"https:\\\/\\\/baxie.ch\\\/fr\\\/\"},{\"@type\":\"ListItem\",\"position\":2,\"name\":\"Sacs\",\"item\":\"https:\\\/\\\/baxie.ch\\\/fr\\\/sacs\\\/\"},{\"@type\":\"ListItem\",\"position\":3,\"name\":\"Shopper\"}]},{\"@type\":\"WebSite\",\"@id\":\"https:\\\/\\\/baxie.ch\\\/fr\\\/#website\",\"url\":\"https:\\\/\\\/baxie.ch\\\/fr\\\/\",\"name\":\"BAXIE\",\"description\":\"Bei uns gilt das Motto \u201cSharing is Caring\u201d, denn wir glauben, dass wahre Sch\u00f6nheit im Teilen liegt.\",\"publisher\":{\"@id\":\"https:\\\/\\\/baxie.ch\\\/fr\\\/#organization\"},\"alternateName\":\"BAXIE\",\"potentialAction\":[{\"@type\":\"SearchAction\",\"target\":{\"@type\":\"EntryPoint\",\"urlTemplate\":\"https:\\\/\\\/baxie.ch\\\/fr\\\/?s={search_term_string}\"},\"query-input\":{\"@type\":\"PropertyValueSpecification\",\"valueRequired\":true,\"valueName\":\"search_term_string\"}}],\"inLanguage\":\"fr-FR\"},{\"@type\":\"Organization\",\"@id\":\"https:\\\/\\\/baxie.ch\\\/fr\\\/#organization\",\"name\":\"BAXIE GmbH\",\"alternateName\":\"BAXIE\",\"url\":\"https:\\\/\\\/baxie.ch\\\/fr\\\/\",\"logo\":{\"@type\":\"ImageObject\",\"inLanguage\":\"fr-FR\",\"@id\":\"https:\\\/\\\/baxie.ch\\\/fr\\\/#\\\/schema\\\/logo\\\/image\\\/\",\"url\":\"https:\\\/\\\/baxie.ch\\\/wp-content\\\/uploads\\\/2024\\\/07\\\/Frame-1.png\",\"contentUrl\":\"https:\\\/\\\/baxie.ch\\\/wp-content\\\/uploads\\\/2024\\\/07\\\/Frame-1.png\",\"width\":2033,\"height\":1764,\"caption\":\"BAXIE GmbH\"},\"image\":{\"@id\":\"https:\\\/\\\/baxie.ch\\\/fr\\\/#\\\/schema\\\/logo\\\/image\\\/\"},\"sameAs\":[\"https:\\\/\\\/x.com\\\/baxie_ch\",\"https:\\\/\\\/www.tiktok.com\\\/@baxie_official\",\"https:\\\/\\\/www.instagram.com\\\/baxie_official\\\/?hl=de\"]}]}<\/script>\n<!-- \/ Yoast SEO plugin. -->","yoast_head_json":{"title":"Shopper - BAXIE","description":"BAXIE","robots":{"index":"index","follow":"follow","max-snippet":"max-snippet:-1","max-image-preview":"max-image-preview:large","max-video-preview":"max-video-preview:-1"},"canonical":"https:\/\/baxie.ch\/fr\/sacs\/gucci\/petite-gg-kopie-2\/","og_locale":"fr_FR","og_type":"article","og_title":"Shopper - BAXIE","og_description":"BAXIE","og_url":"https:\/\/baxie.ch\/fr\/sacs\/gucci\/petite-gg-kopie-2\/","og_site_name":"BAXIE","article_modified_time":"2025-01-25T11:50:01+00:00","og_image":[{"width":3960,"height":3960,"url":"https:\/\/baxie.ch\/wp-content\/uploads\/2024\/08\/Gucci-Taschenuebersicht.png","type":"image\/png"}],"twitter_card":"summary_large_image","twitter_site":"@baxie_ch","twitter_misc":{"Dur\u00e9e de lecture estim\u00e9e":"2 minutes"},"schema":{"@context":"https:\/\/schema.org","@graph":[{"@type":"WebPage","@id":"https:\/\/baxie.ch\/fr\/sacs\/gucci\/petite-gg-kopie-2\/","url":"https:\/\/baxie.ch\/fr\/sacs\/gucci\/petite-gg-kopie-2\/","name":"Shopper - BAXIE","isPartOf":{"@id":"https:\/\/baxie.ch\/fr\/#website"},"primaryImageOfPage":{"@id":"https:\/\/baxie.ch\/fr\/sacs\/gucci\/petite-gg-kopie-2\/#primaryimage"},"image":{"@id":"https:\/\/baxie.ch\/fr\/sacs\/gucci\/petite-gg-kopie-2\/#primaryimage"},"thumbnailUrl":"https:\/\/baxie.ch\/wp-content\/uploads\/2024\/08\/Gucci-Taschenuebersicht.png","datePublished":"2024-08-13T07:35:06+00:00","dateModified":"2025-01-25T11:50:01+00:00","description":"BAXIE","breadcrumb":{"@id":"https:\/\/baxie.ch\/fr\/sacs\/gucci\/petite-gg-kopie-2\/#breadcrumb"},"inLanguage":"fr-FR","potentialAction":[{"@type":"ReadAction","target":["https:\/\/baxie.ch\/fr\/sacs\/gucci\/petite-gg-kopie-2\/"]}]},{"@type":"ImageObject","inLanguage":"fr-FR","@id":"https:\/\/baxie.ch\/fr\/sacs\/gucci\/petite-gg-kopie-2\/#primaryimage","url":"https:\/\/baxie.ch\/wp-content\/uploads\/2024\/08\/Gucci-Taschenuebersicht.png","contentUrl":"https:\/\/baxie.ch\/wp-content\/uploads\/2024\/08\/Gucci-Taschenuebersicht.png","width":3960,"height":3960},{"@type":"BreadcrumbList","@id":"https:\/\/baxie.ch\/fr\/sacs\/gucci\/petite-gg-kopie-2\/#breadcrumb","itemListElement":[{"@type":"ListItem","position":1,"name":"baxie.ch","item":"https:\/\/baxie.ch\/fr\/"},{"@type":"ListItem","position":2,"name":"Sacs","item":"https:\/\/baxie.ch\/fr\/sacs\/"},{"@type":"ListItem","position":3,"name":"Shopper"}]},{"@type":"WebSite","@id":"https:\/\/baxie.ch\/fr\/#website","url":"https:\/\/baxie.ch\/fr\/","name":"BAXIE","description":"Bei uns gilt das Motto \u201cSharing is Caring\u201d, denn wir glauben, dass wahre Sch\u00f6nheit im Teilen liegt.","publisher":{"@id":"https:\/\/baxie.ch\/fr\/#organization"},"alternateName":"BAXIE","potentialAction":[{"@type":"SearchAction","target":{"@type":"EntryPoint","urlTemplate":"https:\/\/baxie.ch\/fr\/?s={search_term_string}"},"query-input":{"@type":"PropertyValueSpecification","valueRequired":true,"valueName":"search_term_string"}}],"inLanguage":"fr-FR"},{"@type":"Organization","@id":"https:\/\/baxie.ch\/fr\/#organization","name":"BAXIE GmbH","alternateName":"BAXIE","url":"https:\/\/baxie.ch\/fr\/","logo":{"@type":"ImageObject","inLanguage":"fr-FR","@id":"https:\/\/baxie.ch\/fr\/#\/schema\/logo\/image\/","url":"https:\/\/baxie.ch\/wp-content\/uploads\/2024\/07\/Frame-1.png","contentUrl":"https:\/\/baxie.ch\/wp-content\/uploads\/2024\/07\/Frame-1.png","width":2033,"height":1764,"caption":"BAXIE GmbH"},"image":{"@id":"https:\/\/baxie.ch\/fr\/#\/schema\/logo\/image\/"},"sameAs":["https:\/\/x.com\/baxie_ch","https:\/\/www.tiktok.com\/@baxie_official","https:\/\/www.instagram.com\/baxie_official\/?hl=de"]}]}},"_links":{"self":[{"href":"https:\/\/baxie.ch\/fr\/wp-json\/wp\/v2\/product\/2312","targetHints":{"allow":["GET"]}}],"collection":[{"href":"https:\/\/baxie.ch\/fr\/wp-json\/wp\/v2\/product"}],"about":[{"href":"https:\/\/baxie.ch\/fr\/wp-json\/wp\/v2\/types\/product"}],"wp:featuredmedia":[{"embeddable":true,"href":"https:\/\/baxie.ch\/fr\/wp-json\/wp\/v2\/media\/2353"}],"wp:attachment":[{"href":"https:\/\/baxie.ch\/fr\/wp-json\/wp\/v2\/media?parent=2312"}],"wp:term":[{"taxonomy":"marke","embeddable":true,"href":"https:\/\/baxie.ch\/fr\/wp-json\/wp\/v2\/marke?post=2312"},{"taxonomy":"verfugbarkeit","embeddable":true,"href":"https:\/\/baxie.ch\/fr\/wp-json\/wp\/v2\/verfugbarkeit?post=2312"},{"taxonomy":"product_brand","embeddable":true,"href":"https:\/\/baxie.ch\/fr\/wp-json\/wp\/v2\/product_brand?post=2312"},{"taxonomy":"product_cat","embeddable":true,"href":"https:\/\/baxie.ch\/fr\/wp-json\/wp\/v2\/product_cat?post=2312"},{"taxonomy":"product_tag","embeddable":true,"href":"https:\/\/baxie.ch\/fr\/wp-json\/wp\/v2\/product_tag?post=2312"}],"curies":[{"name":"wp","href":"https:\/\/api.w.org\/{rel}","templated":true}]}}