{"id":2335,"date":"2024-08-13T12:16:31","date_gmt":"2024-08-13T10:16:31","guid":{"rendered":"https:\/\/baxie.ch\/?post_type=product&#038;p=2335"},"modified":"2024-08-13T12:30:55","modified_gmt":"2024-08-13T10:30:55","slug":"wander-kopie","status":"publish","type":"product","link":"https:\/\/baxie.ch\/fr\/sacs\/miu-miu\/wander-kopie\/","title":{"rendered":"Raphia ambulant"},"content":{"rendered":"<p>Le sac Wander de Miu Miu allie avec \u00e9l\u00e9gance style et fonctionnalit\u00e9.<br \/>\nFabriqu\u00e9 en fil tiss\u00e9 fa\u00e7on raphia, il apporte une touche estivale et luxueuse \u00e0 toutes les tenues.<br \/>\nLes d\u00e9tails soigneusement con\u00e7us et le logo Miu Miu distinctif soulignent son caract\u00e8re exquis et en font un accessoire unique.<br \/>\nAvec son savoir-faire exceptionnel et son design bien pens\u00e9, ce sac respire la qualit\u00e9 et l&#8217;\u00e9l\u00e9gance qui ont fait la r\u00e9putation de Miu Miu.     <span style=\"font-weight: 400;\">Plus qu&#8217;un simple accessoire, le sac Wander est l&#8217;expression m\u00eame du style et du raffinement. Son int\u00e9rieur bien pens\u00e9 offre suffisamment de place pour l&#8217;essentiel, tandis que son \u00e9l\u00e9gante silhouette de hobo d\u00e9gage un charme intemporel. Ce sac est le compagnon id\u00e9al des femmes modernes qui accordent de l&#8217;importance \u00e0 l&#8217;esth\u00e9tique et \u00e0 la praticit\u00e9 au quotidien.<\/span><\/p>\n<p><span style=\"font-weight: 400;\">Que ce soit pour un d\u00eener \u00e9l\u00e9gant, au bureau ou pour une promenade improvis\u00e9e en ville, le sac Miu Miu Wander ajoute une touche de luxe \u00e0 n&#8217;importe quelle tenue. Avec elle, chaque jour devient une exp\u00e9rience de mode qui souligne la personnalit\u00e9 individuelle de chaque personne qui la porte.<\/span><\/p>\n<p><b>Louer le sac Miu Miu Wander chez Baxie<\/b><\/p>\n<p><span style=\"font-weight: 400;\">Vous voulez d\u00e9couvrir le sac Miu Miu Wander par vous-m\u00eame ? Chez Baxie, le loueur suisse de sacs \u00e0 main de luxe, vous trouverez non seulement le sac de randonn\u00e9e de Miu Miu, mais aussi d&#8217;autres mod\u00e8les exclusifs qui ne gr\u00e8veront pas votre budget. Baxie propose une s\u00e9lection exquise de sacs \u00e0 main de cr\u00e9ateurs, dont l&#8217;ind\u00e9modable sac Miu Miu Wander. Dans le monde de l&#8217;\u00e9l\u00e9gance intemporelle, Baxie joue un r\u00f4le particulier pour vous faire d\u00e9couvrir la diversit\u00e9 des sacs \u00e0 main de cr\u00e9ateurs de qualit\u00e9.<\/span><\/p>\n","protected":false},"excerpt":{"rendered":"<p>Cette version en fil tiss\u00e9 fa\u00e7on raphia se distingue par son style estival plein de caract\u00e8re.<br \/>\nLes d\u00e9tails en cuir apportent un contraste subtil \u00e0 la texture, tandis que l&#8217;inscription du logo conf\u00e8re au design une touche iconique unique. <\/p>\n","protected":false},"featured_media":2356,"template":"","meta":{"_acf_changed":false},"marke":[410],"verfugbarkeit":[113],"product_brand":[],"product_cat":[22],"product_tag":[341],"class_list":{"0":"post-2335","1":"product","2":"type-product","3":"status-publish","4":"has-post-thumbnail","6":"marke-miu-miu","7":"verfugbarkeit-verfuegbar","8":"product_cat-non-classifiee","9":"product_tag-miu-miu-fr","11":"first","12":"instock","13":"sold-individually","14":"taxable","15":"shipping-taxable","16":"purchasable","17":"product-type-variable-subscription"},"acf":[],"yoast_head":"<!-- This site is optimized with the Yoast SEO plugin v27.5 - https:\/\/yoast.com\/product\/yoast-seo-wordpress\/ -->\n<title>Raphia ambulant - BAXIE<\/title>\n<meta name=\"description\" content=\"BAXIE\" \/>\n<meta name=\"robots\" content=\"index, follow, max-snippet:-1, max-image-preview:large, max-video-preview:-1\" \/>\n<link rel=\"canonical\" href=\"https:\/\/baxie.ch\/fr\/sacs\/miu-miu\/wander-kopie\/\" \/>\n<meta property=\"og:locale\" content=\"fr_FR\" \/>\n<meta property=\"og:type\" content=\"article\" \/>\n<meta property=\"og:title\" content=\"Raphia ambulant - BAXIE\" \/>\n<meta property=\"og:description\" content=\"BAXIE\" \/>\n<meta property=\"og:url\" content=\"https:\/\/baxie.ch\/fr\/sacs\/miu-miu\/wander-kopie\/\" \/>\n<meta property=\"og:site_name\" content=\"BAXIE\" \/>\n<meta property=\"article:modified_time\" content=\"2024-08-13T10:30:55+00:00\" \/>\n<meta property=\"og:image\" content=\"https:\/\/baxie.ch\/wp-content\/uploads\/2024\/08\/DSC00073-Verbessert-RR-Bearbeitet.png\" \/>\n\t<meta property=\"og:image:width\" content=\"1980\" \/>\n\t<meta property=\"og:image:height\" content=\"1980\" \/>\n\t<meta property=\"og:image:type\" content=\"image\/png\" \/>\n<meta name=\"twitter:card\" content=\"summary_large_image\" \/>\n<meta name=\"twitter:site\" content=\"@baxie_ch\" \/>\n<meta name=\"twitter:label1\" content=\"Dur\u00e9e de lecture estim\u00e9e\" \/>\n\t<meta name=\"twitter:data1\" content=\"1 minute\" \/>\n<script type=\"application\/ld+json\" class=\"yoast-schema-graph\">{\"@context\":\"https:\\\/\\\/schema.org\",\"@graph\":[{\"@type\":\"WebPage\",\"@id\":\"https:\\\/\\\/baxie.ch\\\/fr\\\/sacs\\\/miu-miu\\\/wander-kopie\\\/\",\"url\":\"https:\\\/\\\/baxie.ch\\\/fr\\\/sacs\\\/miu-miu\\\/wander-kopie\\\/\",\"name\":\"Raphia ambulant - BAXIE\",\"isPartOf\":{\"@id\":\"https:\\\/\\\/baxie.ch\\\/fr\\\/#website\"},\"primaryImageOfPage\":{\"@id\":\"https:\\\/\\\/baxie.ch\\\/fr\\\/sacs\\\/miu-miu\\\/wander-kopie\\\/#primaryimage\"},\"image\":{\"@id\":\"https:\\\/\\\/baxie.ch\\\/fr\\\/sacs\\\/miu-miu\\\/wander-kopie\\\/#primaryimage\"},\"thumbnailUrl\":\"https:\\\/\\\/baxie.ch\\\/wp-content\\\/uploads\\\/2024\\\/08\\\/Miu-Miu-Taschenuebersicht.png\",\"datePublished\":\"2024-08-13T10:16:31+00:00\",\"dateModified\":\"2024-08-13T10:30:55+00:00\",\"description\":\"BAXIE\",\"breadcrumb\":{\"@id\":\"https:\\\/\\\/baxie.ch\\\/fr\\\/sacs\\\/miu-miu\\\/wander-kopie\\\/#breadcrumb\"},\"inLanguage\":\"fr-FR\",\"potentialAction\":[{\"@type\":\"ReadAction\",\"target\":[\"https:\\\/\\\/baxie.ch\\\/fr\\\/sacs\\\/miu-miu\\\/wander-kopie\\\/\"]}]},{\"@type\":\"ImageObject\",\"inLanguage\":\"fr-FR\",\"@id\":\"https:\\\/\\\/baxie.ch\\\/fr\\\/sacs\\\/miu-miu\\\/wander-kopie\\\/#primaryimage\",\"url\":\"https:\\\/\\\/baxie.ch\\\/wp-content\\\/uploads\\\/2024\\\/08\\\/Miu-Miu-Taschenuebersicht.png\",\"contentUrl\":\"https:\\\/\\\/baxie.ch\\\/wp-content\\\/uploads\\\/2024\\\/08\\\/Miu-Miu-Taschenuebersicht.png\",\"width\":3960,\"height\":3960},{\"@type\":\"BreadcrumbList\",\"@id\":\"https:\\\/\\\/baxie.ch\\\/fr\\\/sacs\\\/miu-miu\\\/wander-kopie\\\/#breadcrumb\",\"itemListElement\":[{\"@type\":\"ListItem\",\"position\":1,\"name\":\"baxie.ch\",\"item\":\"https:\\\/\\\/baxie.ch\\\/fr\\\/\"},{\"@type\":\"ListItem\",\"position\":2,\"name\":\"Sacs\",\"item\":\"https:\\\/\\\/baxie.ch\\\/fr\\\/sacs\\\/\"},{\"@type\":\"ListItem\",\"position\":3,\"name\":\"Raphia ambulant\"}]},{\"@type\":\"WebSite\",\"@id\":\"https:\\\/\\\/baxie.ch\\\/fr\\\/#website\",\"url\":\"https:\\\/\\\/baxie.ch\\\/fr\\\/\",\"name\":\"BAXIE\",\"description\":\"Bei uns gilt das Motto \u201cSharing is Caring\u201d, denn wir glauben, dass wahre Sch\u00f6nheit im Teilen liegt.\",\"publisher\":{\"@id\":\"https:\\\/\\\/baxie.ch\\\/fr\\\/#organization\"},\"alternateName\":\"BAXIE\",\"potentialAction\":[{\"@type\":\"SearchAction\",\"target\":{\"@type\":\"EntryPoint\",\"urlTemplate\":\"https:\\\/\\\/baxie.ch\\\/fr\\\/?s={search_term_string}\"},\"query-input\":{\"@type\":\"PropertyValueSpecification\",\"valueRequired\":true,\"valueName\":\"search_term_string\"}}],\"inLanguage\":\"fr-FR\"},{\"@type\":\"Organization\",\"@id\":\"https:\\\/\\\/baxie.ch\\\/fr\\\/#organization\",\"name\":\"BAXIE GmbH\",\"alternateName\":\"BAXIE\",\"url\":\"https:\\\/\\\/baxie.ch\\\/fr\\\/\",\"logo\":{\"@type\":\"ImageObject\",\"inLanguage\":\"fr-FR\",\"@id\":\"https:\\\/\\\/baxie.ch\\\/fr\\\/#\\\/schema\\\/logo\\\/image\\\/\",\"url\":\"https:\\\/\\\/baxie.ch\\\/wp-content\\\/uploads\\\/2024\\\/07\\\/Frame-1.png\",\"contentUrl\":\"https:\\\/\\\/baxie.ch\\\/wp-content\\\/uploads\\\/2024\\\/07\\\/Frame-1.png\",\"width\":2033,\"height\":1764,\"caption\":\"BAXIE GmbH\"},\"image\":{\"@id\":\"https:\\\/\\\/baxie.ch\\\/fr\\\/#\\\/schema\\\/logo\\\/image\\\/\"},\"sameAs\":[\"https:\\\/\\\/x.com\\\/baxie_ch\",\"https:\\\/\\\/www.tiktok.com\\\/@baxie_official\",\"https:\\\/\\\/www.instagram.com\\\/baxie_official\\\/?hl=de\"]}]}<\/script>\n<!-- \/ Yoast SEO plugin. -->","yoast_head_json":{"title":"Raphia ambulant - BAXIE","description":"BAXIE","robots":{"index":"index","follow":"follow","max-snippet":"max-snippet:-1","max-image-preview":"max-image-preview:large","max-video-preview":"max-video-preview:-1"},"canonical":"https:\/\/baxie.ch\/fr\/sacs\/miu-miu\/wander-kopie\/","og_locale":"fr_FR","og_type":"article","og_title":"Raphia ambulant - BAXIE","og_description":"BAXIE","og_url":"https:\/\/baxie.ch\/fr\/sacs\/miu-miu\/wander-kopie\/","og_site_name":"BAXIE","article_modified_time":"2024-08-13T10:30:55+00:00","og_image":[{"width":1980,"height":1980,"url":"https:\/\/baxie.ch\/wp-content\/uploads\/2024\/08\/DSC00073-Verbessert-RR-Bearbeitet.png","type":"image\/png"}],"twitter_card":"summary_large_image","twitter_site":"@baxie_ch","twitter_misc":{"Dur\u00e9e de lecture estim\u00e9e":"1 minute"},"schema":{"@context":"https:\/\/schema.org","@graph":[{"@type":"WebPage","@id":"https:\/\/baxie.ch\/fr\/sacs\/miu-miu\/wander-kopie\/","url":"https:\/\/baxie.ch\/fr\/sacs\/miu-miu\/wander-kopie\/","name":"Raphia ambulant - BAXIE","isPartOf":{"@id":"https:\/\/baxie.ch\/fr\/#website"},"primaryImageOfPage":{"@id":"https:\/\/baxie.ch\/fr\/sacs\/miu-miu\/wander-kopie\/#primaryimage"},"image":{"@id":"https:\/\/baxie.ch\/fr\/sacs\/miu-miu\/wander-kopie\/#primaryimage"},"thumbnailUrl":"https:\/\/baxie.ch\/wp-content\/uploads\/2024\/08\/Miu-Miu-Taschenuebersicht.png","datePublished":"2024-08-13T10:16:31+00:00","dateModified":"2024-08-13T10:30:55+00:00","description":"BAXIE","breadcrumb":{"@id":"https:\/\/baxie.ch\/fr\/sacs\/miu-miu\/wander-kopie\/#breadcrumb"},"inLanguage":"fr-FR","potentialAction":[{"@type":"ReadAction","target":["https:\/\/baxie.ch\/fr\/sacs\/miu-miu\/wander-kopie\/"]}]},{"@type":"ImageObject","inLanguage":"fr-FR","@id":"https:\/\/baxie.ch\/fr\/sacs\/miu-miu\/wander-kopie\/#primaryimage","url":"https:\/\/baxie.ch\/wp-content\/uploads\/2024\/08\/Miu-Miu-Taschenuebersicht.png","contentUrl":"https:\/\/baxie.ch\/wp-content\/uploads\/2024\/08\/Miu-Miu-Taschenuebersicht.png","width":3960,"height":3960},{"@type":"BreadcrumbList","@id":"https:\/\/baxie.ch\/fr\/sacs\/miu-miu\/wander-kopie\/#breadcrumb","itemListElement":[{"@type":"ListItem","position":1,"name":"baxie.ch","item":"https:\/\/baxie.ch\/fr\/"},{"@type":"ListItem","position":2,"name":"Sacs","item":"https:\/\/baxie.ch\/fr\/sacs\/"},{"@type":"ListItem","position":3,"name":"Raphia ambulant"}]},{"@type":"WebSite","@id":"https:\/\/baxie.ch\/fr\/#website","url":"https:\/\/baxie.ch\/fr\/","name":"BAXIE","description":"Bei uns gilt das Motto \u201cSharing is Caring\u201d, denn wir glauben, dass wahre Sch\u00f6nheit im Teilen liegt.","publisher":{"@id":"https:\/\/baxie.ch\/fr\/#organization"},"alternateName":"BAXIE","potentialAction":[{"@type":"SearchAction","target":{"@type":"EntryPoint","urlTemplate":"https:\/\/baxie.ch\/fr\/?s={search_term_string}"},"query-input":{"@type":"PropertyValueSpecification","valueRequired":true,"valueName":"search_term_string"}}],"inLanguage":"fr-FR"},{"@type":"Organization","@id":"https:\/\/baxie.ch\/fr\/#organization","name":"BAXIE GmbH","alternateName":"BAXIE","url":"https:\/\/baxie.ch\/fr\/","logo":{"@type":"ImageObject","inLanguage":"fr-FR","@id":"https:\/\/baxie.ch\/fr\/#\/schema\/logo\/image\/","url":"https:\/\/baxie.ch\/wp-content\/uploads\/2024\/07\/Frame-1.png","contentUrl":"https:\/\/baxie.ch\/wp-content\/uploads\/2024\/07\/Frame-1.png","width":2033,"height":1764,"caption":"BAXIE GmbH"},"image":{"@id":"https:\/\/baxie.ch\/fr\/#\/schema\/logo\/image\/"},"sameAs":["https:\/\/x.com\/baxie_ch","https:\/\/www.tiktok.com\/@baxie_official","https:\/\/www.instagram.com\/baxie_official\/?hl=de"]}]}},"_links":{"self":[{"href":"https:\/\/baxie.ch\/fr\/wp-json\/wp\/v2\/product\/2335","targetHints":{"allow":["GET"]}}],"collection":[{"href":"https:\/\/baxie.ch\/fr\/wp-json\/wp\/v2\/product"}],"about":[{"href":"https:\/\/baxie.ch\/fr\/wp-json\/wp\/v2\/types\/product"}],"wp:featuredmedia":[{"embeddable":true,"href":"https:\/\/baxie.ch\/fr\/wp-json\/wp\/v2\/media\/2356"}],"wp:attachment":[{"href":"https:\/\/baxie.ch\/fr\/wp-json\/wp\/v2\/media?parent=2335"}],"wp:term":[{"taxonomy":"marke","embeddable":true,"href":"https:\/\/baxie.ch\/fr\/wp-json\/wp\/v2\/marke?post=2335"},{"taxonomy":"verfugbarkeit","embeddable":true,"href":"https:\/\/baxie.ch\/fr\/wp-json\/wp\/v2\/verfugbarkeit?post=2335"},{"taxonomy":"product_brand","embeddable":true,"href":"https:\/\/baxie.ch\/fr\/wp-json\/wp\/v2\/product_brand?post=2335"},{"taxonomy":"product_cat","embeddable":true,"href":"https:\/\/baxie.ch\/fr\/wp-json\/wp\/v2\/product_cat?post=2335"},{"taxonomy":"product_tag","embeddable":true,"href":"https:\/\/baxie.ch\/fr\/wp-json\/wp\/v2\/product_tag?post=2335"}],"curies":[{"name":"wp","href":"https:\/\/api.w.org\/{rel}","templated":true}]}}