{"id":2436,"date":"2024-08-13T15:28:19","date_gmt":"2024-08-13T13:28:19","guid":{"rendered":"https:\/\/baxie.ch\/?post_type=product&#038;p=2436"},"modified":"2025-01-20T17:56:16","modified_gmt":"2025-01-20T16:56:16","slug":"moon","status":"publish","type":"product","link":"https:\/\/baxie.ch\/fr\/sacs\/prada\/moon\/","title":{"rendered":"Moon"},"content":{"rendered":"<p>Le sac Prada Moon est une fusion captivante de design contemporain et de sophistication intemporelle. Confectionn\u00e9 \u00e0 partir de mat\u00e9riaux luxueux tels que le cuir souple et le nylon iconique, il incarne une esth\u00e9tique moderne et raffin\u00e9e. Les lignes \u00e9pur\u00e9es et la silhouette \u00e9l\u00e9gante sont sublim\u00e9es par des d\u00e9tails subtils mais distinctifs, tels que le logo signature de Prada, qui apporte une touche d&#8217;exclusivit\u00e9 et d&#8217;\u00e9l\u00e9gance.<\/p>\n<p>Le sac Prada Moon n&#8217;est pas seulement un accessoire ; il repr\u00e9sente un savoir-faire impeccable et un go\u00fbt raffin\u00e9. Son int\u00e9rieur spacieux offre suffisamment de place pour les essentiels quotidiens, tandis que sa forme unique en croissant et ses proportions soigneusement pens\u00e9es le rendent suffisamment polyvalent pour passer facilement du jour \u00e0 la nuit.<\/p>\n<p>Que ce soit pour une r\u00e9union professionnelle, une sortie d\u00e9contract\u00e9e ou un \u00e9v\u00e9nement en soir\u00e9e, le sac Prada Moon rehausse n&#8217;importe quelle tenue de sa touche de luxe. Il est le compagnon id\u00e9al pour la femme moderne qui recherche \u00e0 la fois style et fonctionnalit\u00e9 dans un ensemble chic.<\/p>\n<p><strong>Louez le sac Prada Moon chez Baxie<\/strong><\/p>\n<p>Souhaitez-vous d\u00e9couvrir le sac Prada Moon par vous-m\u00eame ? Chez Baxie, le service de location suisse de sacs \u00e0 main de luxe, vous trouverez le sac Prada Moon ainsi que d&#8217;autres pi\u00e8ces exclusives, sans d\u00e9passer votre budget. Baxie propose une s\u00e9lection raffin\u00e9e de sacs \u00e0 main de cr\u00e9ateurs, y compris le sac iconique Prada Moon. Dans le monde de l&#8217;\u00e9l\u00e9gance intemporelle, Baxie est votre destination id\u00e9ale pour d\u00e9couvrir une vari\u00e9t\u00e9 de sacs \u00e0 main de cr\u00e9ateurs de haute qualit\u00e9.<\/p>\n","protected":false},"excerpt":{"rendered":"<p>Ce sac \u00e0 main en cuir nappa matelass\u00e9 s\u00e9duit par sa douceur au toucher et sa silhouette \u00e9pur\u00e9e. Le logo Triangolo ton sur ton apporte une touche raffin\u00e9e \u00e0 l&#8217;accessoire en encadrant le lettrage du logo contrast\u00e9. Cet effet tridimensionnel cr\u00e9e un contraste \u00e9l\u00e9gant et structur\u00e9.<\/p>\n","protected":false},"featured_media":2359,"template":"","meta":{"_acf_changed":false},"marke":[424],"verfugbarkeit":[113],"product_brand":[],"product_cat":[22],"product_tag":[471],"class_list":{"0":"post-2436","1":"product","2":"type-product","3":"status-publish","4":"has-post-thumbnail","6":"marke-prada","7":"verfugbarkeit-verfuegbar","8":"product_cat-non-classifiee","9":"product_tag-prada-fr","11":"first","12":"instock","13":"sold-individually","14":"taxable","15":"shipping-taxable","16":"purchasable","17":"product-type-variable-subscription"},"acf":[],"yoast_head":"<!-- This site is optimized with the Yoast SEO plugin v27.5 - https:\/\/yoast.com\/product\/yoast-seo-wordpress\/ -->\n<title>Moon - BAXIE<\/title>\n<meta name=\"description\" content=\"BAXIE\" \/>\n<meta name=\"robots\" content=\"index, follow, max-snippet:-1, max-image-preview:large, max-video-preview:-1\" \/>\n<link rel=\"canonical\" href=\"https:\/\/baxie.ch\/fr\/sacs\/prada\/moon\/\" \/>\n<meta property=\"og:locale\" content=\"fr_FR\" \/>\n<meta property=\"og:type\" content=\"article\" \/>\n<meta property=\"og:title\" content=\"Moon - BAXIE\" \/>\n<meta property=\"og:description\" content=\"BAXIE\" \/>\n<meta property=\"og:url\" content=\"https:\/\/baxie.ch\/fr\/sacs\/prada\/moon\/\" \/>\n<meta property=\"og:site_name\" content=\"BAXIE\" \/>\n<meta property=\"article:modified_time\" content=\"2025-01-20T16:56:16+00:00\" \/>\n<meta property=\"og:image\" content=\"https:\/\/baxie.ch\/wp-content\/uploads\/2024\/08\/Prada-schwarz-Taschenuebersicht.png\" \/>\n\t<meta property=\"og:image:width\" content=\"3960\" \/>\n\t<meta property=\"og:image:height\" content=\"3960\" \/>\n\t<meta property=\"og:image:type\" content=\"image\/png\" \/>\n<meta name=\"twitter:card\" content=\"summary_large_image\" \/>\n<meta name=\"twitter:site\" content=\"@baxie_ch\" \/>\n<meta name=\"twitter:label1\" content=\"Dur\u00e9e de lecture estim\u00e9e\" \/>\n\t<meta name=\"twitter:data1\" content=\"2 minutes\" \/>\n<script type=\"application\/ld+json\" class=\"yoast-schema-graph\">{\"@context\":\"https:\\\/\\\/schema.org\",\"@graph\":[{\"@type\":\"WebPage\",\"@id\":\"https:\\\/\\\/baxie.ch\\\/fr\\\/sacs\\\/prada\\\/moon\\\/\",\"url\":\"https:\\\/\\\/baxie.ch\\\/fr\\\/sacs\\\/prada\\\/moon\\\/\",\"name\":\"Moon - BAXIE\",\"isPartOf\":{\"@id\":\"https:\\\/\\\/baxie.ch\\\/fr\\\/#website\"},\"primaryImageOfPage\":{\"@id\":\"https:\\\/\\\/baxie.ch\\\/fr\\\/sacs\\\/prada\\\/moon\\\/#primaryimage\"},\"image\":{\"@id\":\"https:\\\/\\\/baxie.ch\\\/fr\\\/sacs\\\/prada\\\/moon\\\/#primaryimage\"},\"thumbnailUrl\":\"https:\\\/\\\/baxie.ch\\\/wp-content\\\/uploads\\\/2024\\\/08\\\/Prada-schwarz-Taschenuebersicht.png\",\"datePublished\":\"2024-08-13T13:28:19+00:00\",\"dateModified\":\"2025-01-20T16:56:16+00:00\",\"description\":\"BAXIE\",\"breadcrumb\":{\"@id\":\"https:\\\/\\\/baxie.ch\\\/fr\\\/sacs\\\/prada\\\/moon\\\/#breadcrumb\"},\"inLanguage\":\"fr-FR\",\"potentialAction\":[{\"@type\":\"ReadAction\",\"target\":[\"https:\\\/\\\/baxie.ch\\\/fr\\\/sacs\\\/prada\\\/moon\\\/\"]}]},{\"@type\":\"ImageObject\",\"inLanguage\":\"fr-FR\",\"@id\":\"https:\\\/\\\/baxie.ch\\\/fr\\\/sacs\\\/prada\\\/moon\\\/#primaryimage\",\"url\":\"https:\\\/\\\/baxie.ch\\\/wp-content\\\/uploads\\\/2024\\\/08\\\/Prada-schwarz-Taschenuebersicht.png\",\"contentUrl\":\"https:\\\/\\\/baxie.ch\\\/wp-content\\\/uploads\\\/2024\\\/08\\\/Prada-schwarz-Taschenuebersicht.png\",\"width\":3960,\"height\":3960},{\"@type\":\"BreadcrumbList\",\"@id\":\"https:\\\/\\\/baxie.ch\\\/fr\\\/sacs\\\/prada\\\/moon\\\/#breadcrumb\",\"itemListElement\":[{\"@type\":\"ListItem\",\"position\":1,\"name\":\"baxie.ch\",\"item\":\"https:\\\/\\\/baxie.ch\\\/fr\\\/\"},{\"@type\":\"ListItem\",\"position\":2,\"name\":\"Sacs\",\"item\":\"https:\\\/\\\/baxie.ch\\\/fr\\\/sacs\\\/\"},{\"@type\":\"ListItem\",\"position\":3,\"name\":\"Moon\"}]},{\"@type\":\"WebSite\",\"@id\":\"https:\\\/\\\/baxie.ch\\\/fr\\\/#website\",\"url\":\"https:\\\/\\\/baxie.ch\\\/fr\\\/\",\"name\":\"BAXIE\",\"description\":\"Bei uns gilt das Motto \u201cSharing is Caring\u201d, denn wir glauben, dass wahre Sch\u00f6nheit im Teilen liegt.\",\"publisher\":{\"@id\":\"https:\\\/\\\/baxie.ch\\\/fr\\\/#organization\"},\"alternateName\":\"BAXIE\",\"potentialAction\":[{\"@type\":\"SearchAction\",\"target\":{\"@type\":\"EntryPoint\",\"urlTemplate\":\"https:\\\/\\\/baxie.ch\\\/fr\\\/?s={search_term_string}\"},\"query-input\":{\"@type\":\"PropertyValueSpecification\",\"valueRequired\":true,\"valueName\":\"search_term_string\"}}],\"inLanguage\":\"fr-FR\"},{\"@type\":\"Organization\",\"@id\":\"https:\\\/\\\/baxie.ch\\\/fr\\\/#organization\",\"name\":\"BAXIE GmbH\",\"alternateName\":\"BAXIE\",\"url\":\"https:\\\/\\\/baxie.ch\\\/fr\\\/\",\"logo\":{\"@type\":\"ImageObject\",\"inLanguage\":\"fr-FR\",\"@id\":\"https:\\\/\\\/baxie.ch\\\/fr\\\/#\\\/schema\\\/logo\\\/image\\\/\",\"url\":\"https:\\\/\\\/baxie.ch\\\/wp-content\\\/uploads\\\/2024\\\/07\\\/Frame-1.png\",\"contentUrl\":\"https:\\\/\\\/baxie.ch\\\/wp-content\\\/uploads\\\/2024\\\/07\\\/Frame-1.png\",\"width\":2033,\"height\":1764,\"caption\":\"BAXIE GmbH\"},\"image\":{\"@id\":\"https:\\\/\\\/baxie.ch\\\/fr\\\/#\\\/schema\\\/logo\\\/image\\\/\"},\"sameAs\":[\"https:\\\/\\\/x.com\\\/baxie_ch\",\"https:\\\/\\\/www.tiktok.com\\\/@baxie_official\",\"https:\\\/\\\/www.instagram.com\\\/baxie_official\\\/?hl=de\"]}]}<\/script>\n<!-- \/ Yoast SEO plugin. -->","yoast_head_json":{"title":"Moon - BAXIE","description":"BAXIE","robots":{"index":"index","follow":"follow","max-snippet":"max-snippet:-1","max-image-preview":"max-image-preview:large","max-video-preview":"max-video-preview:-1"},"canonical":"https:\/\/baxie.ch\/fr\/sacs\/prada\/moon\/","og_locale":"fr_FR","og_type":"article","og_title":"Moon - BAXIE","og_description":"BAXIE","og_url":"https:\/\/baxie.ch\/fr\/sacs\/prada\/moon\/","og_site_name":"BAXIE","article_modified_time":"2025-01-20T16:56:16+00:00","og_image":[{"width":3960,"height":3960,"url":"https:\/\/baxie.ch\/wp-content\/uploads\/2024\/08\/Prada-schwarz-Taschenuebersicht.png","type":"image\/png"}],"twitter_card":"summary_large_image","twitter_site":"@baxie_ch","twitter_misc":{"Dur\u00e9e de lecture estim\u00e9e":"2 minutes"},"schema":{"@context":"https:\/\/schema.org","@graph":[{"@type":"WebPage","@id":"https:\/\/baxie.ch\/fr\/sacs\/prada\/moon\/","url":"https:\/\/baxie.ch\/fr\/sacs\/prada\/moon\/","name":"Moon - BAXIE","isPartOf":{"@id":"https:\/\/baxie.ch\/fr\/#website"},"primaryImageOfPage":{"@id":"https:\/\/baxie.ch\/fr\/sacs\/prada\/moon\/#primaryimage"},"image":{"@id":"https:\/\/baxie.ch\/fr\/sacs\/prada\/moon\/#primaryimage"},"thumbnailUrl":"https:\/\/baxie.ch\/wp-content\/uploads\/2024\/08\/Prada-schwarz-Taschenuebersicht.png","datePublished":"2024-08-13T13:28:19+00:00","dateModified":"2025-01-20T16:56:16+00:00","description":"BAXIE","breadcrumb":{"@id":"https:\/\/baxie.ch\/fr\/sacs\/prada\/moon\/#breadcrumb"},"inLanguage":"fr-FR","potentialAction":[{"@type":"ReadAction","target":["https:\/\/baxie.ch\/fr\/sacs\/prada\/moon\/"]}]},{"@type":"ImageObject","inLanguage":"fr-FR","@id":"https:\/\/baxie.ch\/fr\/sacs\/prada\/moon\/#primaryimage","url":"https:\/\/baxie.ch\/wp-content\/uploads\/2024\/08\/Prada-schwarz-Taschenuebersicht.png","contentUrl":"https:\/\/baxie.ch\/wp-content\/uploads\/2024\/08\/Prada-schwarz-Taschenuebersicht.png","width":3960,"height":3960},{"@type":"BreadcrumbList","@id":"https:\/\/baxie.ch\/fr\/sacs\/prada\/moon\/#breadcrumb","itemListElement":[{"@type":"ListItem","position":1,"name":"baxie.ch","item":"https:\/\/baxie.ch\/fr\/"},{"@type":"ListItem","position":2,"name":"Sacs","item":"https:\/\/baxie.ch\/fr\/sacs\/"},{"@type":"ListItem","position":3,"name":"Moon"}]},{"@type":"WebSite","@id":"https:\/\/baxie.ch\/fr\/#website","url":"https:\/\/baxie.ch\/fr\/","name":"BAXIE","description":"Bei uns gilt das Motto \u201cSharing is Caring\u201d, denn wir glauben, dass wahre Sch\u00f6nheit im Teilen liegt.","publisher":{"@id":"https:\/\/baxie.ch\/fr\/#organization"},"alternateName":"BAXIE","potentialAction":[{"@type":"SearchAction","target":{"@type":"EntryPoint","urlTemplate":"https:\/\/baxie.ch\/fr\/?s={search_term_string}"},"query-input":{"@type":"PropertyValueSpecification","valueRequired":true,"valueName":"search_term_string"}}],"inLanguage":"fr-FR"},{"@type":"Organization","@id":"https:\/\/baxie.ch\/fr\/#organization","name":"BAXIE GmbH","alternateName":"BAXIE","url":"https:\/\/baxie.ch\/fr\/","logo":{"@type":"ImageObject","inLanguage":"fr-FR","@id":"https:\/\/baxie.ch\/fr\/#\/schema\/logo\/image\/","url":"https:\/\/baxie.ch\/wp-content\/uploads\/2024\/07\/Frame-1.png","contentUrl":"https:\/\/baxie.ch\/wp-content\/uploads\/2024\/07\/Frame-1.png","width":2033,"height":1764,"caption":"BAXIE GmbH"},"image":{"@id":"https:\/\/baxie.ch\/fr\/#\/schema\/logo\/image\/"},"sameAs":["https:\/\/x.com\/baxie_ch","https:\/\/www.tiktok.com\/@baxie_official","https:\/\/www.instagram.com\/baxie_official\/?hl=de"]}]}},"_links":{"self":[{"href":"https:\/\/baxie.ch\/fr\/wp-json\/wp\/v2\/product\/2436","targetHints":{"allow":["GET"]}}],"collection":[{"href":"https:\/\/baxie.ch\/fr\/wp-json\/wp\/v2\/product"}],"about":[{"href":"https:\/\/baxie.ch\/fr\/wp-json\/wp\/v2\/types\/product"}],"wp:featuredmedia":[{"embeddable":true,"href":"https:\/\/baxie.ch\/fr\/wp-json\/wp\/v2\/media\/2359"}],"wp:attachment":[{"href":"https:\/\/baxie.ch\/fr\/wp-json\/wp\/v2\/media?parent=2436"}],"wp:term":[{"taxonomy":"marke","embeddable":true,"href":"https:\/\/baxie.ch\/fr\/wp-json\/wp\/v2\/marke?post=2436"},{"taxonomy":"verfugbarkeit","embeddable":true,"href":"https:\/\/baxie.ch\/fr\/wp-json\/wp\/v2\/verfugbarkeit?post=2436"},{"taxonomy":"product_brand","embeddable":true,"href":"https:\/\/baxie.ch\/fr\/wp-json\/wp\/v2\/product_brand?post=2436"},{"taxonomy":"product_cat","embeddable":true,"href":"https:\/\/baxie.ch\/fr\/wp-json\/wp\/v2\/product_cat?post=2436"},{"taxonomy":"product_tag","embeddable":true,"href":"https:\/\/baxie.ch\/fr\/wp-json\/wp\/v2\/product_tag?post=2436"}],"curies":[{"name":"wp","href":"https:\/\/api.w.org\/{rel}","templated":true}]}}