{"id":2457,"date":"2024-08-21T08:28:52","date_gmt":"2024-08-21T06:28:52","guid":{"rendered":"https:\/\/baxie.ch\/?post_type=product&#038;p=2457"},"modified":"2025-01-20T10:24:31","modified_gmt":"2025-01-20T09:24:31","slug":"tote","status":"publish","type":"product","link":"https:\/\/baxie.ch\/fr\/sacs\/miu-miu\/tote\/","title":{"rendered":"Tote"},"content":{"rendered":"<p>Le tote Miu Miu en tricot crochet est une parfaite alliance d\u2019\u00e9l\u00e9gance et de praticit\u00e9. Avec son design d\u00e9licat et sa texture douce, il d\u00e9gage une sensation \u00e0 la fois luxueuse et d\u00e9contract\u00e9e, en faisant l\u2019accessoire id\u00e9al pour toutes les occasions. Les d\u00e9tails subtils et le logo distinctif de Miu Miu soulignent son caract\u00e8re raffin\u00e9, tandis que son excellent savoir-faire met en avant la qualit\u00e9 exceptionnelle de Miu Miu.<\/p>\n<p>Le tote Miu Miu en tricot crochet n\u2019est pas seulement un accessoire, mais une v\u00e9ritable d\u00e9claration de style et de polyvalence. Son int\u00e9rieur spacieux offre suffisamment de place pour tous vos essentiels, tandis que sa silhouette d\u00e9contract\u00e9e d\u00e9gage un charme sans effort. Ce tote est le compagnon id\u00e9al pour les femmes modernes qui appr\u00e9cient \u00e0 la fois la mode et la fonctionnalit\u00e9 au quotidien.<\/p>\n<p>Que ce soit pour une journ\u00e9e d\u00e9contract\u00e9e, un d\u00e9jeuner entre amis ou une promenade spontan\u00e9e en ville, le tote Miu Miu en tricot crochet apporte une touche sophistiqu\u00e9e \u00e0 n&#8217;importe quelle tenue. Il transforme chaque jour en une exp\u00e9rience fashion qui met en valeur la personnalit\u00e9 unique de chaque porteuse.<\/p>\n<p><strong>Louez le tote Miu Miu en tricot crochet chez Baxie<\/strong><\/p>\n<p>Vous souhaitez d\u00e9couvrir le tote Miu Miu en tricot crochet par vous-m\u00eame ? Chez Baxie, le service suisse de location de sacs \u00e0 main de luxe, vous trouverez non seulement le tote Miu Miu en tricot crochet, mais aussi d\u2019autres mod\u00e8les exclusifs sans d\u00e9passer votre budget. Baxie propose une s\u00e9lection exquise de sacs \u00e0 main de cr\u00e9ateurs, y compris le tote Miu Miu en tricot crochet intemporel. Dans le monde de l&#8217;\u00e9l\u00e9gance intemporelle, Baxie joue un r\u00f4le unique en vous faisant d\u00e9couvrir une vari\u00e9t\u00e9 de sacs \u00e0 main de cr\u00e9ateurs de haute qualit\u00e9.<\/p>\n","protected":false},"excerpt":{"rendered":"<p>Ce tote Miu Miu en tricot crochet est le compagnon parfait pour votre quotidien, offrant suffisamment d\u2019espace pour tout ce dont vous avez besoin. Le motif crochet doux et le logo discret en font un accessoire \u00e0 la fois \u00e9l\u00e9gant et d\u00e9contract\u00e9, qui s\u2019adapte \u00e0 toutes les tenues.<\/p>\n","protected":false},"featured_media":2387,"template":"","meta":{"_acf_changed":false},"marke":[410],"verfugbarkeit":[113],"product_brand":[],"product_cat":[22],"product_tag":[341],"class_list":{"0":"post-2457","1":"product","2":"type-product","3":"status-publish","4":"has-post-thumbnail","6":"marke-miu-miu","7":"verfugbarkeit-verfuegbar","8":"product_cat-non-classifiee","9":"product_tag-miu-miu-fr","11":"first","12":"instock","13":"sold-individually","14":"taxable","15":"shipping-taxable","16":"purchasable","17":"product-type-variable-subscription"},"acf":[],"yoast_head":"<!-- This site is optimized with the Yoast SEO plugin v27.5 - https:\/\/yoast.com\/product\/yoast-seo-wordpress\/ -->\n<title>Tote - BAXIE<\/title>\n<meta name=\"description\" content=\"BAXIE\" \/>\n<meta name=\"robots\" content=\"index, follow, max-snippet:-1, max-image-preview:large, max-video-preview:-1\" \/>\n<link rel=\"canonical\" href=\"https:\/\/baxie.ch\/fr\/sacs\/miu-miu\/tote\/\" \/>\n<meta property=\"og:locale\" content=\"fr_FR\" \/>\n<meta property=\"og:type\" content=\"article\" \/>\n<meta property=\"og:title\" content=\"Tote - BAXIE\" \/>\n<meta property=\"og:description\" content=\"BAXIE\" \/>\n<meta property=\"og:url\" content=\"https:\/\/baxie.ch\/fr\/sacs\/miu-miu\/tote\/\" \/>\n<meta property=\"og:site_name\" content=\"BAXIE\" \/>\n<meta property=\"article:modified_time\" content=\"2025-01-20T09:24:31+00:00\" \/>\n<meta property=\"og:image\" content=\"https:\/\/baxie.ch\/wp-content\/uploads\/2024\/08\/Miu-Miu-hell-Taschen\ufffdbersicht-1024x1024.png\" \/>\n\t<meta property=\"og:image:width\" content=\"1024\" \/>\n\t<meta property=\"og:image:height\" content=\"1024\" \/>\n\t<meta property=\"og:image:type\" content=\"image\/png\" \/>\n<meta name=\"twitter:card\" content=\"summary_large_image\" \/>\n<meta name=\"twitter:site\" content=\"@baxie_ch\" \/>\n<meta name=\"twitter:label1\" content=\"Dur\u00e9e de lecture estim\u00e9e\" \/>\n\t<meta name=\"twitter:data1\" content=\"2 minutes\" \/>\n<script type=\"application\/ld+json\" class=\"yoast-schema-graph\">{\"@context\":\"https:\\\/\\\/schema.org\",\"@graph\":[{\"@type\":\"WebPage\",\"@id\":\"https:\\\/\\\/baxie.ch\\\/fr\\\/sacs\\\/miu-miu\\\/tote\\\/\",\"url\":\"https:\\\/\\\/baxie.ch\\\/fr\\\/sacs\\\/miu-miu\\\/tote\\\/\",\"name\":\"Tote - BAXIE\",\"isPartOf\":{\"@id\":\"https:\\\/\\\/baxie.ch\\\/fr\\\/#website\"},\"primaryImageOfPage\":{\"@id\":\"https:\\\/\\\/baxie.ch\\\/fr\\\/sacs\\\/miu-miu\\\/tote\\\/#primaryimage\"},\"image\":{\"@id\":\"https:\\\/\\\/baxie.ch\\\/fr\\\/sacs\\\/miu-miu\\\/tote\\\/#primaryimage\"},\"thumbnailUrl\":\"https:\\\/\\\/baxie.ch\\\/wp-content\\\/uploads\\\/2024\\\/08\\\/Miu-Miu-hell-Taschen\ufffdbersicht.png\",\"datePublished\":\"2024-08-21T06:28:52+00:00\",\"dateModified\":\"2025-01-20T09:24:31+00:00\",\"description\":\"BAXIE\",\"breadcrumb\":{\"@id\":\"https:\\\/\\\/baxie.ch\\\/fr\\\/sacs\\\/miu-miu\\\/tote\\\/#breadcrumb\"},\"inLanguage\":\"fr-FR\",\"potentialAction\":[{\"@type\":\"ReadAction\",\"target\":[\"https:\\\/\\\/baxie.ch\\\/fr\\\/sacs\\\/miu-miu\\\/tote\\\/\"]}]},{\"@type\":\"ImageObject\",\"inLanguage\":\"fr-FR\",\"@id\":\"https:\\\/\\\/baxie.ch\\\/fr\\\/sacs\\\/miu-miu\\\/tote\\\/#primaryimage\",\"url\":\"https:\\\/\\\/baxie.ch\\\/wp-content\\\/uploads\\\/2024\\\/08\\\/Miu-Miu-hell-Taschen\ufffdbersicht.png\",\"contentUrl\":\"https:\\\/\\\/baxie.ch\\\/wp-content\\\/uploads\\\/2024\\\/08\\\/Miu-Miu-hell-Taschen\ufffdbersicht.png\",\"width\":3960,\"height\":3960},{\"@type\":\"BreadcrumbList\",\"@id\":\"https:\\\/\\\/baxie.ch\\\/fr\\\/sacs\\\/miu-miu\\\/tote\\\/#breadcrumb\",\"itemListElement\":[{\"@type\":\"ListItem\",\"position\":1,\"name\":\"baxie.ch\",\"item\":\"https:\\\/\\\/baxie.ch\\\/fr\\\/\"},{\"@type\":\"ListItem\",\"position\":2,\"name\":\"Sacs\",\"item\":\"https:\\\/\\\/baxie.ch\\\/fr\\\/sacs\\\/\"},{\"@type\":\"ListItem\",\"position\":3,\"name\":\"Tote\"}]},{\"@type\":\"WebSite\",\"@id\":\"https:\\\/\\\/baxie.ch\\\/fr\\\/#website\",\"url\":\"https:\\\/\\\/baxie.ch\\\/fr\\\/\",\"name\":\"BAXIE\",\"description\":\"Bei uns gilt das Motto \u201cSharing is Caring\u201d, denn wir glauben, dass wahre Sch\u00f6nheit im Teilen liegt.\",\"publisher\":{\"@id\":\"https:\\\/\\\/baxie.ch\\\/fr\\\/#organization\"},\"alternateName\":\"BAXIE\",\"potentialAction\":[{\"@type\":\"SearchAction\",\"target\":{\"@type\":\"EntryPoint\",\"urlTemplate\":\"https:\\\/\\\/baxie.ch\\\/fr\\\/?s={search_term_string}\"},\"query-input\":{\"@type\":\"PropertyValueSpecification\",\"valueRequired\":true,\"valueName\":\"search_term_string\"}}],\"inLanguage\":\"fr-FR\"},{\"@type\":\"Organization\",\"@id\":\"https:\\\/\\\/baxie.ch\\\/fr\\\/#organization\",\"name\":\"BAXIE GmbH\",\"alternateName\":\"BAXIE\",\"url\":\"https:\\\/\\\/baxie.ch\\\/fr\\\/\",\"logo\":{\"@type\":\"ImageObject\",\"inLanguage\":\"fr-FR\",\"@id\":\"https:\\\/\\\/baxie.ch\\\/fr\\\/#\\\/schema\\\/logo\\\/image\\\/\",\"url\":\"https:\\\/\\\/baxie.ch\\\/wp-content\\\/uploads\\\/2024\\\/07\\\/Frame-1.png\",\"contentUrl\":\"https:\\\/\\\/baxie.ch\\\/wp-content\\\/uploads\\\/2024\\\/07\\\/Frame-1.png\",\"width\":2033,\"height\":1764,\"caption\":\"BAXIE GmbH\"},\"image\":{\"@id\":\"https:\\\/\\\/baxie.ch\\\/fr\\\/#\\\/schema\\\/logo\\\/image\\\/\"},\"sameAs\":[\"https:\\\/\\\/x.com\\\/baxie_ch\",\"https:\\\/\\\/www.tiktok.com\\\/@baxie_official\",\"https:\\\/\\\/www.instagram.com\\\/baxie_official\\\/?hl=de\"]}]}<\/script>\n<!-- \/ Yoast SEO plugin. -->","yoast_head_json":{"title":"Tote - BAXIE","description":"BAXIE","robots":{"index":"index","follow":"follow","max-snippet":"max-snippet:-1","max-image-preview":"max-image-preview:large","max-video-preview":"max-video-preview:-1"},"canonical":"https:\/\/baxie.ch\/fr\/sacs\/miu-miu\/tote\/","og_locale":"fr_FR","og_type":"article","og_title":"Tote - BAXIE","og_description":"BAXIE","og_url":"https:\/\/baxie.ch\/fr\/sacs\/miu-miu\/tote\/","og_site_name":"BAXIE","article_modified_time":"2025-01-20T09:24:31+00:00","og_image":[{"width":1024,"height":1024,"url":"https:\/\/baxie.ch\/wp-content\/uploads\/2024\/08\/Miu-Miu-hell-Taschen\ufffdbersicht-1024x1024.png","type":"image\/png"}],"twitter_card":"summary_large_image","twitter_site":"@baxie_ch","twitter_misc":{"Dur\u00e9e de lecture estim\u00e9e":"2 minutes"},"schema":{"@context":"https:\/\/schema.org","@graph":[{"@type":"WebPage","@id":"https:\/\/baxie.ch\/fr\/sacs\/miu-miu\/tote\/","url":"https:\/\/baxie.ch\/fr\/sacs\/miu-miu\/tote\/","name":"Tote - BAXIE","isPartOf":{"@id":"https:\/\/baxie.ch\/fr\/#website"},"primaryImageOfPage":{"@id":"https:\/\/baxie.ch\/fr\/sacs\/miu-miu\/tote\/#primaryimage"},"image":{"@id":"https:\/\/baxie.ch\/fr\/sacs\/miu-miu\/tote\/#primaryimage"},"thumbnailUrl":"https:\/\/baxie.ch\/wp-content\/uploads\/2024\/08\/Miu-Miu-hell-Taschen\ufffdbersicht.png","datePublished":"2024-08-21T06:28:52+00:00","dateModified":"2025-01-20T09:24:31+00:00","description":"BAXIE","breadcrumb":{"@id":"https:\/\/baxie.ch\/fr\/sacs\/miu-miu\/tote\/#breadcrumb"},"inLanguage":"fr-FR","potentialAction":[{"@type":"ReadAction","target":["https:\/\/baxie.ch\/fr\/sacs\/miu-miu\/tote\/"]}]},{"@type":"ImageObject","inLanguage":"fr-FR","@id":"https:\/\/baxie.ch\/fr\/sacs\/miu-miu\/tote\/#primaryimage","url":"https:\/\/baxie.ch\/wp-content\/uploads\/2024\/08\/Miu-Miu-hell-Taschen\ufffdbersicht.png","contentUrl":"https:\/\/baxie.ch\/wp-content\/uploads\/2024\/08\/Miu-Miu-hell-Taschen\ufffdbersicht.png","width":3960,"height":3960},{"@type":"BreadcrumbList","@id":"https:\/\/baxie.ch\/fr\/sacs\/miu-miu\/tote\/#breadcrumb","itemListElement":[{"@type":"ListItem","position":1,"name":"baxie.ch","item":"https:\/\/baxie.ch\/fr\/"},{"@type":"ListItem","position":2,"name":"Sacs","item":"https:\/\/baxie.ch\/fr\/sacs\/"},{"@type":"ListItem","position":3,"name":"Tote"}]},{"@type":"WebSite","@id":"https:\/\/baxie.ch\/fr\/#website","url":"https:\/\/baxie.ch\/fr\/","name":"BAXIE","description":"Bei uns gilt das Motto \u201cSharing is Caring\u201d, denn wir glauben, dass wahre Sch\u00f6nheit im Teilen liegt.","publisher":{"@id":"https:\/\/baxie.ch\/fr\/#organization"},"alternateName":"BAXIE","potentialAction":[{"@type":"SearchAction","target":{"@type":"EntryPoint","urlTemplate":"https:\/\/baxie.ch\/fr\/?s={search_term_string}"},"query-input":{"@type":"PropertyValueSpecification","valueRequired":true,"valueName":"search_term_string"}}],"inLanguage":"fr-FR"},{"@type":"Organization","@id":"https:\/\/baxie.ch\/fr\/#organization","name":"BAXIE GmbH","alternateName":"BAXIE","url":"https:\/\/baxie.ch\/fr\/","logo":{"@type":"ImageObject","inLanguage":"fr-FR","@id":"https:\/\/baxie.ch\/fr\/#\/schema\/logo\/image\/","url":"https:\/\/baxie.ch\/wp-content\/uploads\/2024\/07\/Frame-1.png","contentUrl":"https:\/\/baxie.ch\/wp-content\/uploads\/2024\/07\/Frame-1.png","width":2033,"height":1764,"caption":"BAXIE GmbH"},"image":{"@id":"https:\/\/baxie.ch\/fr\/#\/schema\/logo\/image\/"},"sameAs":["https:\/\/x.com\/baxie_ch","https:\/\/www.tiktok.com\/@baxie_official","https:\/\/www.instagram.com\/baxie_official\/?hl=de"]}]}},"_links":{"self":[{"href":"https:\/\/baxie.ch\/fr\/wp-json\/wp\/v2\/product\/2457","targetHints":{"allow":["GET"]}}],"collection":[{"href":"https:\/\/baxie.ch\/fr\/wp-json\/wp\/v2\/product"}],"about":[{"href":"https:\/\/baxie.ch\/fr\/wp-json\/wp\/v2\/types\/product"}],"wp:featuredmedia":[{"embeddable":true,"href":"https:\/\/baxie.ch\/fr\/wp-json\/wp\/v2\/media\/2387"}],"wp:attachment":[{"href":"https:\/\/baxie.ch\/fr\/wp-json\/wp\/v2\/media?parent=2457"}],"wp:term":[{"taxonomy":"marke","embeddable":true,"href":"https:\/\/baxie.ch\/fr\/wp-json\/wp\/v2\/marke?post=2457"},{"taxonomy":"verfugbarkeit","embeddable":true,"href":"https:\/\/baxie.ch\/fr\/wp-json\/wp\/v2\/verfugbarkeit?post=2457"},{"taxonomy":"product_brand","embeddable":true,"href":"https:\/\/baxie.ch\/fr\/wp-json\/wp\/v2\/product_brand?post=2457"},{"taxonomy":"product_cat","embeddable":true,"href":"https:\/\/baxie.ch\/fr\/wp-json\/wp\/v2\/product_cat?post=2457"},{"taxonomy":"product_tag","embeddable":true,"href":"https:\/\/baxie.ch\/fr\/wp-json\/wp\/v2\/product_tag?post=2457"}],"curies":[{"name":"wp","href":"https:\/\/api.w.org\/{rel}","templated":true}]}}