{"id":2494,"date":"2024-08-21T09:11:24","date_gmt":"2024-08-21T07:11:24","guid":{"rendered":"https:\/\/baxie.ch\/?post_type=product&#038;p=2494"},"modified":"2025-01-20T10:10:03","modified_gmt":"2025-01-20T09:10:03","slug":"font-tote","status":"publish","type":"product","link":"https:\/\/baxie.ch\/fr\/sacs\/uncategorized\/font-tote\/","title":{"rendered":"Font Tote"},"content":{"rendered":"<p>Le Loewe Font Tote est une combinaison parfaite d\u2019espace et de style. Avec sa forme rectangulaire \u00e9l\u00e9gante et son logo Loewe frappant, ce sac fait une d\u00e9claration audacieuse. Fabriqu\u00e9 en Espagne \u00e0 partir de raphia, cette grande version offre plusieurs options de port, \u00e0 la main ou \u00e0 l\u2019\u00e9paule. Une poche int\u00e9rieure en cuir de veau ajoute une touche de luxe et un espace de rangement suppl\u00e9mentaire pour vos essentiels.<\/p>\n<p>Le Loewe Font Tote est plus qu\u2019un simple sac : c\u2019est un symbole de savoir-faire et d\u2019\u00e9l\u00e9gance raffin\u00e9e. Son design pratique offre un espace g\u00e9n\u00e9reux tout en maintenant un look sophistiqu\u00e9, ce qui en fait un accessoire id\u00e9al pour la vie moderne.<\/p>\n<p>Que vous soyez en route pour le bureau, en train de faire des courses ou de profiter d&#8217;une sortie d\u00e9contract\u00e9e, le Loewe Font Tote \u00e9l\u00e8ve n&#8217;importe quel look avec son charme intemporel et sa simplicit\u00e9 \u00e9l\u00e9gante.<\/p>\n<p><strong>Louez le Loewe Font Tote chez Baxie<\/strong><\/p>\n<p>Vous souhaitez d\u00e9couvrir le Loewe Font Tote par vous-m\u00eame ? Chez Baxie, le service suisse de location de sacs \u00e0 main de luxe, vous trouverez non seulement le Loewe Font Tote, mais aussi d&#8217;autres mod\u00e8les exclusifs, sans vous ruiner. Baxie propose une s\u00e9lection soign\u00e9e de sacs \u00e0 main de cr\u00e9ateurs haut de gamme, y compris ce mod\u00e8le iconique de Loewe. Dans le monde de l\u2019\u00e9l\u00e9gance intemporelle, Baxie joue un r\u00f4le unique en vous introduisant \u00e0 une gamme vari\u00e9e de sacs \u00e0 main de cr\u00e9ateurs de qualit\u00e9 sup\u00e9rieure.<\/p>\n","protected":false},"excerpt":{"rendered":"<p>Le sac Loewe Font Tote est un sac spacieux de forme rectangulaire avec un logo Loewe frappant. Cette grande version est fabriqu\u00e9e en Espagne \u00e0 partir de raphia et peut \u00eatre port\u00e9e \u00e0 la main ou \u00e0 l&#8217;\u00e9paule. Une poche int\u00e9rieure en cuir de veau offre un espace de rangement suppl\u00e9mentaire.<\/p>\n","protected":false},"featured_media":2516,"template":"","meta":{"_acf_changed":false},"marke":[],"verfugbarkeit":[113],"product_brand":[],"product_cat":[22],"product_tag":[457],"class_list":{"0":"post-2494","1":"product","2":"type-product","3":"status-publish","4":"has-post-thumbnail","6":"verfugbarkeit-verfuegbar","7":"product_cat-non-classifiee","8":"product_tag-loewe-fr","10":"first","11":"instock","12":"sold-individually","13":"taxable","14":"shipping-taxable","15":"purchasable","16":"product-type-variable-subscription"},"acf":[],"yoast_head":"<!-- This site is optimized with the Yoast SEO plugin v27.5 - https:\/\/yoast.com\/product\/yoast-seo-wordpress\/ -->\n<title>Font Tote - BAXIE<\/title>\n<meta name=\"description\" content=\"BAXIE\" \/>\n<meta name=\"robots\" content=\"index, follow, max-snippet:-1, max-image-preview:large, max-video-preview:-1\" \/>\n<link rel=\"canonical\" href=\"https:\/\/baxie.ch\/fr\/sacs\/uncategorized\/font-tote\/\" \/>\n<meta property=\"og:locale\" content=\"fr_FR\" \/>\n<meta property=\"og:type\" content=\"article\" \/>\n<meta property=\"og:title\" content=\"Font Tote - BAXIE\" \/>\n<meta property=\"og:description\" content=\"BAXIE\" \/>\n<meta property=\"og:url\" content=\"https:\/\/baxie.ch\/fr\/sacs\/uncategorized\/font-tote\/\" \/>\n<meta property=\"og:site_name\" content=\"BAXIE\" \/>\n<meta property=\"article:modified_time\" content=\"2025-01-20T09:10:03+00:00\" \/>\n<meta property=\"og:image\" content=\"https:\/\/baxie.ch\/wp-content\/uploads\/2024\/08\/Loewe-Taschenuebersicht-1024x1024.png\" \/>\n\t<meta property=\"og:image:width\" content=\"1024\" \/>\n\t<meta property=\"og:image:height\" content=\"1024\" \/>\n\t<meta property=\"og:image:type\" content=\"image\/png\" \/>\n<meta name=\"twitter:card\" content=\"summary_large_image\" \/>\n<meta name=\"twitter:site\" content=\"@baxie_ch\" \/>\n<meta name=\"twitter:label1\" content=\"Dur\u00e9e de lecture estim\u00e9e\" \/>\n\t<meta name=\"twitter:data1\" content=\"2 minutes\" \/>\n<script type=\"application\/ld+json\" class=\"yoast-schema-graph\">{\"@context\":\"https:\\\/\\\/schema.org\",\"@graph\":[{\"@type\":\"WebPage\",\"@id\":\"https:\\\/\\\/baxie.ch\\\/fr\\\/sacs\\\/uncategorized\\\/font-tote\\\/\",\"url\":\"https:\\\/\\\/baxie.ch\\\/fr\\\/sacs\\\/uncategorized\\\/font-tote\\\/\",\"name\":\"Font Tote - BAXIE\",\"isPartOf\":{\"@id\":\"https:\\\/\\\/baxie.ch\\\/fr\\\/#website\"},\"primaryImageOfPage\":{\"@id\":\"https:\\\/\\\/baxie.ch\\\/fr\\\/sacs\\\/uncategorized\\\/font-tote\\\/#primaryimage\"},\"image\":{\"@id\":\"https:\\\/\\\/baxie.ch\\\/fr\\\/sacs\\\/uncategorized\\\/font-tote\\\/#primaryimage\"},\"thumbnailUrl\":\"https:\\\/\\\/baxie.ch\\\/wp-content\\\/uploads\\\/2024\\\/08\\\/Loewe-Taschenuebersicht.png\",\"datePublished\":\"2024-08-21T07:11:24+00:00\",\"dateModified\":\"2025-01-20T09:10:03+00:00\",\"description\":\"BAXIE\",\"breadcrumb\":{\"@id\":\"https:\\\/\\\/baxie.ch\\\/fr\\\/sacs\\\/uncategorized\\\/font-tote\\\/#breadcrumb\"},\"inLanguage\":\"fr-FR\",\"potentialAction\":[{\"@type\":\"ReadAction\",\"target\":[\"https:\\\/\\\/baxie.ch\\\/fr\\\/sacs\\\/uncategorized\\\/font-tote\\\/\"]}]},{\"@type\":\"ImageObject\",\"inLanguage\":\"fr-FR\",\"@id\":\"https:\\\/\\\/baxie.ch\\\/fr\\\/sacs\\\/uncategorized\\\/font-tote\\\/#primaryimage\",\"url\":\"https:\\\/\\\/baxie.ch\\\/wp-content\\\/uploads\\\/2024\\\/08\\\/Loewe-Taschenuebersicht.png\",\"contentUrl\":\"https:\\\/\\\/baxie.ch\\\/wp-content\\\/uploads\\\/2024\\\/08\\\/Loewe-Taschenuebersicht.png\",\"width\":3960,\"height\":3960},{\"@type\":\"BreadcrumbList\",\"@id\":\"https:\\\/\\\/baxie.ch\\\/fr\\\/sacs\\\/uncategorized\\\/font-tote\\\/#breadcrumb\",\"itemListElement\":[{\"@type\":\"ListItem\",\"position\":1,\"name\":\"baxie.ch\",\"item\":\"https:\\\/\\\/baxie.ch\\\/fr\\\/\"},{\"@type\":\"ListItem\",\"position\":2,\"name\":\"Sacs\",\"item\":\"https:\\\/\\\/baxie.ch\\\/fr\\\/sacs\\\/\"},{\"@type\":\"ListItem\",\"position\":3,\"name\":\"Font Tote\"}]},{\"@type\":\"WebSite\",\"@id\":\"https:\\\/\\\/baxie.ch\\\/fr\\\/#website\",\"url\":\"https:\\\/\\\/baxie.ch\\\/fr\\\/\",\"name\":\"BAXIE\",\"description\":\"Bei uns gilt das Motto \u201cSharing is Caring\u201d, denn wir glauben, dass wahre Sch\u00f6nheit im Teilen liegt.\",\"publisher\":{\"@id\":\"https:\\\/\\\/baxie.ch\\\/fr\\\/#organization\"},\"alternateName\":\"BAXIE\",\"potentialAction\":[{\"@type\":\"SearchAction\",\"target\":{\"@type\":\"EntryPoint\",\"urlTemplate\":\"https:\\\/\\\/baxie.ch\\\/fr\\\/?s={search_term_string}\"},\"query-input\":{\"@type\":\"PropertyValueSpecification\",\"valueRequired\":true,\"valueName\":\"search_term_string\"}}],\"inLanguage\":\"fr-FR\"},{\"@type\":\"Organization\",\"@id\":\"https:\\\/\\\/baxie.ch\\\/fr\\\/#organization\",\"name\":\"BAXIE GmbH\",\"alternateName\":\"BAXIE\",\"url\":\"https:\\\/\\\/baxie.ch\\\/fr\\\/\",\"logo\":{\"@type\":\"ImageObject\",\"inLanguage\":\"fr-FR\",\"@id\":\"https:\\\/\\\/baxie.ch\\\/fr\\\/#\\\/schema\\\/logo\\\/image\\\/\",\"url\":\"https:\\\/\\\/baxie.ch\\\/wp-content\\\/uploads\\\/2024\\\/07\\\/Frame-1.png\",\"contentUrl\":\"https:\\\/\\\/baxie.ch\\\/wp-content\\\/uploads\\\/2024\\\/07\\\/Frame-1.png\",\"width\":2033,\"height\":1764,\"caption\":\"BAXIE GmbH\"},\"image\":{\"@id\":\"https:\\\/\\\/baxie.ch\\\/fr\\\/#\\\/schema\\\/logo\\\/image\\\/\"},\"sameAs\":[\"https:\\\/\\\/x.com\\\/baxie_ch\",\"https:\\\/\\\/www.tiktok.com\\\/@baxie_official\",\"https:\\\/\\\/www.instagram.com\\\/baxie_official\\\/?hl=de\"]}]}<\/script>\n<!-- \/ Yoast SEO plugin. -->","yoast_head_json":{"title":"Font Tote - BAXIE","description":"BAXIE","robots":{"index":"index","follow":"follow","max-snippet":"max-snippet:-1","max-image-preview":"max-image-preview:large","max-video-preview":"max-video-preview:-1"},"canonical":"https:\/\/baxie.ch\/fr\/sacs\/uncategorized\/font-tote\/","og_locale":"fr_FR","og_type":"article","og_title":"Font Tote - BAXIE","og_description":"BAXIE","og_url":"https:\/\/baxie.ch\/fr\/sacs\/uncategorized\/font-tote\/","og_site_name":"BAXIE","article_modified_time":"2025-01-20T09:10:03+00:00","og_image":[{"width":1024,"height":1024,"url":"https:\/\/baxie.ch\/wp-content\/uploads\/2024\/08\/Loewe-Taschenuebersicht-1024x1024.png","type":"image\/png"}],"twitter_card":"summary_large_image","twitter_site":"@baxie_ch","twitter_misc":{"Dur\u00e9e de lecture estim\u00e9e":"2 minutes"},"schema":{"@context":"https:\/\/schema.org","@graph":[{"@type":"WebPage","@id":"https:\/\/baxie.ch\/fr\/sacs\/uncategorized\/font-tote\/","url":"https:\/\/baxie.ch\/fr\/sacs\/uncategorized\/font-tote\/","name":"Font Tote - BAXIE","isPartOf":{"@id":"https:\/\/baxie.ch\/fr\/#website"},"primaryImageOfPage":{"@id":"https:\/\/baxie.ch\/fr\/sacs\/uncategorized\/font-tote\/#primaryimage"},"image":{"@id":"https:\/\/baxie.ch\/fr\/sacs\/uncategorized\/font-tote\/#primaryimage"},"thumbnailUrl":"https:\/\/baxie.ch\/wp-content\/uploads\/2024\/08\/Loewe-Taschenuebersicht.png","datePublished":"2024-08-21T07:11:24+00:00","dateModified":"2025-01-20T09:10:03+00:00","description":"BAXIE","breadcrumb":{"@id":"https:\/\/baxie.ch\/fr\/sacs\/uncategorized\/font-tote\/#breadcrumb"},"inLanguage":"fr-FR","potentialAction":[{"@type":"ReadAction","target":["https:\/\/baxie.ch\/fr\/sacs\/uncategorized\/font-tote\/"]}]},{"@type":"ImageObject","inLanguage":"fr-FR","@id":"https:\/\/baxie.ch\/fr\/sacs\/uncategorized\/font-tote\/#primaryimage","url":"https:\/\/baxie.ch\/wp-content\/uploads\/2024\/08\/Loewe-Taschenuebersicht.png","contentUrl":"https:\/\/baxie.ch\/wp-content\/uploads\/2024\/08\/Loewe-Taschenuebersicht.png","width":3960,"height":3960},{"@type":"BreadcrumbList","@id":"https:\/\/baxie.ch\/fr\/sacs\/uncategorized\/font-tote\/#breadcrumb","itemListElement":[{"@type":"ListItem","position":1,"name":"baxie.ch","item":"https:\/\/baxie.ch\/fr\/"},{"@type":"ListItem","position":2,"name":"Sacs","item":"https:\/\/baxie.ch\/fr\/sacs\/"},{"@type":"ListItem","position":3,"name":"Font Tote"}]},{"@type":"WebSite","@id":"https:\/\/baxie.ch\/fr\/#website","url":"https:\/\/baxie.ch\/fr\/","name":"BAXIE","description":"Bei uns gilt das Motto \u201cSharing is Caring\u201d, denn wir glauben, dass wahre Sch\u00f6nheit im Teilen liegt.","publisher":{"@id":"https:\/\/baxie.ch\/fr\/#organization"},"alternateName":"BAXIE","potentialAction":[{"@type":"SearchAction","target":{"@type":"EntryPoint","urlTemplate":"https:\/\/baxie.ch\/fr\/?s={search_term_string}"},"query-input":{"@type":"PropertyValueSpecification","valueRequired":true,"valueName":"search_term_string"}}],"inLanguage":"fr-FR"},{"@type":"Organization","@id":"https:\/\/baxie.ch\/fr\/#organization","name":"BAXIE GmbH","alternateName":"BAXIE","url":"https:\/\/baxie.ch\/fr\/","logo":{"@type":"ImageObject","inLanguage":"fr-FR","@id":"https:\/\/baxie.ch\/fr\/#\/schema\/logo\/image\/","url":"https:\/\/baxie.ch\/wp-content\/uploads\/2024\/07\/Frame-1.png","contentUrl":"https:\/\/baxie.ch\/wp-content\/uploads\/2024\/07\/Frame-1.png","width":2033,"height":1764,"caption":"BAXIE GmbH"},"image":{"@id":"https:\/\/baxie.ch\/fr\/#\/schema\/logo\/image\/"},"sameAs":["https:\/\/x.com\/baxie_ch","https:\/\/www.tiktok.com\/@baxie_official","https:\/\/www.instagram.com\/baxie_official\/?hl=de"]}]}},"_links":{"self":[{"href":"https:\/\/baxie.ch\/fr\/wp-json\/wp\/v2\/product\/2494","targetHints":{"allow":["GET"]}}],"collection":[{"href":"https:\/\/baxie.ch\/fr\/wp-json\/wp\/v2\/product"}],"about":[{"href":"https:\/\/baxie.ch\/fr\/wp-json\/wp\/v2\/types\/product"}],"wp:featuredmedia":[{"embeddable":true,"href":"https:\/\/baxie.ch\/fr\/wp-json\/wp\/v2\/media\/2516"}],"wp:attachment":[{"href":"https:\/\/baxie.ch\/fr\/wp-json\/wp\/v2\/media?parent=2494"}],"wp:term":[{"taxonomy":"marke","embeddable":true,"href":"https:\/\/baxie.ch\/fr\/wp-json\/wp\/v2\/marke?post=2494"},{"taxonomy":"verfugbarkeit","embeddable":true,"href":"https:\/\/baxie.ch\/fr\/wp-json\/wp\/v2\/verfugbarkeit?post=2494"},{"taxonomy":"product_brand","embeddable":true,"href":"https:\/\/baxie.ch\/fr\/wp-json\/wp\/v2\/product_brand?post=2494"},{"taxonomy":"product_cat","embeddable":true,"href":"https:\/\/baxie.ch\/fr\/wp-json\/wp\/v2\/product_cat?post=2494"},{"taxonomy":"product_tag","embeddable":true,"href":"https:\/\/baxie.ch\/fr\/wp-json\/wp\/v2\/product_tag?post=2494"}],"curies":[{"name":"wp","href":"https:\/\/api.w.org\/{rel}","templated":true}]}}